{"id":68110,"date":"2025-05-01T15:02:03","date_gmt":"2025-05-01T15:02:03","guid":{"rendered":"https:\/\/e.kosmolat.eu\/product\/eclp-pretblaugznu-sampuns-400-ml\/"},"modified":"2026-04-18T12:52:49","modified_gmt":"2026-04-18T12:52:49","slug":"eclp-pretblaugznu-sampuns-400-ml","status":"publish","type":"product","link":"https:\/\/e.kosmolat.eu\/lv\/product\/eclp-pretblaugznu-sampuns-400-ml\/","title":{"rendered":"ECLP Pretblaugznu \u0161amp\u016bns, 400 ml"},"content":{"rendered":"<p>Pretblaugznu \u0161amp\u016bns ECOLATIER\u00ae POWER maigi att\u012bra matus un galvas \u0101du, normaliz\u0113 tauku dziedzeru darb\u012bbu, samazina lob\u012b\u0161anos un nov\u0113r\u0161 blaugznu veido\u0161anos. Saglab\u0101 t\u012br\u012bbas un svaiguma saj\u016btu visas dienas garum\u0101. Piem\u0113rots visiem matu tipiem.<\/p>\n<p>Akt\u012bv\u0101s sast\u0101vda\u013cas: Cinka PCA (cinka s\u0101ls) nov\u0113r\u0161 blaugznu un niezes ra\u0161anos, un tai ir galvas \u0101du nomierino\u0161a iedarb\u012bba. \u017de\u0146\u0161e\u0146a ekstrakts veicina matu aug\u0161anu, toniz\u0113 galvas \u0101du, stiprina matu folikulus un nov\u0113r\u0161 matu izkri\u0161anu.<\/p>\n<p>Lieto\u0161ana: uzkl\u0101t uz mitriem matiem, saputot, izskalot ar siltu \u016bdeni. Tikai \u0101r\u012bgai lieto\u0161anai.<\/p>\n","protected":false},"excerpt":{"rendered":"<p>Pretblaugznu \u0161amp\u016bns ECOLATIER\u00ae POWER maigi att\u012bra matus un galvas \u0101du, normaliz\u0113 tauku dziedzeru darb\u012bbu, samazina lob\u012b\u0161anos un nov\u0113r\u0161 blaugznu veido\u0161anos. Saglab\u0101 t\u012br\u012bbas un svaiguma saj\u016btu visas dienas garum\u0101. Piem\u0113rots visiem matu tipiem. Akt\u012bv\u0101s sast\u0101vda\u013cas: Cinka PCA (cinka s\u0101ls) nov\u0113r\u0161 blaugznu un niezes ra\u0161anos, un tai ir galvas \u0101du nomierino\u0161a iedarb\u012bba. \u017de\u0146\u0161e\u0146a ekstrakts veicina matu aug\u0161anu, [&#8230;]\n","protected":false},"featured_media":93230,"template":"","meta":[],"product_cat":[1248],"product_tag":[],"class_list":{"0":"post-68110","1":"product","2":"type-product","3":"status-publish","4":"has-post-thumbnail","6":"product_brand-ecolab_cs","7":"product_cat-sampuni","9":"first","10":"instock","11":"taxable","12":"shipping-taxable","13":"product-type-simple"},"_links":{"self":[{"href":"https:\/\/e.kosmolat.eu\/lv\/wp-json\/wp\/v2\/product\/68110","targetHints":{"allow":["GET"]}}],"collection":[{"href":"https:\/\/e.kosmolat.eu\/lv\/wp-json\/wp\/v2\/product"}],"about":[{"href":"https:\/\/e.kosmolat.eu\/lv\/wp-json\/wp\/v2\/types\/product"}],"wp:featuredmedia":[{"embeddable":true,"href":"https:\/\/e.kosmolat.eu\/lv\/wp-json\/wp\/v2\/media\/93230"}],"wp:attachment":[{"href":"https:\/\/e.kosmolat.eu\/lv\/wp-json\/wp\/v2\/media?parent=68110"}],"wp:term":[{"taxonomy":"product_cat","embeddable":true,"href":"https:\/\/e.kosmolat.eu\/lv\/wp-json\/wp\/v2\/product_cat?post=68110"},{"taxonomy":"product_tag","embeddable":true,"href":"https:\/\/e.kosmolat.eu\/lv\/wp-json\/wp\/v2\/product_tag?post=68110"}],"curies":[{"name":"wp","href":"https:\/\/api.w.org\/{rel}","templated":true}]}}