{"id":68102,"date":"2025-05-01T15:01:48","date_gmt":"2025-05-01T15:01:48","guid":{"rendered":"https:\/\/e.kosmolat.eu\/product\/eclp-sampuns-un-dusas-zeleja-2-in-1-sport-400-ml\/"},"modified":"2026-04-22T09:37:11","modified_gmt":"2026-04-22T09:37:11","slug":"eclp-sampuns-un-dusas-zeleja-2-in-1-sport-400-ml","status":"publish","type":"product","link":"https:\/\/e.kosmolat.eu\/lv\/product\/eclp-sampuns-un-dusas-zeleja-2-in-1-sport-400-ml\/","title":{"rendered":"ECLP \u0160amp\u016bns un du\u0161as \u017eeleja 2-in-1 Sport, 400 ml"},"content":{"rendered":"<p>2-in-1 \u0161amp\u016bns un du\u0161as \u017eeleja Sport ECOLATIER\u00ae POWER ir ide\u0101ls produkts efekt\u012bvai matu un \u0137erme\u0146a att\u012br\u012b\u0161anai p\u0113c sporta vai akt\u012bvas darba dienas. Tam ir mitrino\u0161a, m\u012bkstino\u0161a un toniz\u0113jo\u0161a iedarb\u012bba. Labi puto un viegli noskalojas. Pie\u0161\u0137ir mo\u017eumu un ener\u0123iju visai dienai.<\/p>\n<p>Akt\u012bv\u0101s sast\u0101vda\u013cas: Laima e\u013c\u013ca normaliz\u0113 tauku dziedzeru darb\u012bbu, toniz\u0113 \u0101du, padara to elast\u012bg\u0101ku un svaig\u0101ku. Bergamotes ekstrakts stiprina matu folikulus, samazina matu trauslumu, nov\u0113r\u0161 retin\u0101\u0161anu un tam ir mitrino\u0161a un atsvaidzino\u0161a iedarb\u012bba uz \u0101du. <\/p>\n<p>Lieto\u0161ana: uzkl\u0101t uz mitriem matiem un \u0101das, saputot un noskalot ar siltu \u016bdeni. Tikai \u0101r\u012bgai lieto\u0161anai.<\/p>\n","protected":false},"excerpt":{"rendered":"<p>2-in-1 \u0161amp\u016bns un du\u0161as \u017eeleja Sport ECOLATIER\u00ae POWER ir ide\u0101ls produkts efekt\u012bvai matu un \u0137erme\u0146a att\u012br\u012b\u0161anai p\u0113c sporta vai akt\u012bvas darba dienas. Tam ir mitrino\u0161a, m\u012bkstino\u0161a un toniz\u0113jo\u0161a iedarb\u012bba. Labi puto un viegli noskalojas. Pie\u0161\u0137ir mo\u017eumu un ener\u0123iju visai dienai. Akt\u012bv\u0101s sast\u0101vda\u013cas: Laima e\u013c\u013ca normaliz\u0113 tauku dziedzeru darb\u012bbu, toniz\u0113 \u0101du, padara to elast\u012bg\u0101ku un svaig\u0101ku. [&#8230;]\n","protected":false},"featured_media":93226,"template":"","meta":[],"product_cat":[1999],"product_tag":[],"class_list":{"0":"post-68102","1":"product","2":"type-product","3":"status-publish","4":"has-post-thumbnail","6":"product_brand-ecolab_cs","7":"product_cat-bez-kategorijas","9":"first","10":"instock","11":"taxable","12":"shipping-taxable","13":"product-type-simple"},"_links":{"self":[{"href":"https:\/\/e.kosmolat.eu\/lv\/wp-json\/wp\/v2\/product\/68102","targetHints":{"allow":["GET"]}}],"collection":[{"href":"https:\/\/e.kosmolat.eu\/lv\/wp-json\/wp\/v2\/product"}],"about":[{"href":"https:\/\/e.kosmolat.eu\/lv\/wp-json\/wp\/v2\/types\/product"}],"wp:featuredmedia":[{"embeddable":true,"href":"https:\/\/e.kosmolat.eu\/lv\/wp-json\/wp\/v2\/media\/93226"}],"wp:attachment":[{"href":"https:\/\/e.kosmolat.eu\/lv\/wp-json\/wp\/v2\/media?parent=68102"}],"wp:term":[{"taxonomy":"product_cat","embeddable":true,"href":"https:\/\/e.kosmolat.eu\/lv\/wp-json\/wp\/v2\/product_cat?post=68102"},{"taxonomy":"product_tag","embeddable":true,"href":"https:\/\/e.kosmolat.eu\/lv\/wp-json\/wp\/v2\/product_tag?post=68102"}],"curies":[{"name":"wp","href":"https:\/\/api.w.org\/{rel}","templated":true}]}}