{"id":67964,"date":"2025-05-01T04:34:17","date_gmt":"2025-05-01T04:34:17","guid":{"rendered":"https:\/\/e.kosmolat.eu\/product\/cl-losjons-acu-kosm-nonemsanai-100-ml\/"},"modified":"2025-09-19T17:05:56","modified_gmt":"2025-09-19T17:05:56","slug":"cl-losjons-acu-kosm-nonemsanai-100-ml","status":"publish","type":"product","link":"https:\/\/e.kosmolat.eu\/lv\/product\/cl-losjons-acu-kosm-nonemsanai-100-ml\/","title":{"rendered":"CL  Losjons acu kosm. no\u0146em\u0161anai, 100 ml"},"content":{"rendered":"<p>Losjons makij\u0101\u017eas no\u0146em\u0161anai no plaksti\u0146iem ar kokvilnas ekstraktu. Saudz\u012bga acu \u0101das att\u012br\u012b\u0161ana.&nbsp;<\/p>\n<p>Nature Plus esence &ndash; 5 ekstrakti un e\u013c\u013cas: &nbsp;verbenas, peonijas, mande\u013cu e\u013c\u013cas, line\u013c\u013cas un ol\u012bve\u013c\u013cas ekstrakti.&nbsp;<br \/>\nKokvilnas ekstrakts kopj maigo acu \u0101du, stiprina skropstas.<\/p>\n<p><strong>Lieto\u0161ana:<\/strong> samitriniet vates disku un saudz\u012bgi not\u012briet \u0101du. Makij\u0101\u017eas no\u0146em\u0161anas laik\u0101 izvairieties no l\u012bdzek\u013ca iek\u013c\u016b\u0161anas ac\u012bs.<\/p>\n<p>Ir pie\u013caujamas nelielas nogulsnes sakar\u0101 ar dab\u012bg\u0101m l\u012bdzek\u013ca sast\u0101vda\u013c\u0101m. Tas neietekm\u0113 produkta kvalit\u0101ti un dro\u0161umu. Ieteicams sakrat\u012bt pudel\u012bti pirms lieto\u0161anas.&nbsp;<\/p>\n","protected":false},"excerpt":{"rendered":"<p>Losjons makij\u0101\u017eas no\u0146em\u0161anai no plaksti\u0146iem ar kokvilnas ekstraktu. Saudz\u012bga acu \u0101das att\u012br\u012b\u0161ana.&nbsp; Nature Plus esence &ndash; 5 ekstrakti un e\u013c\u013cas: &nbsp;verbenas, peonijas, mande\u013cu e\u013c\u013cas, line\u013c\u013cas un ol\u012bve\u013c\u013cas ekstrakti.&nbsp; Kokvilnas ekstrakts kopj maigo acu \u0101du, stiprina skropstas. Lieto\u0161ana: samitriniet vates disku un saudz\u012bgi not\u012briet \u0101du. Makij\u0101\u017eas no\u0146em\u0161anas laik\u0101 izvairieties no l\u012bdzek\u013ca iek\u013c\u016b\u0161anas ac\u012bs. Ir pie\u013caujamas nelielas [&#8230;]\n","protected":false},"featured_media":80454,"template":"","meta":[],"product_cat":[1578],"product_tag":[],"class_list":{"0":"post-67964","1":"product","2":"type-product","3":"status-publish","4":"has-post-thumbnail","6":"product_brand-unilever-rus","7":"product_cat-losjoni-un-toniki","9":"first","10":"outofstock","11":"taxable","12":"shipping-taxable","13":"product-type-simple"},"_links":{"self":[{"href":"https:\/\/e.kosmolat.eu\/lv\/wp-json\/wp\/v2\/product\/67964","targetHints":{"allow":["GET"]}}],"collection":[{"href":"https:\/\/e.kosmolat.eu\/lv\/wp-json\/wp\/v2\/product"}],"about":[{"href":"https:\/\/e.kosmolat.eu\/lv\/wp-json\/wp\/v2\/types\/product"}],"wp:featuredmedia":[{"embeddable":true,"href":"https:\/\/e.kosmolat.eu\/lv\/wp-json\/wp\/v2\/media\/80454"}],"wp:attachment":[{"href":"https:\/\/e.kosmolat.eu\/lv\/wp-json\/wp\/v2\/media?parent=67964"}],"wp:term":[{"taxonomy":"product_cat","embeddable":true,"href":"https:\/\/e.kosmolat.eu\/lv\/wp-json\/wp\/v2\/product_cat?post=67964"},{"taxonomy":"product_tag","embeddable":true,"href":"https:\/\/e.kosmolat.eu\/lv\/wp-json\/wp\/v2\/product_tag?post=67964"}],"curies":[{"name":"wp","href":"https:\/\/api.w.org\/{rel}","templated":true}]}}