{"id":67920,"date":"2025-04-30T12:37:11","date_gmt":"2025-04-30T12:37:11","guid":{"rendered":"https:\/\/e.kosmolat.eu\/product\/ecl-organic-coconut-matu-maska-baros-un-atjaunos-250-ml\/"},"modified":"2026-04-17T08:44:24","modified_gmt":"2026-04-17T08:44:24","slug":"ecl-organic-coconut-matu-maska-baros-un-atjaunos-250-ml","status":"publish","type":"product","link":"https:\/\/e.kosmolat.eu\/lv\/product\/ecl-organic-coconut-matu-maska-baros-un-atjaunos-250-ml\/","title":{"rendered":"ECL Organic Coconut Matu maska Baro\u0161. un atjauno\u0161., 250 ml"},"content":{"rendered":"<p>Maska ECOLATIER\u00ae Organic Coconut, bag\u0101ta ar organisk\u0101m augu bar\u012bbas viel\u0101m, iek\u013c\u016bst matu strukt\u016br\u0101, bag\u0101tina tos ar mikroelementiem un vitam\u012bniem, efekt\u012bvi atjauno vis\u0101 garum\u0101 un aizsarg\u0101 pret trauslumu. Pal\u012bdz atdz\u012bvin\u0101t sausus, izsl\u0101pu\u0161us matus, pie\u0161\u0137irot tiem mirdzumu. Piem\u0113rota visiem matu tipiem, draudz\u012bga veg\u0101niem.<\/p>\n<p>Organisk\u0101 sast\u0101vda\u013ca: Organisk\u0101 kokosriekstu e\u013c\u013ca ir auksti spiesta no svaigiem, organiskiem kokosriekstiem un ir bag\u0101ta ar E vitam\u012bnu un neaizst\u0101jam\u0101m tauksk\u0101b\u0113m. Efekt\u012bvi mitrina matus, atjauno \u0161\u0137eltos matu galus un pa\u0101trina matu aug\u0161anu. Kosm\u0113tika ar kokosriekstu e\u013c\u013cu padar\u012bs j\u016bsu matus greznus.<\/p>\n<p>Akt\u012bv\u0101s sast\u0101vda\u013cas: Augu prote\u012bns atjauno un stiprina matus, nodro\u0161inot intens\u012bvu baro\u0161anu no sakn\u0113m l\u012bdz galiem. Aminosk\u0101bes baro, mitrina un nov\u0113r\u0161 matu l\u016b\u0161anu un izkri\u0161anu. \u0160\u012b sviests stiprina un aktiviz\u0113 matu aug\u0161anu. <\/p>\n<p>Lieto\u0161ana: uzkl\u0101t uz mitriem matiem, atst\u0101t uz 2\u20135 min\u016bt\u0113m, p\u0113c tam r\u016bp\u012bgi izskalot ar siltu \u016bdeni. Tikai \u0101r\u012bgai lieto\u0161anai.<\/p>\n","protected":false},"excerpt":{"rendered":"<p>Maska ECOLATIER\u00ae Organic Coconut, bag\u0101ta ar organisk\u0101m augu bar\u012bbas viel\u0101m, iek\u013c\u016bst matu strukt\u016br\u0101, bag\u0101tina tos ar mikroelementiem un vitam\u012bniem, efekt\u012bvi atjauno vis\u0101 garum\u0101 un aizsarg\u0101 pret trauslumu. Pal\u012bdz atdz\u012bvin\u0101t sausus, izsl\u0101pu\u0161us matus, pie\u0161\u0137irot tiem mirdzumu. Piem\u0113rota visiem matu tipiem, draudz\u012bga veg\u0101niem. Organisk\u0101 sast\u0101vda\u013ca: Organisk\u0101 kokosriekstu e\u013c\u013ca ir auksti spiesta no svaigiem, organiskiem kokosriekstiem un ir [&#8230;]\n","protected":false},"featured_media":93258,"template":"","meta":[],"product_cat":[1254],"product_tag":[],"class_list":{"0":"post-67920","1":"product","2":"type-product","3":"status-publish","4":"has-post-thumbnail","6":"product_brand-ecolab_cs","7":"product_cat-maskas-matiem","9":"first","10":"instock","11":"taxable","12":"shipping-taxable","13":"product-type-simple"},"_links":{"self":[{"href":"https:\/\/e.kosmolat.eu\/lv\/wp-json\/wp\/v2\/product\/67920","targetHints":{"allow":["GET"]}}],"collection":[{"href":"https:\/\/e.kosmolat.eu\/lv\/wp-json\/wp\/v2\/product"}],"about":[{"href":"https:\/\/e.kosmolat.eu\/lv\/wp-json\/wp\/v2\/types\/product"}],"wp:featuredmedia":[{"embeddable":true,"href":"https:\/\/e.kosmolat.eu\/lv\/wp-json\/wp\/v2\/media\/93258"}],"wp:attachment":[{"href":"https:\/\/e.kosmolat.eu\/lv\/wp-json\/wp\/v2\/media?parent=67920"}],"wp:term":[{"taxonomy":"product_cat","embeddable":true,"href":"https:\/\/e.kosmolat.eu\/lv\/wp-json\/wp\/v2\/product_cat?post=67920"},{"taxonomy":"product_tag","embeddable":true,"href":"https:\/\/e.kosmolat.eu\/lv\/wp-json\/wp\/v2\/product_tag?post=67920"}],"curies":[{"name":"wp","href":"https:\/\/api.w.org\/{rel}","templated":true}]}}