{"id":67916,"date":"2025-04-30T12:07:11","date_gmt":"2025-04-30T12:07:11","guid":{"rendered":"https:\/\/e.kosmolat.eu\/product\/ecl-shampoo-scrub-nutrition-recovery-organic-coconut-300-g\/"},"modified":"2026-04-15T09:59:35","modified_gmt":"2026-04-15T09:59:35","slug":"ecl-organic-coconut-samp-skrubis-barosana-un-atjaunosana-300-g","status":"publish","type":"product","link":"https:\/\/e.kosmolat.eu\/lv\/product\/ecl-organic-coconut-samp-skrubis-barosana-un-atjaunosana-300-g\/","title":{"rendered":"ECL Organic Coconut \u0161amp.-skrubis Baro\u0161ana un atjauno\u0161ana, 300 g"},"content":{"rendered":"<p>\u0160amp\u016bns-skrubis ECOLATIER\u00ae Organic Coconut apvieno efekt\u012bvu un maigu galvas \u0101das att\u012br\u012b\u0161anu ar intens\u012bvu kop\u0161anu. Skrub\u0113jo\u0161ie komponenti nodro\u0161ina mikromas\u0101\u017eu, saudz\u012bgu att\u012br\u012b\u0161anu un veicina \u0161\u016bnu atjauno\u0161anos. Piem\u0113rots visiem matu tipiem un draudz\u012bgs veg\u0101niem.<\/p>\n<p>Organisk\u0101 sast\u0101vda\u013ca: Organisk\u0101 kokosriekstu e\u013c\u013ca ir auksti spiesta no svaigiem, organiskiem kokosriekstiem un ir bag\u0101ta ar E vitam\u012bnu un neaizst\u0101jam\u0101m tauksk\u0101b\u0113m. Efekt\u012bvi mitrina matus, atjauno \u0161\u0137eltos matu galus un pa\u0101trina matu aug\u0161anu. Kosm\u0113tika ar kokosriekstu e\u013c\u013cu padar\u012bs j\u016bsu matus greznus.<\/p>\n<p>Akt\u012bv\u0101s sast\u0101vda\u013cas: J\u016bras s\u0101ls maigi noloba galvas \u0101du, bag\u0101tina to ar miner\u0101lviel\u0101m un mikroelementiem, aktiviz\u0113 epidermas atjauno\u0161anos. \u012alang\u012blanga \u016bdens stiprina matu folikulus un aizsarg\u0101 matus no negat\u012bvas \u0101r\u0113jo faktoru ietekmes. Aminosk\u0101bes baro, mitrina un nov\u0113r\u0161 matu l\u016b\u0161anu un izkri\u0161anu.<\/p>\n<p>Lieto\u0161ana: uzkl\u0101jiet uz galvas \u0101das un matiem, maigi iemas\u0113jiet un noskalojiet ar siltu \u016bdeni. Tikai \u0101r\u012bgai lieto\u0161anai.<\/p>\n","protected":false},"excerpt":{"rendered":"<p>\u0160amp\u016bns-skrubis ECOLATIER\u00ae Organic Coconut apvieno efekt\u012bvu un maigu galvas \u0101das att\u012br\u012b\u0161anu ar intens\u012bvu kop\u0161anu. Skrub\u0113jo\u0161ie komponenti nodro\u0161ina mikromas\u0101\u017eu, saudz\u012bgu att\u012br\u012b\u0161anu un veicina \u0161\u016bnu atjauno\u0161anos. Piem\u0113rots visiem matu tipiem un draudz\u012bgs veg\u0101niem. Organisk\u0101 sast\u0101vda\u013ca: Organisk\u0101 kokosriekstu e\u013c\u013ca ir auksti spiesta no svaigiem, organiskiem kokosriekstiem un ir bag\u0101ta ar E vitam\u012bnu un neaizst\u0101jam\u0101m tauksk\u0101b\u0113m. Efekt\u012bvi mitrina matus, [&#8230;]\n","protected":false},"featured_media":93238,"template":"","meta":[],"product_cat":[1999],"product_tag":[],"class_list":{"0":"post-67916","1":"product","2":"type-product","3":"status-publish","4":"has-post-thumbnail","6":"product_brand-ecolab_cs","7":"product_cat-bez-kategorijas","9":"first","10":"instock","11":"taxable","12":"shipping-taxable","13":"product-type-simple"},"_links":{"self":[{"href":"https:\/\/e.kosmolat.eu\/lv\/wp-json\/wp\/v2\/product\/67916","targetHints":{"allow":["GET"]}}],"collection":[{"href":"https:\/\/e.kosmolat.eu\/lv\/wp-json\/wp\/v2\/product"}],"about":[{"href":"https:\/\/e.kosmolat.eu\/lv\/wp-json\/wp\/v2\/types\/product"}],"wp:featuredmedia":[{"embeddable":true,"href":"https:\/\/e.kosmolat.eu\/lv\/wp-json\/wp\/v2\/media\/93238"}],"wp:attachment":[{"href":"https:\/\/e.kosmolat.eu\/lv\/wp-json\/wp\/v2\/media?parent=67916"}],"wp:term":[{"taxonomy":"product_cat","embeddable":true,"href":"https:\/\/e.kosmolat.eu\/lv\/wp-json\/wp\/v2\/product_cat?post=67916"},{"taxonomy":"product_tag","embeddable":true,"href":"https:\/\/e.kosmolat.eu\/lv\/wp-json\/wp\/v2\/product_tag?post=67916"}],"curies":[{"name":"wp","href":"https:\/\/api.w.org\/{rel}","templated":true}]}}