{"id":67908,"date":"2025-04-30T10:36:46","date_gmt":"2025-04-30T10:36:46","guid":{"rendered":"https:\/\/e.kosmolat.eu\/product\/ecl-shower-oil-nutrition-recovery-organic-coconut-250-ml\/"},"modified":"2026-04-17T06:21:47","modified_gmt":"2026-04-17T06:21:47","slug":"ecl-organic-coconut-dusas-ella-baros-un-atjaun-250-ml","status":"publish","type":"product","link":"https:\/\/e.kosmolat.eu\/lv\/product\/ecl-organic-coconut-dusas-ella-baros-un-atjaun-250-ml\/","title":{"rendered":"ECL Organic Coconut Du\u0161as e\u013cla Baro\u0161. un atjaun., 250 ml"},"content":{"rendered":"<p>Du\u0161as e\u013c\u013ca ECOLATIER\u00ae Organic Coconut ir balst\u012bta uz dab\u012bg\u0101m un organisk\u0101m sast\u0101vda\u013c\u0101m. T\u0101 maigi att\u012bra un toniz\u0113 \u0101du, saskar\u0113 ar \u016bdeni p\u0101rv\u0113r\u0161oties z\u012bdain\u0101s put\u0101s. No\u0146em stresu un nogurumu. \u0100da k\u013c\u016bst z\u012bdaini gluda, vesel\u012bga, mitrin\u0101ta un pat\u012bkami smar\u017eo. Piem\u0113rota visiem \u0101das tipiem un draudz\u012bga veg\u0101niem.<\/p>\n<p>Organisk\u0101 sast\u0101vda\u013ca: Organisk\u0101 kokosriekstu e\u013c\u013ca ir auksti spiesta no svaigiem, organiskiem kokosriekstiem un ir bag\u0101ta ar vitam\u012bniem un neaizst\u0101jam\u0101m tauksk\u0101b\u0113m. Stiprina \u0101das aizsargbarjeru un nov\u0113r\u0161 dehidr\u0101ciju un \u0101das raupjumu. Efekt\u012bvi mitrina un baro \u0101du. Kosm\u0113tika ar kokosriekstu e\u013c\u013cu padar\u012bs j\u016bsu \u0101du elast\u012bgu.<\/p>\n<p>Akt\u012bv\u0101s sast\u0101vda\u013cas: \u012alang\u012blanga \u016bdens toniz\u0113, m\u012bkstina un atjauno \u0101du. Aminosk\u0101bes mitrina \u0101du un nodro\u0161ina antioksidanta funkcijas, atjaunojot \u0101das \u0161\u016bnas . <\/p>\n<p>Lieto\u0161ana: uzkl\u0101t uz mitras \u0101das, noskalot ar siltu \u016bdeni. Tikai \u0101r\u012bgai lieto\u0161anai.<\/p>\n","protected":false},"excerpt":{"rendered":"<p>Du\u0161as e\u013c\u013ca ECOLATIER\u00ae Organic Coconut ir balst\u012bta uz dab\u012bg\u0101m un organisk\u0101m sast\u0101vda\u013c\u0101m. T\u0101 maigi att\u012bra un toniz\u0113 \u0101du, saskar\u0113 ar \u016bdeni p\u0101rv\u0113r\u0161oties z\u012bdain\u0101s put\u0101s. No\u0146em stresu un nogurumu. \u0100da k\u013c\u016bst z\u012bdaini gluda, vesel\u012bga, mitrin\u0101ta un pat\u012bkami smar\u017eo. Piem\u0113rota visiem \u0101das tipiem un draudz\u012bga veg\u0101niem. Organisk\u0101 sast\u0101vda\u013ca: Organisk\u0101 kokosriekstu e\u013c\u013ca ir auksti spiesta no svaigiem, organiskiem [&#8230;]\n","protected":false},"featured_media":93222,"template":"","meta":[],"product_cat":[1999],"product_tag":[],"class_list":{"0":"post-67908","1":"product","2":"type-product","3":"status-publish","4":"has-post-thumbnail","6":"product_brand-ecolab_cs","7":"product_cat-bez-kategorijas","9":"first","10":"instock","11":"taxable","12":"shipping-taxable","13":"product-type-simple"},"_links":{"self":[{"href":"https:\/\/e.kosmolat.eu\/lv\/wp-json\/wp\/v2\/product\/67908","targetHints":{"allow":["GET"]}}],"collection":[{"href":"https:\/\/e.kosmolat.eu\/lv\/wp-json\/wp\/v2\/product"}],"about":[{"href":"https:\/\/e.kosmolat.eu\/lv\/wp-json\/wp\/v2\/types\/product"}],"wp:featuredmedia":[{"embeddable":true,"href":"https:\/\/e.kosmolat.eu\/lv\/wp-json\/wp\/v2\/media\/93222"}],"wp:attachment":[{"href":"https:\/\/e.kosmolat.eu\/lv\/wp-json\/wp\/v2\/media?parent=67908"}],"wp:term":[{"taxonomy":"product_cat","embeddable":true,"href":"https:\/\/e.kosmolat.eu\/lv\/wp-json\/wp\/v2\/product_cat?post=67908"},{"taxonomy":"product_tag","embeddable":true,"href":"https:\/\/e.kosmolat.eu\/lv\/wp-json\/wp\/v2\/product_tag?post=67908"}],"curies":[{"name":"wp","href":"https:\/\/api.w.org\/{rel}","templated":true}]}}