{"id":67903,"date":"2025-04-30T10:20:30","date_gmt":"2025-04-30T10:20:30","guid":{"rendered":"https:\/\/e.kosmolat.eu\/product\/ecl-hair-balm-nutrition-recovery-organic-coconut-250-ml\/"},"modified":"2026-04-17T08:44:10","modified_gmt":"2026-04-17T08:44:10","slug":"ecl-organic-coconut-balzams-baros-un-atjaunos-250-ml","status":"publish","type":"product","link":"https:\/\/e.kosmolat.eu\/lv\/product\/ecl-organic-coconut-balzams-baros-un-atjaunos-250-ml\/","title":{"rendered":"ECL Organic Coconut Balzams Baro\u0161. un atjauno\u0161., 250 ml"},"content":{"rendered":"<p>Balzams ECOLATIER\u00ae Organic Coconut ar unik\u0101lu formulu un organisk\u0101m sast\u0101vda\u013c\u0101m kopj matus, aiztur mitrumu un izl\u012bdzina pat nepaklaus\u012bgus matus. Pal\u012bdz optimiz\u0113t mitruma l\u012bdzsvaru, lai mati izskat\u012btos vesel\u012bgi, un nov\u0113r\u0161 to l\u016b\u0161anu n\u0101kotn\u0113. Dro\u0161s visiem matu tipiem un draudz\u012bgs veg\u0101niem.<\/p>\n<p>Organisk\u0101 sast\u0101vda\u013ca: Organisk\u0101 kokosriekstu e\u013c\u013ca ir auksti spiesta no svaigiem, organiskiem kokosriekstiem un ir bag\u0101ta ar E vitam\u012bnu un neaizst\u0101jam\u0101m tauksk\u0101b\u0113m. Efekt\u012bvi mitrina matus, atjauno \u0161\u0137eltos matu galus un pa\u0101trina matu aug\u0161anu. Kosm\u0113tika ar kokosriekstu e\u013c\u013cu padar\u012bs j\u016bsu matus greznus.<\/p>\n<p>Akt\u012bv\u0101s sast\u0101vda\u013cas: Augu prote\u012bni atjauno un stiprina matus, nodro\u0161ina intens\u012bvu baro\u0161anu no sakn\u0113m l\u012bdz galiem. \u012alang\u012blanga \u016bdens aizsarg\u0101 matus no \u0101r\u0113jo faktoru negat\u012bv\u0101s ietekmes. Aminosk\u0101bes baro, mitrina un nov\u0113r\u0161 matu l\u016b\u0161anu un izkri\u0161anu.<\/p>\n<p>Lieto\u0161ana: uzkl\u0101t uz mitriem matiem. Atst\u0101t uz 1-2 min\u016bt\u0113m, noskalot ar siltu \u016bdeni. Tikai \u0101r\u012bgai lieto\u0161anai.<\/p>\n","protected":false},"excerpt":{"rendered":"<p>Balzams ECOLATIER\u00ae Organic Coconut ar unik\u0101lu formulu un organisk\u0101m sast\u0101vda\u013c\u0101m kopj matus, aiztur mitrumu un izl\u012bdzina pat nepaklaus\u012bgus matus. Pal\u012bdz optimiz\u0113t mitruma l\u012bdzsvaru, lai mati izskat\u012btos vesel\u012bgi, un nov\u0113r\u0161 to l\u016b\u0161anu n\u0101kotn\u0113. Dro\u0161s visiem matu tipiem un draudz\u012bgs veg\u0101niem. Organisk\u0101 sast\u0101vda\u013ca: Organisk\u0101 kokosriekstu e\u013c\u013ca ir auksti spiesta no svaigiem, organiskiem kokosriekstiem un ir bag\u0101ta ar [&#8230;]\n","protected":false},"featured_media":93218,"template":"","meta":[],"product_cat":[1638],"product_tag":[],"class_list":{"0":"post-67903","1":"product","2":"type-product","3":"status-publish","4":"has-post-thumbnail","6":"product_brand-ecolab_cs","7":"product_cat-balzami","9":"first","10":"instock","11":"taxable","12":"shipping-taxable","13":"product-type-simple"},"_links":{"self":[{"href":"https:\/\/e.kosmolat.eu\/lv\/wp-json\/wp\/v2\/product\/67903","targetHints":{"allow":["GET"]}}],"collection":[{"href":"https:\/\/e.kosmolat.eu\/lv\/wp-json\/wp\/v2\/product"}],"about":[{"href":"https:\/\/e.kosmolat.eu\/lv\/wp-json\/wp\/v2\/types\/product"}],"wp:featuredmedia":[{"embeddable":true,"href":"https:\/\/e.kosmolat.eu\/lv\/wp-json\/wp\/v2\/media\/93218"}],"wp:attachment":[{"href":"https:\/\/e.kosmolat.eu\/lv\/wp-json\/wp\/v2\/media?parent=67903"}],"wp:term":[{"taxonomy":"product_cat","embeddable":true,"href":"https:\/\/e.kosmolat.eu\/lv\/wp-json\/wp\/v2\/product_cat?post=67903"},{"taxonomy":"product_tag","embeddable":true,"href":"https:\/\/e.kosmolat.eu\/lv\/wp-json\/wp\/v2\/product_tag?post=67903"}],"curies":[{"name":"wp","href":"https:\/\/api.w.org\/{rel}","templated":true}]}}