{"id":67899,"date":"2025-04-30T09:51:10","date_gmt":"2025-04-30T09:51:10","guid":{"rendered":"https:\/\/e.kosmolat.eu\/product\/ecl-hair-shampoo-nutrition-recovery-organic-coconut-250-ml\/"},"modified":"2026-04-22T09:36:53","modified_gmt":"2026-04-22T09:36:53","slug":"ecl-organic-coconut-samp-baros-un-atjaunos-250-ml","status":"publish","type":"product","link":"https:\/\/e.kosmolat.eu\/lv\/product\/ecl-organic-coconut-samp-baros-un-atjaunos-250-ml\/","title":{"rendered":"ECL Organic Coconut \u0160amp. Baro\u0161. un atjauno\u0161., 250 ml"},"content":{"rendered":"<p>\u0160amp\u016bns ECOLATIER\u00ae Organic Coconut ir balst\u012bts uz dab\u012bg\u0101m un organisk\u0101m sast\u0101vda\u013c\u0101m, maigi att\u012bra matus un r\u016bp\u012bgi kopj galvas \u0101du. Dro\u0161s visiem matu tipiem un draudz\u012bgs veg\u0101niem.<\/p>\n<p>Organisk\u0101 sast\u0101vda\u013ca: Organisk\u0101 kokosriekstu e\u013c\u013ca ir auksti spiesta no svaigiem, organiskiem kokosriekstiem un ir bag\u0101ta ar E vitam\u012bnu un neaizst\u0101jam\u0101m tauksk\u0101b\u0113m. Efekt\u012bvi mitrina matus, atjauno \u0161\u0137eltos matu galus un pa\u0101trina matu aug\u0161anu. Kosm\u0113tika ar kokosriekstu e\u013c\u013cu padar\u012bs j\u016bsu matus greznus.<\/p>\n<p>Akt\u012bv\u0101s sast\u0101vda\u013cas: Augu prote\u012bni  atjauno un nodro\u0161ina intens\u012bvu baro\u0161anu no sakn\u0113m l\u012bdz galiem, stiprina matus un toniz\u0113 galvas \u0101du. \u012alang\u012blanga \u016bdens stiprina matu folikulus, aizsarg\u0101 matus no apk\u0101rt\u0113j\u0101s vides negat\u012bv\u0101s ietekmes. Aminosk\u0101bes baro, mitrina un nov\u0113r\u0161 matu l\u016b\u0161anu un izkri\u0161anu.<\/p>\n<p>Lieto\u0161ana: uzkl\u0101t uz mitriem matiem, saputot, izskalot ar siltu \u016bdeni. Tikai \u0101r\u012bgai lieto\u0161anai.<\/p>\n","protected":false},"excerpt":{"rendered":"<p>\u0160amp\u016bns ECOLATIER\u00ae Organic Coconut ir balst\u012bts uz dab\u012bg\u0101m un organisk\u0101m sast\u0101vda\u013c\u0101m, maigi att\u012bra matus un r\u016bp\u012bgi kopj galvas \u0101du. Dro\u0161s visiem matu tipiem un draudz\u012bgs veg\u0101niem. Organisk\u0101 sast\u0101vda\u013ca: Organisk\u0101 kokosriekstu e\u013c\u013ca ir auksti spiesta no svaigiem, organiskiem kokosriekstiem un ir bag\u0101ta ar E vitam\u012bnu un neaizst\u0101jam\u0101m tauksk\u0101b\u0113m. Efekt\u012bvi mitrina matus, atjauno \u0161\u0137eltos matu galus un [&#8230;]\n","protected":false},"featured_media":93214,"template":"","meta":[],"product_cat":[1999],"product_tag":[],"class_list":{"0":"post-67899","1":"product","2":"type-product","3":"status-publish","4":"has-post-thumbnail","6":"product_brand-ecolab_cs","7":"product_cat-bez-kategorijas","9":"first","10":"instock","11":"taxable","12":"shipping-taxable","13":"product-type-simple"},"_links":{"self":[{"href":"https:\/\/e.kosmolat.eu\/lv\/wp-json\/wp\/v2\/product\/67899","targetHints":{"allow":["GET"]}}],"collection":[{"href":"https:\/\/e.kosmolat.eu\/lv\/wp-json\/wp\/v2\/product"}],"about":[{"href":"https:\/\/e.kosmolat.eu\/lv\/wp-json\/wp\/v2\/types\/product"}],"wp:featuredmedia":[{"embeddable":true,"href":"https:\/\/e.kosmolat.eu\/lv\/wp-json\/wp\/v2\/media\/93214"}],"wp:attachment":[{"href":"https:\/\/e.kosmolat.eu\/lv\/wp-json\/wp\/v2\/media?parent=67899"}],"wp:term":[{"taxonomy":"product_cat","embeddable":true,"href":"https:\/\/e.kosmolat.eu\/lv\/wp-json\/wp\/v2\/product_cat?post=67899"},{"taxonomy":"product_tag","embeddable":true,"href":"https:\/\/e.kosmolat.eu\/lv\/wp-json\/wp\/v2\/product_tag?post=67899"}],"curies":[{"name":"wp","href":"https:\/\/api.w.org\/{rel}","templated":true}]}}