{"id":67891,"date":"2025-04-30T09:16:30","date_gmt":"2025-04-30T09:16:30","guid":{"rendered":"https:\/\/e.kosmolat.eu\/product\/jigott-black-snail-auduma-sejas-maska-ar-gliem-mucina-ekstr-27-ml\/"},"modified":"2026-04-21T06:33:28","modified_gmt":"2026-04-21T06:33:28","slug":"jigott-black-snail-auduma-sejas-maska-ar-gliem-mucina-ekstr-27-ml","status":"publish","type":"product","link":"https:\/\/e.kosmolat.eu\/lv\/product\/jigott-black-snail-auduma-sejas-maska-ar-gliem-mucina-ekstr-27-ml\/","title":{"rendered":"JIGOTT Black Snail Auduma sejas maska ar gliem. muc\u012bna ekstr., 27 ml"},"content":{"rendered":"<p>Melno glieme\u017eu muc\u012bna ampulas maska efekt\u012bvi mitrina un baro \u0101du. T\u0101s sast\u0101v\u0101 ir glieme\u017eu sekr\u0113ta filtr\u0101ts (27 mg) un vakara pr\u012bmulas ekstrakts, kas pie\u0161\u0137ir atsvaidzino\u0161u un mitrino\u0161u saj\u016btu. Bag\u0101tin\u0101ta ar priedes, kam\u0113lijas s\u0113klu, kudzu saknes, za\u013c\u0101s t\u0113jas un gobas ekstraktiem, maska maigi izl\u012bdzina \u0101du un nodro\u0161ina t\u0101s t\u012bru un vesel\u012bgu izskatu.<\/p>\n<p>Lieto\u0161ana: not\u012briet un nosusiniet sejas \u0101du. Iz\u0146emiet masku no iepakojuma un uzkl\u0101jiet uz sejas \u0101das. Paturiet masku 15-20 min\u016btes, p\u0113c tam uzman\u012bgi no\u0146emiet. Ar maig\u0101m kust\u012bb\u0101m iemas\u0113jiet produkta paliekas \u0101d\u0101. Maska paredz\u0113ta vienai lieto\u0161anas reizei.<\/p>\n<p>Piesardz\u012bbas pas\u0101kumi: Ja rodas izsitumi, piet\u016bkums, nieze vai kairin\u0101jums, p\u0101rtrauciet maskas lieto\u0161anu un konsult\u0113jieties ar dermatologu. Ja iek\u013c\u016bst ac\u012bs, r\u016bp\u012bgi izskalojiet ar \u016bdeni.<\/p>\n<p>Uzglab\u0101t b\u0113rniem nepieejam\u0101 viet\u0101, temperat\u016br\u0101 no +5 \u00b0\u0421 l\u012bdz +25 \u00b0\u0421 sarg\u0101jot no tie\u0161iem saules stariem, siltuma avotiem.<\/p>\n","protected":false},"excerpt":{"rendered":"<p>Melno glieme\u017eu muc\u012bna ampulas maska efekt\u012bvi mitrina un baro \u0101du. T\u0101s sast\u0101v\u0101 ir glieme\u017eu sekr\u0113ta filtr\u0101ts (27 mg) un vakara pr\u012bmulas ekstrakts, kas pie\u0161\u0137ir atsvaidzino\u0161u un mitrino\u0161u saj\u016btu. Bag\u0101tin\u0101ta ar priedes, kam\u0113lijas s\u0113klu, kudzu saknes, za\u013c\u0101s t\u0113jas un gobas ekstraktiem, maska maigi izl\u012bdzina \u0101du un nodro\u0161ina t\u0101s t\u012bru un vesel\u012bgu izskatu. Lieto\u0161ana: not\u012briet un nosusiniet [&#8230;]\n","protected":false},"featured_media":97030,"template":"","meta":[],"product_cat":[1367],"product_tag":[],"class_list":{"0":"post-67891","1":"product","2":"type-product","3":"status-publish","4":"has-post-thumbnail","6":"product_brand-replay_kr","7":"product_cat-sejas-maskas","9":"first","10":"outofstock","11":"taxable","12":"shipping-taxable","13":"product-type-simple"},"_links":{"self":[{"href":"https:\/\/e.kosmolat.eu\/lv\/wp-json\/wp\/v2\/product\/67891","targetHints":{"allow":["GET"]}}],"collection":[{"href":"https:\/\/e.kosmolat.eu\/lv\/wp-json\/wp\/v2\/product"}],"about":[{"href":"https:\/\/e.kosmolat.eu\/lv\/wp-json\/wp\/v2\/types\/product"}],"wp:featuredmedia":[{"embeddable":true,"href":"https:\/\/e.kosmolat.eu\/lv\/wp-json\/wp\/v2\/media\/97030"}],"wp:attachment":[{"href":"https:\/\/e.kosmolat.eu\/lv\/wp-json\/wp\/v2\/media?parent=67891"}],"wp:term":[{"taxonomy":"product_cat","embeddable":true,"href":"https:\/\/e.kosmolat.eu\/lv\/wp-json\/wp\/v2\/product_cat?post=67891"},{"taxonomy":"product_tag","embeddable":true,"href":"https:\/\/e.kosmolat.eu\/lv\/wp-json\/wp\/v2\/product_tag?post=67891"}],"curies":[{"name":"wp","href":"https:\/\/api.w.org\/{rel}","templated":true}]}}