{"id":67867,"date":"2025-04-30T09:15:41","date_gmt":"2025-04-30T09:15:41","guid":{"rendered":"https:\/\/e.kosmolat.eu\/product\/jigott-caviar-auduma-sejas-maska-ar-ikru-ekstraktu-27-ml\/"},"modified":"2026-04-21T06:32:25","modified_gmt":"2026-04-21T06:32:25","slug":"jigott-caviar-auduma-sejas-maska-ar-ikru-ekstraktu-27-ml","status":"publish","type":"product","link":"https:\/\/e.kosmolat.eu\/lv\/product\/jigott-caviar-auduma-sejas-maska-ar-ikru-ekstraktu-27-ml\/","title":{"rendered":"JIGOTT Caviar Auduma sejas maska ar ikru ekstraktu, 27 ml"},"content":{"rendered":"<p>Sejas maska efekt\u012bvi mitrina un baro \u0101du. Pateicoties ikru ekstraktam (27 mg) un dv\u012b\u0146ziedu monardas lapu ekstraktam, t\u0101 sniedz \u0101das svaiguma un mitrin\u0101\u0161anas saj\u016btu. Auduma maska satur ar\u012b  zvaig\u017e\u0146veida an\u012bsa, mandar\u012bna mizas, sojas placentas, p\u0113r\u013cu un sarkan\u0101 \u017ee\u0146\u0161e\u0146a ekstraktus, kas maigi izl\u012bdzina \u0101du un pie\u0161\u0137ir tai t\u012bru un vesel\u012bgu izskatu.<\/p>\n<p>Lieto\u0161ana: not\u012briet un nosusiniet sejas \u0101du. Iz\u0146emiet masku no iepakojuma un uzkl\u0101jiet uz sejas \u0101das. Paturiet masku 15-20 min\u016btes, p\u0113c tam uzman\u012bgi no\u0146emiet. Ar maig\u0101m kust\u012bb\u0101m iemas\u0113jiet produkta paliekas \u0101d\u0101. Maska paredz\u0113ta vienai lieto\u0161anas reizei.<\/p>\n<p>Piesardz\u012bbas pas\u0101kumi: Ja rodas izsitumi, piet\u016bkums, nieze vai kairin\u0101jums, p\u0101rtrauciet maskas lieto\u0161anu un konsult\u0113jieties ar dermatologu. Ja iek\u013c\u016bst ac\u012bs, r\u016bp\u012bgi izskalojiet ar \u016bdeni.<\/p>\n<p>Uzglab\u0101t b\u0113rniem nepieejam\u0101 viet\u0101, temperat\u016br\u0101 no +5 \u00b0\u0421 l\u012bdz +25 \u00b0\u0421 sarg\u0101jot no tie\u0161iem saules stariem, siltuma avotiem.<\/p>\n","protected":false},"excerpt":{"rendered":"<p>Sejas maska efekt\u012bvi mitrina un baro \u0101du. Pateicoties ikru ekstraktam (27 mg) un dv\u012b\u0146ziedu monardas lapu ekstraktam, t\u0101 sniedz \u0101das svaiguma un mitrin\u0101\u0161anas saj\u016btu. Auduma maska satur ar\u012b zvaig\u017e\u0146veida an\u012bsa, mandar\u012bna mizas, sojas placentas, p\u0113r\u013cu un sarkan\u0101 \u017ee\u0146\u0161e\u0146a ekstraktus, kas maigi izl\u012bdzina \u0101du un pie\u0161\u0137ir tai t\u012bru un vesel\u012bgu izskatu. Lieto\u0161ana: not\u012briet un nosusiniet sejas [&#8230;]\n","protected":false},"featured_media":97010,"template":"","meta":[],"product_cat":[1367],"product_tag":[],"class_list":{"0":"post-67867","1":"product","2":"type-product","3":"status-publish","4":"has-post-thumbnail","6":"product_brand-replay_kr","7":"product_cat-sejas-maskas","9":"first","10":"outofstock","11":"taxable","12":"shipping-taxable","13":"product-type-simple"},"_links":{"self":[{"href":"https:\/\/e.kosmolat.eu\/lv\/wp-json\/wp\/v2\/product\/67867","targetHints":{"allow":["GET"]}}],"collection":[{"href":"https:\/\/e.kosmolat.eu\/lv\/wp-json\/wp\/v2\/product"}],"about":[{"href":"https:\/\/e.kosmolat.eu\/lv\/wp-json\/wp\/v2\/types\/product"}],"wp:featuredmedia":[{"embeddable":true,"href":"https:\/\/e.kosmolat.eu\/lv\/wp-json\/wp\/v2\/media\/97010"}],"wp:attachment":[{"href":"https:\/\/e.kosmolat.eu\/lv\/wp-json\/wp\/v2\/media?parent=67867"}],"wp:term":[{"taxonomy":"product_cat","embeddable":true,"href":"https:\/\/e.kosmolat.eu\/lv\/wp-json\/wp\/v2\/product_cat?post=67867"},{"taxonomy":"product_tag","embeddable":true,"href":"https:\/\/e.kosmolat.eu\/lv\/wp-json\/wp\/v2\/product_tag?post=67867"}],"curies":[{"name":"wp","href":"https:\/\/api.w.org\/{rel}","templated":true}]}}