{"id":67859,"date":"2025-04-30T08:06:30","date_gmt":"2025-04-30T08:06:30","guid":{"rendered":"https:\/\/e.kosmolat.eu\/product\/jigott-placenta-auduma-sejas-maska-ar-placentas-ekstraktu-27-ml\/"},"modified":"2025-09-23T08:01:45","modified_gmt":"2025-09-23T08:01:45","slug":"jigott-placenta-auduma-sejas-maska-ar-placentas-ekstraktu-27-ml","status":"publish","type":"product","link":"https:\/\/e.kosmolat.eu\/lv\/product\/jigott-placenta-auduma-sejas-maska-ar-placentas-ekstraktu-27-ml\/","title":{"rendered":"JIGOTT Placenta Auduma sejas maska ar placentas ekstraktu, 27 ml"},"content":{"rendered":"<p>Auduma sejas maska efekt\u012bvi mitrina un baro \u0101du. T\u0101 satur 27 mg sojas placentas ekstrakta un meshimakobu s\u0113nes ekstraktu, kas nodro\u0161ina svaiguma saj\u016btu un intens\u012bvu mitrin\u0101\u0161anu. Formulas sast\u0101v\u0101 ir ar\u012b auzu prote\u012bna, sojas, raib\u0101s tauri\u0146piepes, ikru un sarkan\u0101 \u017ee\u0146\u0161e\u0146a ekstrakti, kas maigi izl\u012bdzina \u0101du un pie\u0161\u0137ir tai t\u012bru, vesel\u012bgu izskatu.<\/p>\n<p>Lieto\u0161ana: not\u012briet un nosusiniet sejas \u0101du. Iz\u0146emiet masku no iepakojuma un uzkl\u0101jiet uz sejas \u0101das. Paturiet masku 15-20 min\u016btes, p\u0113c tam uzman\u012bgi no\u0146emiet. Ar maig\u0101m kust\u012bb\u0101m iemas\u0113jiet produkta paliekas \u0101d\u0101. Maska paredz\u0113ta vienai lieto\u0161anas reizei.<\/p>\n<p>Piesardz\u012bbas pas\u0101kumi: Ja rodas izsitumi, piet\u016bkums, nieze vai kairin\u0101jums, p\u0101rtrauciet maskas lieto\u0161anu un konsult\u0113jieties ar dermatologu. Ja iek\u013c\u016bst ac\u012bs, r\u016bp\u012bgi izskalojiet ar \u016bdeni.<\/p>\n<p>Uzglab\u0101t b\u0113rniem nepieejam\u0101 viet\u0101, temperat\u016br\u0101 no +5 \u00b0\u0421 l\u012bdz +25 \u00b0\u0421 sarg\u0101jot no tie\u0161iem saules stariem, siltuma avotiem.<\/p>\n","protected":false},"excerpt":{"rendered":"<p>Auduma sejas maska efekt\u012bvi mitrina un baro \u0101du. T\u0101 satur 27 mg sojas placentas ekstrakta un meshimakobu s\u0113nes ekstraktu, kas nodro\u0161ina svaiguma saj\u016btu un intens\u012bvu mitrin\u0101\u0161anu. Formulas sast\u0101v\u0101 ir ar\u012b auzu prote\u012bna, sojas, raib\u0101s tauri\u0146piepes, ikru un sarkan\u0101 \u017ee\u0146\u0161e\u0146a ekstrakti, kas maigi izl\u012bdzina \u0101du un pie\u0161\u0137ir tai t\u012bru, vesel\u012bgu izskatu. Lieto\u0161ana: not\u012briet un nosusiniet sejas [&#8230;]\n","protected":false},"featured_media":96399,"template":"","meta":[],"product_cat":[1367],"product_tag":[],"class_list":{"0":"post-67859","1":"product","2":"type-product","3":"status-publish","4":"has-post-thumbnail","6":"product_brand-replay_kr","7":"product_cat-sejas-maskas","9":"first","10":"outofstock","11":"taxable","12":"shipping-taxable","13":"product-type-simple"},"_links":{"self":[{"href":"https:\/\/e.kosmolat.eu\/lv\/wp-json\/wp\/v2\/product\/67859","targetHints":{"allow":["GET"]}}],"collection":[{"href":"https:\/\/e.kosmolat.eu\/lv\/wp-json\/wp\/v2\/product"}],"about":[{"href":"https:\/\/e.kosmolat.eu\/lv\/wp-json\/wp\/v2\/types\/product"}],"wp:featuredmedia":[{"embeddable":true,"href":"https:\/\/e.kosmolat.eu\/lv\/wp-json\/wp\/v2\/media\/96399"}],"wp:attachment":[{"href":"https:\/\/e.kosmolat.eu\/lv\/wp-json\/wp\/v2\/media?parent=67859"}],"wp:term":[{"taxonomy":"product_cat","embeddable":true,"href":"https:\/\/e.kosmolat.eu\/lv\/wp-json\/wp\/v2\/product_cat?post=67859"},{"taxonomy":"product_tag","embeddable":true,"href":"https:\/\/e.kosmolat.eu\/lv\/wp-json\/wp\/v2\/product_tag?post=67859"}],"curies":[{"name":"wp","href":"https:\/\/api.w.org\/{rel}","templated":true}]}}