{"id":67853,"date":"2025-04-28T08:52:27","date_gmt":"2025-04-28T08:52:27","guid":{"rendered":"https:\/\/e.kosmolat.eu\/product\/dsc-retinol-hyaluronic-acid-day-cream-1-69fl-oz-50ml-jarbox\/"},"modified":"2026-04-10T07:19:44","modified_gmt":"2026-04-10T07:19:44","slug":"dsc-retinol-hyaluronic-acid-mitr-un-izgaism-dienas-kr-ar-ret-un-hialur-50-ml","status":"publish","type":"product","link":"https:\/\/e.kosmolat.eu\/lv\/product\/dsc-retinol-hyaluronic-acid-mitr-un-izgaism-dienas-kr-ar-ret-un-hialur-50-ml\/","title":{"rendered":"DSC Retinol + Hyaluronic Acid Mitr. un izgaism. dienas kr. ar ret. un hialur., 50 ml"},"content":{"rendered":"<p>\u0160\u012b uzlabot\u0101 mitrino\u0161\u0101 formula ar retinolu, hialuronsk\u0101bi un N\u0101ves j\u016bras miner\u0101liem pal\u012bdz izgaismot un padar\u012bt \u0101du mirdzo\u0161u un vesel\u012bgu, vienlaikus barojot un izl\u012bdzinot t\u0101s toni. Kr\u0113ms redzami uzlabo noveco\u0161an\u0101s paz\u012bmes, piem\u0113ram, smalk\u0101s grumbi\u0146as un nov\u0113r\u0161 \u0101das tvirtuma zudumu. Regul\u0101ri lietojot kr\u0113mu, tas pal\u012bdz uzlabot \u0101das elast\u012bbu un t\u0101s visp\u0101r\u0113jo st\u0101vokli.<\/p>\n<p>Lieto\u0161ana: Vienm\u0113r\u012bgi uzkl\u0101jiet kr\u0113mu pl\u0101n\u0101 k\u0101rt\u0101 uz sejas un kakla. Maigi iemas\u0113jiet \u0101d\u0101. Lietojiet katru r\u012btu un dienas laik\u0101 p\u0113c nepiecie\u0161am\u012bbas. Tikai \u0101r\u012bgai lieto\u0161anai. Izvairieties no saskares ar ac\u012bm. Iev\u0113rojiet lieto\u0161anas nor\u0101d\u012bjumus. Nelietojiet uz boj\u0101tas vai kairin\u0101tas \u0101das.<\/p>\n<p>Br\u012bdin\u0101jums: satur A vitam\u012bnu. L\u016bgums pirms lieto\u0161anas p\u0101rdom\u0101t savu dienas devu.<\/p>\n","protected":false},"excerpt":{"rendered":"<p>\u0160\u012b uzlabot\u0101 mitrino\u0161\u0101 formula ar retinolu, hialuronsk\u0101bi un N\u0101ves j\u016bras miner\u0101liem pal\u012bdz izgaismot un padar\u012bt \u0101du mirdzo\u0161u un vesel\u012bgu, vienlaikus barojot un izl\u012bdzinot t\u0101s toni. Kr\u0113ms redzami uzlabo noveco\u0161an\u0101s paz\u012bmes, piem\u0113ram, smalk\u0101s grumbi\u0146as un nov\u0113r\u0161 \u0101das tvirtuma zudumu. Regul\u0101ri lietojot kr\u0113mu, tas pal\u012bdz uzlabot \u0101das elast\u012bbu un t\u0101s visp\u0101r\u0113jo st\u0101vokli. Lieto\u0161ana: Vienm\u0113r\u012bgi uzkl\u0101jiet kr\u0113mu pl\u0101n\u0101 [&#8230;]\n","protected":false},"featured_media":93954,"template":"","meta":[],"product_cat":[1323],"product_tag":[],"class_list":{"0":"post-67853","1":"product","2":"type-product","3":"status-publish","4":"has-post-thumbnail","6":"product_brand-dead-sea_il","7":"product_cat-1323","9":"first","10":"outofstock","11":"taxable","12":"shipping-taxable","13":"product-type-simple"},"_links":{"self":[{"href":"https:\/\/e.kosmolat.eu\/lv\/wp-json\/wp\/v2\/product\/67853","targetHints":{"allow":["GET"]}}],"collection":[{"href":"https:\/\/e.kosmolat.eu\/lv\/wp-json\/wp\/v2\/product"}],"about":[{"href":"https:\/\/e.kosmolat.eu\/lv\/wp-json\/wp\/v2\/types\/product"}],"wp:featuredmedia":[{"embeddable":true,"href":"https:\/\/e.kosmolat.eu\/lv\/wp-json\/wp\/v2\/media\/93954"}],"wp:attachment":[{"href":"https:\/\/e.kosmolat.eu\/lv\/wp-json\/wp\/v2\/media?parent=67853"}],"wp:term":[{"taxonomy":"product_cat","embeddable":true,"href":"https:\/\/e.kosmolat.eu\/lv\/wp-json\/wp\/v2\/product_cat?post=67853"},{"taxonomy":"product_tag","embeddable":true,"href":"https:\/\/e.kosmolat.eu\/lv\/wp-json\/wp\/v2\/product_tag?post=67853"}],"curies":[{"name":"wp","href":"https:\/\/api.w.org\/{rel}","templated":true}]}}