{"id":67760,"date":"2025-04-28T05:55:29","date_gmt":"2025-04-28T05:55:29","guid":{"rendered":"https:\/\/e.kosmolat.eu\/product\/viorica-aizsargajoss-lupu-balzams-spf-30-44-g\/"},"modified":"2025-07-08T04:05:50","modified_gmt":"2025-07-08T04:05:50","slug":"viorica-aizsargajoss-lupu-balzams-spf-30-44-g","status":"publish","type":"product","link":"https:\/\/e.kosmolat.eu\/lv\/product\/viorica-aizsargajoss-lupu-balzams-spf-30-44-g\/","title":{"rendered":"Viorica Aizsarg\u0101jo\u0161s l\u016bpu balzams SPF 30, 4,4 g"},"content":{"rendered":"<p>Kombin\u0101cija no 4 uzlabotiem UV filtriem, kas bag\u0101tin\u0101ti ar E vitam\u012bnu antioksidantu aizsardz\u012bbai un papildu mitrin\u0101\u0161anai. Bag\u0101t\u012bgs e\u013c\u013cu mais\u012bjums, tostarp mande\u013cu e\u013c\u013ca, M\u0101rdad\u017ea s\u0113klu e\u013c\u013ca un makadamijas e\u013c\u013ca, baro, m\u012bkstina un dzi\u013ci mitrina, pie\u0161\u0137irot l\u016bp\u0101m apjomu. <\/p>\n<p>Lieto\u0161ana: uzkl\u0101jiet uz l\u016bp\u0101m 20 min\u016btes pirms do\u0161an\u0101s saul\u0113. Atk\u0101rtoti uzkl\u0101jiet, \u012bpa\u0161i p\u0113c peld\u0113\u0161anas, \u0113\u0161anas, dzer\u0161anas vai l\u016bpu noslauc\u012b\u0161anas. Esiet piesardz\u012bgi, ja ilgsto\u0161i uzturaties saul\u0113, jo aizsarg\u0101jo\u0161s l\u016bpu balzams nenodro\u0161ina absol\u016btu aizsardz\u012bbu. <\/p>\n<p>Uzglab\u0101t temperat\u016br\u0101 no +5 \u00b0C l\u012bdz +25 \u00b0C, sarg\u0101jot no tie\u0161iem saules stariem. <\/p>\n<p>Der\u012bguma termi\u0146\u0161: 24 m\u0113ne\u0161i no izgatavo\u0161anas datuma.<\/p>\n","protected":false},"excerpt":{"rendered":"<p>Kombin\u0101cija no 4 uzlabotiem UV filtriem, kas bag\u0101tin\u0101ti ar E vitam\u012bnu antioksidantu aizsardz\u012bbai un papildu mitrin\u0101\u0161anai. Bag\u0101t\u012bgs e\u013c\u013cu mais\u012bjums, tostarp mande\u013cu e\u013c\u013ca, M\u0101rdad\u017ea s\u0113klu e\u013c\u013ca un makadamijas e\u013c\u013ca, baro, m\u012bkstina un dzi\u013ci mitrina, pie\u0161\u0137irot l\u016bp\u0101m apjomu. Lieto\u0161ana: uzkl\u0101jiet uz l\u016bp\u0101m 20 min\u016btes pirms do\u0161an\u0101s saul\u0113. Atk\u0101rtoti uzkl\u0101jiet, \u012bpa\u0161i p\u0113c peld\u0113\u0161anas, \u0113\u0161anas, dzer\u0161anas vai l\u016bpu noslauc\u012b\u0161anas. [&#8230;]\n","protected":false},"featured_media":67764,"template":"","meta":[],"product_cat":[1384],"product_tag":[],"class_list":{"0":"post-67760","1":"product","2":"type-product","3":"status-publish","4":"has-post-thumbnail","6":"product_brand-viorica-cosmeplant_bg","7":"product_cat-lupu-balzams","9":"first","10":"outofstock","11":"taxable","12":"shipping-taxable","13":"product-type-simple"},"_links":{"self":[{"href":"https:\/\/e.kosmolat.eu\/lv\/wp-json\/wp\/v2\/product\/67760","targetHints":{"allow":["GET"]}}],"collection":[{"href":"https:\/\/e.kosmolat.eu\/lv\/wp-json\/wp\/v2\/product"}],"about":[{"href":"https:\/\/e.kosmolat.eu\/lv\/wp-json\/wp\/v2\/types\/product"}],"wp:featuredmedia":[{"embeddable":true,"href":"https:\/\/e.kosmolat.eu\/lv\/wp-json\/wp\/v2\/media\/67764"}],"wp:attachment":[{"href":"https:\/\/e.kosmolat.eu\/lv\/wp-json\/wp\/v2\/media?parent=67760"}],"wp:term":[{"taxonomy":"product_cat","embeddable":true,"href":"https:\/\/e.kosmolat.eu\/lv\/wp-json\/wp\/v2\/product_cat?post=67760"},{"taxonomy":"product_tag","embeddable":true,"href":"https:\/\/e.kosmolat.eu\/lv\/wp-json\/wp\/v2\/product_tag?post=67760"}],"curies":[{"name":"wp","href":"https:\/\/api.w.org\/{rel}","templated":true}]}}