{"id":67752,"date":"2025-04-28T05:55:10","date_gmt":"2025-04-28T05:55:10","guid":{"rendered":"https:\/\/e.kosmolat.eu\/product\/viorica-3-anti-hair-loss-serums-galvas-adai-pret-matu-izkr-100-ml\/"},"modified":"2026-04-10T10:35:44","modified_gmt":"2026-04-10T10:35:44","slug":"viorica-3-anti-hair-loss-serums-galvas-adai-pret-matu-izkr-100-ml","status":"publish","type":"product","link":"https:\/\/e.kosmolat.eu\/lv\/product\/viorica-3-anti-hair-loss-serums-galvas-adai-pret-matu-izkr-100-ml\/","title":{"rendered":"Viorica 3 Anti-Hair Loss Serums galvas \u0101dai pret matu izkr., 100 ml"},"content":{"rendered":"<p>&#8220;VIORICA&#8221; galvas \u0101das serums lieliski c\u012bn\u0101s ar matu izkri\u0161anu. Serums ar izcilu uzs\u016bk\u0161an\u0101s sp\u0113ju un kl\u012bniski pier\u0101d\u012btu efektivit\u0101ti darbojas vair\u0101kos virzienos: stimul\u0113 vielmai\u0146as procesus galvas \u0101d\u0101, aktiviz\u0113 pas\u012bvos matu folikulus, t\u0101d\u0113j\u0101di pagarina to dz\u012bvotsp\u0113jas ciklu, stiprina eso\u0161os matu stiebrus un pa\u0101trina jaunu matu aug\u0161anu. <\/p>\n<p>Lieto\u0161ana: izsmidziniet 15-20 reizes uz mitr\u0101m vai saus\u0101m matu sakn\u0113m un maigi iemas\u0113jiet galvas \u0101d\u0101. Nav nepiecie\u0161ams noskalot. Kursa ilgums &#8211; 3 m\u0113ne\u0161i, ar iesp\u0113ju ats\u0101kt lieto\u0161anu p\u0113c p\u0101rtraukuma. Lai sasniegtu maksim\u0101lu rezult\u0101tu, ieteicams kombin\u0113t ar &#8220;VIORICA&#8221; \u0161amp\u016bnu un balzamu pret matu izkri\u0161anu. <\/p>\n<p>Br\u012bdin\u0101jums: satur A vitam\u012bnu. L\u016bgums pirms lieto\u0161anas p\u0101rdom\u0101t savu dienas devu. <\/p>\n<p>Uzglab\u0101t temperat\u016br\u0101 no +5 \u00b0C l\u012bdz +25 \u00b0C, sarg\u0101jot no tie\u0161iem saules stariem. <\/p>\n<p>Der\u012bguma termi\u0146\u0161: 30 m\u0113ne\u0161i.<\/p>\n","protected":false},"excerpt":{"rendered":"<p>&#8220;VIORICA&#8221; galvas \u0101das serums lieliski c\u012bn\u0101s ar matu izkri\u0161anu. Serums ar izcilu uzs\u016bk\u0161an\u0101s sp\u0113ju un kl\u012bniski pier\u0101d\u012btu efektivit\u0101ti darbojas vair\u0101kos virzienos: stimul\u0113 vielmai\u0146as procesus galvas \u0101d\u0101, aktiviz\u0113 pas\u012bvos matu folikulus, t\u0101d\u0113j\u0101di pagarina to dz\u012bvotsp\u0113jas ciklu, stiprina eso\u0161os matu stiebrus un pa\u0101trina jaunu matu aug\u0161anu. Lieto\u0161ana: izsmidziniet 15-20 reizes uz mitr\u0101m vai saus\u0101m matu sakn\u0113m un [&#8230;]\n","protected":false},"featured_media":96930,"template":"","meta":[],"product_cat":[1345],"product_tag":[],"class_list":{"0":"post-67752","1":"product","2":"type-product","3":"status-publish","4":"has-post-thumbnail","6":"product_brand-viorica-cosmeplant_bg","7":"product_cat-kitos-plauku-prieziuros-priemones","9":"first","10":"instock","11":"taxable","12":"shipping-taxable","13":"product-type-simple"},"_links":{"self":[{"href":"https:\/\/e.kosmolat.eu\/lv\/wp-json\/wp\/v2\/product\/67752","targetHints":{"allow":["GET"]}}],"collection":[{"href":"https:\/\/e.kosmolat.eu\/lv\/wp-json\/wp\/v2\/product"}],"about":[{"href":"https:\/\/e.kosmolat.eu\/lv\/wp-json\/wp\/v2\/types\/product"}],"wp:featuredmedia":[{"embeddable":true,"href":"https:\/\/e.kosmolat.eu\/lv\/wp-json\/wp\/v2\/media\/96930"}],"wp:attachment":[{"href":"https:\/\/e.kosmolat.eu\/lv\/wp-json\/wp\/v2\/media?parent=67752"}],"wp:term":[{"taxonomy":"product_cat","embeddable":true,"href":"https:\/\/e.kosmolat.eu\/lv\/wp-json\/wp\/v2\/product_cat?post=67752"},{"taxonomy":"product_tag","embeddable":true,"href":"https:\/\/e.kosmolat.eu\/lv\/wp-json\/wp\/v2\/product_tag?post=67752"}],"curies":[{"name":"wp","href":"https:\/\/api.w.org\/{rel}","templated":true}]}}