{"id":67744,"date":"2025-04-28T05:54:48","date_gmt":"2025-04-28T05:54:48","guid":{"rendered":"https:\/\/e.kosmolat.eu\/product\/viorica-2-anti-hair-loss-kompl-kondicionieris-pret-matu-izkrisanu-150-ml\/"},"modified":"2026-04-10T10:35:31","modified_gmt":"2026-04-10T10:35:31","slug":"viorica-2-anti-hair-loss-kompl-kondicionieris-pret-matu-izkrisanu-150-ml","status":"publish","type":"product","link":"https:\/\/e.kosmolat.eu\/lv\/product\/viorica-2-anti-hair-loss-kompl-kondicionieris-pret-matu-izkrisanu-150-ml\/","title":{"rendered":"Viorica 2 Anti-Hair Loss  Kompl. kondicionieris pret matu izkri\u0161anu, 150 ml"},"content":{"rendered":"<p>\u0160is produkts ir paredz\u0113ts 2. solim matu kop\u0161anas rut\u012bn\u0101 &#8220;VIORICA&#8221; protokol\u0101 pret matu izkri\u0161anu. Kondicionieris  intens\u012bvi baro, atdz\u012bvina un sabiez\u0113 nov\u0101jin\u0101tu un trauslu matu stiebrus, vienlaikus atjaunojot to strukt\u016bru. Mati k\u013c\u016bst stipr\u0101ki, biez\u0101ki un paklaus\u012bg\u0101ki, kas iev\u0113rojami samazina l\u016b\u0161anas risku \u0137emm\u0113jot un veidojot matus. <\/p>\n<p>Lieto\u0161ana: uzkl\u0101jiet kondicionieri uz izmazg\u0101tiem mitriem matiem. Sadaliet no matu vidus l\u012bdz galiem. P\u0113c 1-2 min\u016bt\u0113m r\u016bp\u012bgi izskalojiet ar \u016bdeni. Lai sasniegtu maksim\u0101lu rezult\u0101tu, kombin\u0113jiet ar &#8220;VIORICA&#8221; \u0161amp\u016bnu un serumu pret matu izkri\u0161anu. <\/p>\n<p>Br\u012bdin\u0101jums: satur A vitam\u012bnu. L\u016bgums pirms lieto\u0161anas p\u0101rdom\u0101t savu dienas devu. Uzglab\u0101t temperat\u016br\u0101 no +5 \u00b0C l\u012bdz +25 \u00b0C, sarg\u0101jot no tie\u0161iem saules stariem. <\/p>\n<p>Der\u012bguma termi\u0146\u0161: 30 m\u0113ne\u0161i.<\/p>\n","protected":false},"excerpt":{"rendered":"<p>\u0160is produkts ir paredz\u0113ts 2. solim matu kop\u0161anas rut\u012bn\u0101 &#8220;VIORICA&#8221; protokol\u0101 pret matu izkri\u0161anu. Kondicionieris intens\u012bvi baro, atdz\u012bvina un sabiez\u0113 nov\u0101jin\u0101tu un trauslu matu stiebrus, vienlaikus atjaunojot to strukt\u016bru. Mati k\u013c\u016bst stipr\u0101ki, biez\u0101ki un paklaus\u012bg\u0101ki, kas iev\u0113rojami samazina l\u016b\u0161anas risku \u0137emm\u0113jot un veidojot matus. Lieto\u0161ana: uzkl\u0101jiet kondicionieri uz izmazg\u0101tiem mitriem matiem. Sadaliet no matu vidus [&#8230;]\n","protected":false},"featured_media":96926,"template":"","meta":[],"product_cat":[1640],"product_tag":[],"class_list":{"0":"post-67744","1":"product","2":"type-product","3":"status-publish","4":"has-post-thumbnail","6":"product_brand-viorica-cosmeplant_bg","7":"product_cat-balzamai","9":"first","10":"instock","11":"taxable","12":"shipping-taxable","13":"product-type-simple"},"_links":{"self":[{"href":"https:\/\/e.kosmolat.eu\/lv\/wp-json\/wp\/v2\/product\/67744","targetHints":{"allow":["GET"]}}],"collection":[{"href":"https:\/\/e.kosmolat.eu\/lv\/wp-json\/wp\/v2\/product"}],"about":[{"href":"https:\/\/e.kosmolat.eu\/lv\/wp-json\/wp\/v2\/types\/product"}],"wp:featuredmedia":[{"embeddable":true,"href":"https:\/\/e.kosmolat.eu\/lv\/wp-json\/wp\/v2\/media\/96926"}],"wp:attachment":[{"href":"https:\/\/e.kosmolat.eu\/lv\/wp-json\/wp\/v2\/media?parent=67744"}],"wp:term":[{"taxonomy":"product_cat","embeddable":true,"href":"https:\/\/e.kosmolat.eu\/lv\/wp-json\/wp\/v2\/product_cat?post=67744"},{"taxonomy":"product_tag","embeddable":true,"href":"https:\/\/e.kosmolat.eu\/lv\/wp-json\/wp\/v2\/product_tag?post=67744"}],"curies":[{"name":"wp","href":"https:\/\/api.w.org\/{rel}","templated":true}]}}