{"id":67736,"date":"2025-04-28T05:54:32","date_gmt":"2025-04-28T05:54:32","guid":{"rendered":"https:\/\/e.kosmolat.eu\/product\/viorica-1-anti-hair-loss-komplement-sampuns-pret-matu-izkisanu-300-ml\/"},"modified":"2026-04-10T10:35:18","modified_gmt":"2026-04-10T10:35:18","slug":"viorica-1-anti-hair-loss-komplement-sampuns-pret-matu-izkisanu-300-ml","status":"publish","type":"product","link":"https:\/\/e.kosmolat.eu\/lv\/product\/viorica-1-anti-hair-loss-komplement-sampuns-pret-matu-izkisanu-300-ml\/","title":{"rendered":"Viorica 1 Anti-Hair Loss Komplement. \u0161amp\u016bns pret matu izki\u0161anu, 300 ml"},"content":{"rendered":"<p>\u0160is produkts ir paredz\u0113ts 1. solim matu kop\u0161anas rut\u012bn\u0101 &#8220;VIORICA&#8221; protokol\u0101 pret matu izkri\u0161anu. \u0160amp\u016bns maigi att\u012bra, atjauno matu stiebra strukt\u016bru, stimul\u0113 jaunu matu aug\u0161anu, uzlabojot galvas \u0101das st\u0101vokli un piepildot saknes ar barojo\u0161\u0101m viel\u0101m. <\/p>\n<p>Lieto\u0161ana: uzkl\u0101jiet uz mitriem matiem, saputojiet un maigi iemas\u0113jiet galvas \u0101d\u0101 2-3 min\u016btes. R\u016bp\u012bgi izskalojiet ar siltu \u016bdeni. Piem\u0113rots ikdienas lieto\u0161anai. Lai ieg\u016btu maksim\u0101lu rezult\u0101tu, kombin\u0113jiet ar &#8220;VIORICA&#8221; serumu un komplement\u0101ro kondicionieri matu izkri\u0161anas nov\u0113r\u0161anai. <\/p>\n<p>Br\u012bdin\u0101jums: satur A vitam\u012bnu. L\u016bgums pirms lieto\u0161anas p\u0101rdom\u0101t savu dienas devu. <\/p>\n<p>Uzglab\u0101t temperat\u016br\u0101 no +5 \u00b0C l\u012bdz +25 \u00b0C, sarg\u0101jot no tie\u0161iem saules stariem. <\/p>\n<p>Der\u012bguma termi\u0146\u0161: 30 m\u0113ne\u0161i.<\/p>\n","protected":false},"excerpt":{"rendered":"<p>\u0160is produkts ir paredz\u0113ts 1. solim matu kop\u0161anas rut\u012bn\u0101 &#8220;VIORICA&#8221; protokol\u0101 pret matu izkri\u0161anu. \u0160amp\u016bns maigi att\u012bra, atjauno matu stiebra strukt\u016bru, stimul\u0113 jaunu matu aug\u0161anu, uzlabojot galvas \u0101das st\u0101vokli un piepildot saknes ar barojo\u0161\u0101m viel\u0101m. Lieto\u0161ana: uzkl\u0101jiet uz mitriem matiem, saputojiet un maigi iemas\u0113jiet galvas \u0101d\u0101 2-3 min\u016btes. R\u016bp\u012bgi izskalojiet ar siltu \u016bdeni. Piem\u0113rots ikdienas [&#8230;]\n","protected":false},"featured_media":96922,"template":"","meta":[],"product_cat":[1251],"product_tag":[],"class_list":{"0":"post-67736","1":"product","2":"type-product","3":"status-publish","4":"has-post-thumbnail","6":"product_brand-viorica-cosmeplant_bg","7":"product_cat-sampunai","9":"first","10":"instock","11":"taxable","12":"shipping-taxable","13":"product-type-simple"},"_links":{"self":[{"href":"https:\/\/e.kosmolat.eu\/lv\/wp-json\/wp\/v2\/product\/67736","targetHints":{"allow":["GET"]}}],"collection":[{"href":"https:\/\/e.kosmolat.eu\/lv\/wp-json\/wp\/v2\/product"}],"about":[{"href":"https:\/\/e.kosmolat.eu\/lv\/wp-json\/wp\/v2\/types\/product"}],"wp:featuredmedia":[{"embeddable":true,"href":"https:\/\/e.kosmolat.eu\/lv\/wp-json\/wp\/v2\/media\/96922"}],"wp:attachment":[{"href":"https:\/\/e.kosmolat.eu\/lv\/wp-json\/wp\/v2\/media?parent=67736"}],"wp:term":[{"taxonomy":"product_cat","embeddable":true,"href":"https:\/\/e.kosmolat.eu\/lv\/wp-json\/wp\/v2\/product_cat?post=67736"},{"taxonomy":"product_tag","embeddable":true,"href":"https:\/\/e.kosmolat.eu\/lv\/wp-json\/wp\/v2\/product_tag?post=67736"}],"curies":[{"name":"wp","href":"https:\/\/api.w.org\/{rel}","templated":true}]}}