{"id":67728,"date":"2025-04-28T05:52:32","date_gmt":"2025-04-28T05:52:32","guid":{"rendered":"https:\/\/e.kosmolat.eu\/product\/pharma-bio-lab-100-dadzu-ella-pret-matu-izkris-100-ml\/"},"modified":"2026-04-17T06:14:17","modified_gmt":"2026-04-17T06:14:17","slug":"pharma-bio-lab-100-dadzu-ella-pret-matu-izkris-100-ml","status":"publish","type":"product","link":"https:\/\/e.kosmolat.eu\/lv\/product\/pharma-bio-lab-100-dadzu-ella-pret-matu-izkris-100-ml\/","title":{"rendered":"Pharma Bio Lab. 100% Dad\u017eu e\u013cla pret matu izkri\u0161., 100 ml"},"content":{"rendered":"<p>Dad\u017eu e\u013c\u013ca ir \u012bpa\u0161i izstr\u0101d\u0101ta Pharma BIO Laboratory ekspertu vad\u012bb\u0101, lai nodro\u0161in\u0101tu matiem baro\u0161anu un nepiecie\u0161amo kop\u0161anu. Dadzis, pateicoties akt\u012bvaj\u0101m sast\u0101vda\u013c\u0101m, uzlabo galvas \u0101das st\u0101vokli, normaliz\u0113 tauku dziedzeru darb\u012bbu, stiprina matu saknes un nov\u0113r\u0161 matu izkri\u0161anu.<\/p>\n<p>Lieto\u0161ana: vienm\u0113r\u012bgi uzkl\u0101jiet e\u013c\u013cu uz galvas \u0101das, ar viegl\u0101m mas\u0113jo\u0161\u0101m kust\u012bb\u0101m iemas\u0113jiet matu sakn\u0113s, p\u0113c tam aptiniet galvu ar siltu dvieli un atst\u0101jiet uz 40\u201360 min\u016bt\u0113m. P\u0113c tam izmazg\u0101jiet matus ar \u0161amp\u016bnu. E\u013c\u013cas tilpums ir paredz\u0113ts vienam kursam. Kursa ilgums \u2013 2\u20134 m\u0113ne\u0161i.<\/p>\n<p>Piesardz\u012bbas pas\u0101kumi: tikai \u0101r\u012bgai lieto\u0161anai. Ja produkts iek\u013c\u016bst ac\u012bs, r\u016bp\u012bgi izskalojiet t\u0101s ar \u016bdeni, ja nepiecie\u0161ams, konsult\u0113jieties ar \u0101rstu.<\/p>\n<p>Br\u012bdin\u0101jumi: iesp\u0113jama paaugstin\u0101ta individu\u0101la jut\u012bba pret atsevi\u0161\u0137\u0101m sast\u0101vda\u013c\u0101m. Satur A vitam\u012bnu. L\u016bgums pirms lieto\u0161anas p\u0101rdom\u0101t savu dienas devu.<\/p>\n<p>Uzglab\u0101t temperat\u016br\u0101 no +5 \u00b0C l\u012bdz +25\u00b0C, sarg\u0101jot no tie\u0161iem saules stariem. Uzglab\u0101t vismaz 0,5 m att\u0101lum\u0101 no apkures ier\u012bc\u0113m.<\/p>\n<p>Der\u012bguma termi\u0146\u0161: 24 m\u0113ne\u0161i no izgatavo\u0161anas datuma.<\/p>\n","protected":false},"excerpt":{"rendered":"<p>Dad\u017eu e\u013c\u013ca ir \u012bpa\u0161i izstr\u0101d\u0101ta Pharma BIO Laboratory ekspertu vad\u012bb\u0101, lai nodro\u0161in\u0101tu matiem baro\u0161anu un nepiecie\u0161amo kop\u0161anu. Dadzis, pateicoties akt\u012bvaj\u0101m sast\u0101vda\u013c\u0101m, uzlabo galvas \u0101das st\u0101vokli, normaliz\u0113 tauku dziedzeru darb\u012bbu, stiprina matu saknes un nov\u0113r\u0161 matu izkri\u0161anu. Lieto\u0161ana: vienm\u0113r\u012bgi uzkl\u0101jiet e\u013c\u013cu uz galvas \u0101das, ar viegl\u0101m mas\u0113jo\u0161\u0101m kust\u012bb\u0101m iemas\u0113jiet matu sakn\u0113s, p\u0113c tam aptiniet galvu ar [&#8230;]\n","protected":false},"featured_media":96914,"template":"","meta":[],"product_cat":[1999],"product_tag":[],"class_list":{"0":"post-67728","1":"product","2":"type-product","3":"status-publish","4":"has-post-thumbnail","6":"product_brand-aljans-krasoti_ua","7":"product_cat-bez-kategorijas","9":"first","10":"instock","11":"taxable","12":"shipping-taxable","13":"product-type-simple"},"_links":{"self":[{"href":"https:\/\/e.kosmolat.eu\/lv\/wp-json\/wp\/v2\/product\/67728","targetHints":{"allow":["GET"]}}],"collection":[{"href":"https:\/\/e.kosmolat.eu\/lv\/wp-json\/wp\/v2\/product"}],"about":[{"href":"https:\/\/e.kosmolat.eu\/lv\/wp-json\/wp\/v2\/types\/product"}],"wp:featuredmedia":[{"embeddable":true,"href":"https:\/\/e.kosmolat.eu\/lv\/wp-json\/wp\/v2\/media\/96914"}],"wp:attachment":[{"href":"https:\/\/e.kosmolat.eu\/lv\/wp-json\/wp\/v2\/media?parent=67728"}],"wp:term":[{"taxonomy":"product_cat","embeddable":true,"href":"https:\/\/e.kosmolat.eu\/lv\/wp-json\/wp\/v2\/product_cat?post=67728"},{"taxonomy":"product_tag","embeddable":true,"href":"https:\/\/e.kosmolat.eu\/lv\/wp-json\/wp\/v2\/product_tag?post=67728"}],"curies":[{"name":"wp","href":"https:\/\/api.w.org\/{rel}","templated":true}]}}