{"id":67704,"date":"2025-04-28T05:51:45","date_gmt":"2025-04-28T05:51:45","guid":{"rendered":"https:\/\/e.kosmolat.eu\/product\/family-doctor-fito-formula-sampuns-balz-saus-matiem-500-ml\/"},"modified":"2026-03-30T16:49:37","modified_gmt":"2026-03-30T16:49:37","slug":"family-doctor-fito-formula-sampuns-balz-saus-matiem-500-ml","status":"publish","type":"product","link":"https:\/\/e.kosmolat.eu\/lv\/product\/family-doctor-fito-formula-sampuns-balz-saus-matiem-500-ml\/","title":{"rendered":"Family Doctor Fito-formula \u0160amp\u016bns-balz. saus. matiem, 500 ml"},"content":{"rendered":"<p>\u0160amp\u016bns-balzams ir izstr\u0101d\u0101ts sausu, nov\u0101jin\u0101tu un boj\u0101tu matu maigai att\u012br\u012b\u0161anai un kop\u0161anai. T\u0101 sast\u0101vs ir bag\u0101tin\u0101ts ar vitam\u012bnu kompleksu, smilts\u0113rk\u0161\u0137u un ciedru riekstu ekstraktiem, r\u012bcine\u013c\u013cu un sezama s\u0113klu e\u013c\u013cu, k\u0101 ar\u012b kvie\u0161u prote\u012bniem, kas nodro\u0161ina nepiecie\u0161amo matu kop\u0161anu.<\/p>\n<p>Lieto\u0161ana: uzkl\u0101jiet uz mitriem matiem, saputojiet, noskalojiet ar \u016bdeni p\u0113c 2-3 min\u016bt\u0113m. Ieteicams bie\u017eai lieto\u0161anai.<\/p>\n<p>Piesardz\u012bbas pas\u0101kumi: tikai \u0101r\u012bgai lieto\u0161anai. Ja produkts iek\u013c\u016bst ac\u012bs, r\u016bp\u012bgi izskalojiet t\u0101s ar \u016bdeni, ja nepiecie\u0161ams, konsult\u0113jieties ar \u0101rstu.<\/p>\n<p>Br\u012bdin\u0101jumi: iesp\u0113jama paaugstin\u0101ta individu\u0101la jut\u012bba pret atsevi\u0161\u0137\u0101m sast\u0101vda\u013c\u0101m. Satur A vitam\u012bnu. L\u016bgums pirms lieto\u0161anas p\u0101rdom\u0101t savu dienas devu.<\/p>\n<p>Uzglab\u0101t temperat\u016br\u0101 no +5 \u00b0C l\u012bdz +25\u00b0C, sarg\u0101jot no tie\u0161iem saules stariem. Uzglab\u0101t vismaz 0,5 m att\u0101lum\u0101 no apkures ier\u012bc\u0113m.<\/p>\n<p>Der\u012bguma termi\u0146\u0161: 30 m\u0113ne\u0161i no izgatavo\u0161anas datuma.<\/p>\n","protected":false},"excerpt":{"rendered":"<p>\u0160amp\u016bns-balzams ir izstr\u0101d\u0101ts sausu, nov\u0101jin\u0101tu un boj\u0101tu matu maigai att\u012br\u012b\u0161anai un kop\u0161anai. T\u0101 sast\u0101vs ir bag\u0101tin\u0101ts ar vitam\u012bnu kompleksu, smilts\u0113rk\u0161\u0137u un ciedru riekstu ekstraktiem, r\u012bcine\u013c\u013cu un sezama s\u0113klu e\u013c\u013cu, k\u0101 ar\u012b kvie\u0161u prote\u012bniem, kas nodro\u0161ina nepiecie\u0161amo matu kop\u0161anu. Lieto\u0161ana: uzkl\u0101jiet uz mitriem matiem, saputojiet, noskalojiet ar \u016bdeni p\u0113c 2-3 min\u016bt\u0113m. Ieteicams bie\u017eai lieto\u0161anai. Piesardz\u012bbas pas\u0101kumi: [&#8230;]\n","protected":false},"featured_media":96902,"template":"","meta":[],"product_cat":[1248],"product_tag":[],"class_list":{"0":"post-67704","1":"product","2":"type-product","3":"status-publish","4":"has-post-thumbnail","6":"product_brand-aljans-krasoti_ua","7":"product_cat-sampuni","9":"first","10":"instock","11":"taxable","12":"shipping-taxable","13":"product-type-simple"},"_links":{"self":[{"href":"https:\/\/e.kosmolat.eu\/lv\/wp-json\/wp\/v2\/product\/67704","targetHints":{"allow":["GET"]}}],"collection":[{"href":"https:\/\/e.kosmolat.eu\/lv\/wp-json\/wp\/v2\/product"}],"about":[{"href":"https:\/\/e.kosmolat.eu\/lv\/wp-json\/wp\/v2\/types\/product"}],"wp:featuredmedia":[{"embeddable":true,"href":"https:\/\/e.kosmolat.eu\/lv\/wp-json\/wp\/v2\/media\/96902"}],"wp:attachment":[{"href":"https:\/\/e.kosmolat.eu\/lv\/wp-json\/wp\/v2\/media?parent=67704"}],"wp:term":[{"taxonomy":"product_cat","embeddable":true,"href":"https:\/\/e.kosmolat.eu\/lv\/wp-json\/wp\/v2\/product_cat?post=67704"},{"taxonomy":"product_tag","embeddable":true,"href":"https:\/\/e.kosmolat.eu\/lv\/wp-json\/wp\/v2\/product_tag?post=67704"}],"curies":[{"name":"wp","href":"https:\/\/api.w.org\/{rel}","templated":true}]}}