{"id":67680,"date":"2025-04-28T05:50:56","date_gmt":"2025-04-28T05:50:56","guid":{"rendered":"https:\/\/e.kosmolat.eu\/product\/family-doctor-fito-formula-sampuns-matu-augsanas-energija-500-ml\/"},"modified":"2026-04-02T07:06:33","modified_gmt":"2026-04-02T07:06:33","slug":"family-doctor-fito-formula-sampuns-matu-augsanas-energija-500-ml","status":"publish","type":"product","link":"https:\/\/e.kosmolat.eu\/lv\/product\/family-doctor-fito-formula-sampuns-matu-augsanas-energija-500-ml\/","title":{"rendered":"Family Doctor Fito-formula \u0160amp\u016bns Matu aug\u0161anas ener\u0123ija, 500 ml"},"content":{"rendered":"<p>\u0160amp\u016bns ir paredz\u0113ts delik\u0101tai matu att\u012br\u012b\u0161anai. Fitoformula ir bag\u0101tin\u0101ta ar di\u017edad\u017ea saknes, n\u0101tru, \u0101rstniec\u012bbas lupst\u0101ja, b\u0113rza lapu un \u0101boli\u0146a ekstraktiem. Speci\u0101li izv\u0113l\u0113ts augu sast\u0101vs nodro\u0161ina nepiecie\u0161amo kop\u0161anu j\u016bsu matiem.<\/p>\n<p>Lieto\u0161ana: uzkl\u0101t uz mitriem matiem, saputot, un p\u0113c 2\u20133 min\u016bt\u0113m noskalot ar \u016bdeni.<\/p>\n<p>Piesardz\u012bbas pas\u0101kumi: Iesp\u0113jama individu\u0101la jut\u012bba pret atsevi\u0161\u0137\u0101m sast\u0101vda\u013c\u0101m.<\/p>\n<p>Uzglab\u0101\u0161ana: Uzglab\u0101t temperat\u016br\u0101 no +5 l\u012bdz +25 \u00b0C. Sarg\u0101t no tie\u0161iem saules stariem. Glab\u0101t vismaz 0,5 m att\u0101lum\u0101 no iesl\u0113gt\u0101m apkures ier\u012bc\u0113m.<\/p>\n<p>Der\u012bguma termi\u0146\u0161: 30 m\u0113ne\u0161i no izgatavo\u0161anas datuma.<\/p>\n","protected":false},"excerpt":{"rendered":"<p>\u0160amp\u016bns ir paredz\u0113ts delik\u0101tai matu att\u012br\u012b\u0161anai. Fitoformula ir bag\u0101tin\u0101ta ar di\u017edad\u017ea saknes, n\u0101tru, \u0101rstniec\u012bbas lupst\u0101ja, b\u0113rza lapu un \u0101boli\u0146a ekstraktiem. Speci\u0101li izv\u0113l\u0113ts augu sast\u0101vs nodro\u0161ina nepiecie\u0161amo kop\u0161anu j\u016bsu matiem. Lieto\u0161ana: uzkl\u0101t uz mitriem matiem, saputot, un p\u0113c 2\u20133 min\u016bt\u0113m noskalot ar \u016bdeni. Piesardz\u012bbas pas\u0101kumi: Iesp\u0113jama individu\u0101la jut\u012bba pret atsevi\u0161\u0137\u0101m sast\u0101vda\u013c\u0101m. Uzglab\u0101\u0161ana: Uzglab\u0101t temperat\u016br\u0101 no +5 [&#8230;]\n","protected":false},"featured_media":96890,"template":"","meta":[],"product_cat":[1248],"product_tag":[],"class_list":{"0":"post-67680","1":"product","2":"type-product","3":"status-publish","4":"has-post-thumbnail","6":"product_brand-aljans-krasoti_ua","7":"product_cat-sampuni","9":"first","10":"instock","11":"taxable","12":"shipping-taxable","13":"product-type-simple"},"_links":{"self":[{"href":"https:\/\/e.kosmolat.eu\/lv\/wp-json\/wp\/v2\/product\/67680","targetHints":{"allow":["GET"]}}],"collection":[{"href":"https:\/\/e.kosmolat.eu\/lv\/wp-json\/wp\/v2\/product"}],"about":[{"href":"https:\/\/e.kosmolat.eu\/lv\/wp-json\/wp\/v2\/types\/product"}],"wp:featuredmedia":[{"embeddable":true,"href":"https:\/\/e.kosmolat.eu\/lv\/wp-json\/wp\/v2\/media\/96890"}],"wp:attachment":[{"href":"https:\/\/e.kosmolat.eu\/lv\/wp-json\/wp\/v2\/media?parent=67680"}],"wp:term":[{"taxonomy":"product_cat","embeddable":true,"href":"https:\/\/e.kosmolat.eu\/lv\/wp-json\/wp\/v2\/product_cat?post=67680"},{"taxonomy":"product_tag","embeddable":true,"href":"https:\/\/e.kosmolat.eu\/lv\/wp-json\/wp\/v2\/product_tag?post=67680"}],"curies":[{"name":"wp","href":"https:\/\/api.w.org\/{rel}","templated":true}]}}