{"id":67664,"date":"2025-04-28T05:50:15","date_gmt":"2025-04-28T05:50:15","guid":{"rendered":"https:\/\/e.kosmolat.eu\/product\/gc-kopjoss-samp-visiem-matu-tipiem-pret-matu-izkr-un-traus-500-ml\/"},"modified":"2026-04-01T11:15:15","modified_gmt":"2026-04-01T11:15:15","slug":"gc-kopjoss-samp-visiem-matu-tipiem-pret-matu-izkr-un-traus-500-ml","status":"publish","type":"product","link":"https:\/\/e.kosmolat.eu\/lv\/product\/gc-kopjoss-samp-visiem-matu-tipiem-pret-matu-izkr-un-traus-500-ml\/","title":{"rendered":"GC Kopjo\u0161s \u0161amp. visiem matu tipiem pret matu izkr. un traus., 500 ml"},"content":{"rendered":"<p>\u0160amp\u016bns-eliks\u012brs visiem matu tipiem, bag\u0101tin\u0101ts ar 23 akt\u012bv\u0101m sast\u0101vda\u013c\u0101m, maigi att\u012bra matus un galvas \u0101du, k\u0101 ar\u012b nodro\u0161ina r\u016bp\u012bgu kop\u0161anu matiem ar noslieci uz izkri\u0161anu. Recept\u016bra satur 15 \u0101rstniec\u012bbas augus, 5 v\u0113rt\u012bgas e\u013c\u013cas, tostarp di\u017edad\u017ea, kadi\u0137a, lins\u0113klu, avokado un rozmar\u012bna e\u013c\u013cu, k\u0101 ar\u012b ir bag\u0101tin\u0101ta ar akt\u012bvo kukur\u016bzas prote\u012bnu un argin\u012bnu.<\/p>\n<p>Lieto\u0161ana: uzkl\u0101jiet uz mitriem matiem, saputojiet un noskalojiet ar \u016bdeni.<\/p>\n<p>Piesardz\u012bbas pas\u0101kumi: tikai \u0101r\u012bgai lieto\u0161anai. Ja produkts iek\u013c\u016bst ac\u012bs, r\u016bp\u012bgi izskalojiet t\u0101s ar \u016bdeni, ja nepiecie\u0161ams, konsult\u0113jieties ar \u0101rstu.<\/p>\n<p>Br\u012bdin\u0101jums: iesp\u0113jama paaugstin\u0101ta individu\u0101la jut\u012bba pret atsevi\u0161\u0137\u0101m sast\u0101vda\u013c\u0101m.<\/p>\n<p>Uzglab\u0101t temperat\u016br\u0101 no +5 \u00b0C l\u012bdz +25\u00b0C, sarg\u0101jot no tie\u0161iem saules stariem. Uzglab\u0101t vismaz 0,5 m att\u0101lum\u0101 no apkures ier\u012bc\u0113m.<\/p>\n<p>Der\u012bguma termi\u0146\u0161: 30 m\u0113ne\u0161i no izgatavo\u0161anas datuma.<\/p>\n","protected":false},"excerpt":{"rendered":"<p>\u0160amp\u016bns-eliks\u012brs visiem matu tipiem, bag\u0101tin\u0101ts ar 23 akt\u012bv\u0101m sast\u0101vda\u013c\u0101m, maigi att\u012bra matus un galvas \u0101du, k\u0101 ar\u012b nodro\u0161ina r\u016bp\u012bgu kop\u0161anu matiem ar noslieci uz izkri\u0161anu. Recept\u016bra satur 15 \u0101rstniec\u012bbas augus, 5 v\u0113rt\u012bgas e\u013c\u013cas, tostarp di\u017edad\u017ea, kadi\u0137a, lins\u0113klu, avokado un rozmar\u012bna e\u013c\u013cu, k\u0101 ar\u012b ir bag\u0101tin\u0101ta ar akt\u012bvo kukur\u016bzas prote\u012bnu un argin\u012bnu. Lieto\u0161ana: uzkl\u0101jiet uz mitriem [&#8230;]\n","protected":false},"featured_media":96882,"template":"","meta":[],"product_cat":[1999],"product_tag":[],"class_list":{"0":"post-67664","1":"product","2":"type-product","3":"status-publish","4":"has-post-thumbnail","6":"product_brand-aljans-krasoti_ua","7":"product_cat-bez-kategorijas","9":"first","10":"instock","11":"taxable","12":"shipping-taxable","13":"product-type-simple"},"_links":{"self":[{"href":"https:\/\/e.kosmolat.eu\/lv\/wp-json\/wp\/v2\/product\/67664","targetHints":{"allow":["GET"]}}],"collection":[{"href":"https:\/\/e.kosmolat.eu\/lv\/wp-json\/wp\/v2\/product"}],"about":[{"href":"https:\/\/e.kosmolat.eu\/lv\/wp-json\/wp\/v2\/types\/product"}],"wp:featuredmedia":[{"embeddable":true,"href":"https:\/\/e.kosmolat.eu\/lv\/wp-json\/wp\/v2\/media\/96882"}],"wp:attachment":[{"href":"https:\/\/e.kosmolat.eu\/lv\/wp-json\/wp\/v2\/media?parent=67664"}],"wp:term":[{"taxonomy":"product_cat","embeddable":true,"href":"https:\/\/e.kosmolat.eu\/lv\/wp-json\/wp\/v2\/product_cat?post=67664"},{"taxonomy":"product_tag","embeddable":true,"href":"https:\/\/e.kosmolat.eu\/lv\/wp-json\/wp\/v2\/product_tag?post=67664"}],"curies":[{"name":"wp","href":"https:\/\/api.w.org\/{rel}","templated":true}]}}