{"id":67656,"date":"2025-04-28T05:49:55","date_gmt":"2025-04-28T05:49:55","guid":{"rendered":"https:\/\/e.kosmolat.eu\/product\/pharma-bio-lab-sampins-pret-blaugznam-200-ml\/"},"modified":"2026-03-31T10:24:19","modified_gmt":"2026-03-31T10:24:19","slug":"pharma-bio-lab-sampins-pret-blaugznam-200-ml","status":"publish","type":"product","link":"https:\/\/e.kosmolat.eu\/lv\/product\/pharma-bio-lab-sampins-pret-blaugznam-200-ml\/","title":{"rendered":"Pharma Bio Lab. \u0160amp\u012bns pret blaugzn\u0101m, 200 ml"},"content":{"rendered":"<p>\u0160amp\u016bns ir \u012bpa\u0161i izstr\u0101d\u0101ts maigai galvas \u0101das un matu att\u012br\u012b\u0161anai, efekt\u012bvi c\u012bnoties ar blaugzn\u0101m. \u0160amp\u016bna formula ir bag\u0101tin\u0101ta ar pretblaugznu komponentu Octopirox, kas veicina redzamu blaugznu samazin\u0101\u0161anos jau p\u0113c 6 lieto\u0161anas reiz\u0113m, k\u0101 ar\u012b ar sast\u0101vda\u013cu Symcalmin, kas nomierina \u0101du.<\/p>\n<p>Lieto\u0161ana: uzkl\u0101jiet \u0161amp\u016bnu uz mitriem matiem, atst\u0101jiet uz 2-3 min\u016bt\u0113m un noskalojiet ar \u016bdeni.<\/p>\n<p>Piesardz\u012bbas pas\u0101kumi: tikai \u0101r\u012bgai lieto\u0161anai. Ja produkts nok\u013c\u016bst ac\u012bs, r\u016bp\u012bgi izskalojiet t\u0101s ar \u016bdeni, ja nepiecie\u0161ams, konsult\u0113jieties ar \u0101rstu.<\/p>\n<p>Br\u012bdin\u0101jumi: iesp\u0113jama paaugstin\u0101ta individu\u0101la jut\u012bba pret atsevi\u0161\u0137\u0101m sast\u0101vda\u013c\u0101m. Satur A vitam\u012bnu. L\u016bgums pirms lieto\u0161anas p\u0101rdom\u0101t savu dienas devu.<\/p>\n<p>Uzglab\u0101t temperat\u016br\u0101 no +5 \u00b0C l\u012bdz +25\u00b0C, sarg\u0101jot no tie\u0161iem saules stariem. Uzglab\u0101t vismaz 0,5 m att\u0101lum\u0101 no apkures ier\u012bc\u0113m.<\/p>\n<p>Der\u012bguma termi\u0146\u0161: 24 m\u0113ne\u0161i no izgatavo\u0161anas datuma.<\/p>\n","protected":false},"excerpt":{"rendered":"<p>\u0160amp\u016bns ir \u012bpa\u0161i izstr\u0101d\u0101ts maigai galvas \u0101das un matu att\u012br\u012b\u0161anai, efekt\u012bvi c\u012bnoties ar blaugzn\u0101m. \u0160amp\u016bna formula ir bag\u0101tin\u0101ta ar pretblaugznu komponentu Octopirox, kas veicina redzamu blaugznu samazin\u0101\u0161anos jau p\u0113c 6 lieto\u0161anas reiz\u0113m, k\u0101 ar\u012b ar sast\u0101vda\u013cu Symcalmin, kas nomierina \u0101du. Lieto\u0161ana: uzkl\u0101jiet \u0161amp\u016bnu uz mitriem matiem, atst\u0101jiet uz 2-3 min\u016bt\u0113m un noskalojiet ar \u016bdeni. Piesardz\u012bbas [&#8230;]\n","protected":false},"featured_media":96878,"template":"","meta":[],"product_cat":[1248],"product_tag":[],"class_list":{"0":"post-67656","1":"product","2":"type-product","3":"status-publish","4":"has-post-thumbnail","6":"product_brand-aljans-krasoti_ua","7":"product_cat-sampuni","9":"first","10":"instock","11":"taxable","12":"shipping-taxable","13":"product-type-simple"},"_links":{"self":[{"href":"https:\/\/e.kosmolat.eu\/lv\/wp-json\/wp\/v2\/product\/67656","targetHints":{"allow":["GET"]}}],"collection":[{"href":"https:\/\/e.kosmolat.eu\/lv\/wp-json\/wp\/v2\/product"}],"about":[{"href":"https:\/\/e.kosmolat.eu\/lv\/wp-json\/wp\/v2\/types\/product"}],"wp:featuredmedia":[{"embeddable":true,"href":"https:\/\/e.kosmolat.eu\/lv\/wp-json\/wp\/v2\/media\/96878"}],"wp:attachment":[{"href":"https:\/\/e.kosmolat.eu\/lv\/wp-json\/wp\/v2\/media?parent=67656"}],"wp:term":[{"taxonomy":"product_cat","embeddable":true,"href":"https:\/\/e.kosmolat.eu\/lv\/wp-json\/wp\/v2\/product_cat?post=67656"},{"taxonomy":"product_tag","embeddable":true,"href":"https:\/\/e.kosmolat.eu\/lv\/wp-json\/wp\/v2\/product_tag?post=67656"}],"curies":[{"name":"wp","href":"https:\/\/api.w.org\/{rel}","templated":true}]}}