{"id":67640,"date":"2025-04-28T05:49:16","date_gmt":"2025-04-28T05:49:16","guid":{"rendered":"https:\/\/e.kosmolat.eu\/product\/lk-iespaid-apjoms-un-matu-biezums-balzams-maska-ar-natru-un-medu-visiem-m-tip-370-ml\/"},"modified":"2026-04-02T06:45:28","modified_gmt":"2026-04-02T06:45:28","slug":"lk-iespaid-apjoms-un-matu-biezums-balzams-maska-ar-natru-un-medu-visiem-m-tip-370-ml","status":"publish","type":"product","link":"https:\/\/e.kosmolat.eu\/lv\/product\/lk-iespaid-apjoms-un-matu-biezums-balzams-maska-ar-natru-un-medu-visiem-m-tip-370-ml\/","title":{"rendered":"LK Iespaid. apjoms un matu biezums Balzams-maska ar n\u0101tru un medu visiem m. tip., 370 ml"},"content":{"rendered":"<p>Balzams-maska pie\u0161\u0137irs matiem ener\u0123iju, dz\u012bvotsp\u0113ju un saglab\u0101s vesel\u012bgu sp\u012bdumu. \u012apa\u0161a recept\u016bra ir bag\u0101tin\u0101ta ar n\u0101tres, kli\u0146\u0123er\u012b\u0161u, alvejas ekstraktiem un medu. Atgrieziet matiem z\u012bdain\u012bbu, koptu izskatu un dabisku mirdzumu!<\/p>\n<p>Lieto\u0161ana: uzkl\u0101jiet balzamu-masku uz t\u012briem, mitriem matiem, sadaliet vis\u0101 matu garum\u0101, atst\u0101jiet uz 2-3 min\u016bt\u0113m un noskalojiet ar siltu \u016bdeni.<\/p>\n<p>Piesardz\u012bbas pas\u0101kumi: tikai \u0101r\u012bgai lieto\u0161anai. Ja produkts iek\u013c\u016bst ac\u012bs, r\u016bp\u012bgi izskalojiet t\u0101s ar \u016bdeni, ja nepiecie\u0161ams, konsult\u0113jieties ar \u0101rstu.<\/p>\n<p>Br\u012bdin\u0101jumi: iesp\u0113jama paaugstin\u0101ta individu\u0101la jut\u012bba pret atsevi\u0161\u0137\u0101m sast\u0101vda\u013c\u0101m. Satur A vitam\u012bnu. L\u016bgums pirms lieto\u0161anas p\u0101rdom\u0101t savu dienas devu.<\/p>\n<p>Uzglab\u0101t temperat\u016br\u0101 no +5 \u00b0C l\u012bdz +25\u00b0C, sarg\u0101jot no tie\u0161iem saules stariem. Uzglab\u0101t vismaz 0,5 m att\u0101lum\u0101 no apkures ier\u012bc\u0113m.<\/p>\n<p>Der\u012bguma termi\u0146\u0161: 24 m\u0113ne\u0161i no izgatavo\u0161anas datuma.<\/p>\n","protected":false},"excerpt":{"rendered":"<p>Balzams-maska pie\u0161\u0137irs matiem ener\u0123iju, dz\u012bvotsp\u0113ju un saglab\u0101s vesel\u012bgu sp\u012bdumu. \u012apa\u0161a recept\u016bra ir bag\u0101tin\u0101ta ar n\u0101tres, kli\u0146\u0123er\u012b\u0161u, alvejas ekstraktiem un medu. Atgrieziet matiem z\u012bdain\u012bbu, koptu izskatu un dabisku mirdzumu! Lieto\u0161ana: uzkl\u0101jiet balzamu-masku uz t\u012briem, mitriem matiem, sadaliet vis\u0101 matu garum\u0101, atst\u0101jiet uz 2-3 min\u016bt\u0113m un noskalojiet ar siltu \u016bdeni. Piesardz\u012bbas pas\u0101kumi: tikai \u0101r\u012bgai lieto\u0161anai. Ja produkts [&#8230;]\n","protected":false},"featured_media":96870,"template":"","meta":[],"product_cat":[1639],"product_tag":[],"class_list":{"0":"post-67640","1":"product","2":"type-product","3":"status-publish","4":"has-post-thumbnail","6":"product_brand-aljans-krasoti_ua","7":"product_cat-1639","9":"first","10":"instock","11":"taxable","12":"shipping-taxable","13":"product-type-simple"},"_links":{"self":[{"href":"https:\/\/e.kosmolat.eu\/lv\/wp-json\/wp\/v2\/product\/67640","targetHints":{"allow":["GET"]}}],"collection":[{"href":"https:\/\/e.kosmolat.eu\/lv\/wp-json\/wp\/v2\/product"}],"about":[{"href":"https:\/\/e.kosmolat.eu\/lv\/wp-json\/wp\/v2\/types\/product"}],"wp:featuredmedia":[{"embeddable":true,"href":"https:\/\/e.kosmolat.eu\/lv\/wp-json\/wp\/v2\/media\/96870"}],"wp:attachment":[{"href":"https:\/\/e.kosmolat.eu\/lv\/wp-json\/wp\/v2\/media?parent=67640"}],"wp:term":[{"taxonomy":"product_cat","embeddable":true,"href":"https:\/\/e.kosmolat.eu\/lv\/wp-json\/wp\/v2\/product_cat?post=67640"},{"taxonomy":"product_tag","embeddable":true,"href":"https:\/\/e.kosmolat.eu\/lv\/wp-json\/wp\/v2\/product_tag?post=67640"}],"curies":[{"name":"wp","href":"https:\/\/api.w.org\/{rel}","templated":true}]}}