{"id":67632,"date":"2025-04-28T05:48:46","date_gmt":"2025-04-28T05:48:46","guid":{"rendered":"https:\/\/e.kosmolat.eu\/product\/lk-atjaunos-un-speks-balzams-maska-ar-kumel-un-smiltserks-ellu-visiem-m-tip-370-ml\/"},"modified":"2026-04-24T05:56:30","modified_gmt":"2026-04-24T05:56:30","slug":"lk-atjaunos-un-speks-balzams-maska-ar-kumel-un-smiltserks-ellu-visiem-m-tip-370-ml","status":"publish","type":"product","link":"https:\/\/e.kosmolat.eu\/lv\/product\/lk-atjaunos-un-speks-balzams-maska-ar-kumel-un-smiltserks-ellu-visiem-m-tip-370-ml\/","title":{"rendered":"LK Atjauno\u0161. un sp\u0113ks Balzams-maska ar kumel. un smilts\u0113rk\u0161. e\u013clu visiem m. tip., 370 ml"},"content":{"rendered":"<p>Balzams-maska ir piem\u0113rota visiem matu tipiem. Bag\u0101tin\u0101ta ar kerat\u012bnu, smilts\u0113rk\u0161\u0137u e\u013c\u013cu un kumel\u012b\u0161u ekstraktu, t\u0101 nodro\u0161ina lielisku kop\u0161anu vis\u0101 matu garum\u0101.<\/p>\n<p>Lieto\u0161ana: uzkl\u0101jiet balzamu-masku uz t\u012briem, mitriem matiem, sadaliet vis\u0101 matu garum\u0101, atst\u0101jiet uz 2-3 min\u016bt\u0113m un noskalojiet ar siltu \u016bdeni.<\/p>\n<p>Piesardz\u012bbas pas\u0101kumi: tikai \u0101r\u012bgai lieto\u0161anai. Ja produkts iek\u013c\u016bst ac\u012bs, r\u016bp\u012bgi izskalojiet t\u0101s ar \u016bdeni, ja nepiecie\u0161ams, konsult\u0113jieties ar \u0101rstu.<\/p>\n<p>Br\u012bdin\u0101jums: iesp\u0113jama individu\u0101la paaugstin\u0101ta jut\u012bba pret atsevi\u0161\u0137\u0101m sast\u0101vda\u013c\u0101m.<\/p>\n<p>Uzglab\u0101t temperat\u016br\u0101 no +5 \u00b0C l\u012bdz +25\u00b0C, sarg\u0101jot no tie\u0161iem saules stariem. Uzglab\u0101t vismaz 0,5 m att\u0101lum\u0101 no apkures ier\u012bc\u0113m.<\/p>\n<p>Der\u012bguma termi\u0146\u0161: 24 m\u0113ne\u0161i no izgatavo\u0161anas datuma.<\/p>\n","protected":false},"excerpt":{"rendered":"<p>Balzams-maska ir piem\u0113rota visiem matu tipiem. Bag\u0101tin\u0101ta ar kerat\u012bnu, smilts\u0113rk\u0161\u0137u e\u013c\u013cu un kumel\u012b\u0161u ekstraktu, t\u0101 nodro\u0161ina lielisku kop\u0161anu vis\u0101 matu garum\u0101. Lieto\u0161ana: uzkl\u0101jiet balzamu-masku uz t\u012briem, mitriem matiem, sadaliet vis\u0101 matu garum\u0101, atst\u0101jiet uz 2-3 min\u016bt\u0113m un noskalojiet ar siltu \u016bdeni. Piesardz\u012bbas pas\u0101kumi: tikai \u0101r\u012bgai lieto\u0161anai. Ja produkts iek\u013c\u016bst ac\u012bs, r\u016bp\u012bgi izskalojiet t\u0101s ar \u016bdeni, [&#8230;]\n","protected":false},"featured_media":96862,"template":"","meta":[],"product_cat":[1638],"product_tag":[],"class_list":{"0":"post-67632","1":"product","2":"type-product","3":"status-publish","4":"has-post-thumbnail","6":"product_brand-aljans-krasoti_ua","7":"product_cat-balzami","9":"first","10":"instock","11":"taxable","12":"shipping-taxable","13":"product-type-simple"},"_links":{"self":[{"href":"https:\/\/e.kosmolat.eu\/lv\/wp-json\/wp\/v2\/product\/67632","targetHints":{"allow":["GET"]}}],"collection":[{"href":"https:\/\/e.kosmolat.eu\/lv\/wp-json\/wp\/v2\/product"}],"about":[{"href":"https:\/\/e.kosmolat.eu\/lv\/wp-json\/wp\/v2\/types\/product"}],"wp:featuredmedia":[{"embeddable":true,"href":"https:\/\/e.kosmolat.eu\/lv\/wp-json\/wp\/v2\/media\/96862"}],"wp:attachment":[{"href":"https:\/\/e.kosmolat.eu\/lv\/wp-json\/wp\/v2\/media?parent=67632"}],"wp:term":[{"taxonomy":"product_cat","embeddable":true,"href":"https:\/\/e.kosmolat.eu\/lv\/wp-json\/wp\/v2\/product_cat?post=67632"},{"taxonomy":"product_tag","embeddable":true,"href":"https:\/\/e.kosmolat.eu\/lv\/wp-json\/wp\/v2\/product_tag?post=67632"}],"curies":[{"name":"wp","href":"https:\/\/api.w.org\/{rel}","templated":true}]}}