{"id":67624,"date":"2025-04-28T05:48:28","date_gmt":"2025-04-28T05:48:28","guid":{"rendered":"https:\/\/e.kosmolat.eu\/product\/lk-iespaidigs-apjoms-un-matu-biezums-samp-ar-natru-un-medu-visiem-m-tip-500-ml\/"},"modified":"2025-09-23T05:42:44","modified_gmt":"2025-09-23T05:42:44","slug":"lk-iespaidigs-apjoms-un-matu-biezums-samp-ar-natru-un-medu-visiem-m-tip-500-ml","status":"publish","type":"product","link":"https:\/\/e.kosmolat.eu\/lv\/product\/lk-iespaidigs-apjoms-un-matu-biezums-samp-ar-natru-un-medu-visiem-m-tip-500-ml\/","title":{"rendered":"LK Iespaid\u012bgs apjoms un matu biezums \u0161amp. ar n\u0101tru un medu visiem m. tip., 500 ml"},"content":{"rendered":"<p>\u0160amp\u016bns ir izstr\u0101d\u0101ts, lai att\u012br\u012btu matus un pie\u0161\u0137irtu tiem koptu izskatu. Recept\u016bra ir bag\u0101tin\u0101ta ar n\u0101tres un medus ekstraktiem, k\u0101 ar\u012b kukur\u016bzas prote\u012bniem. Piem\u0113rots ikdienas lieto\u0161anai.<\/p>\n<p>Lieto\u0161ana: uzkl\u0101jiet uz mitriem matiem, saputojiet un noskalojiet ar \u016bdeni.<\/p>\n<p>Piesardz\u012bbas pas\u0101kumi: tikai \u0101r\u012bgai lieto\u0161anai. Ja produkts nok\u013c\u016bst ac\u012bs, r\u016bp\u012bgi izskalot t\u0101s ar \u016bdeni, un, ja nepiecie\u0161ams, konsult\u0113ties ar \u0101rstu.<\/p>\n<p>Br\u012bdin\u0101jumi: iesp\u0113jama paaugstin\u0101ta individu\u0101la jut\u012bba pret atsevi\u0161\u0137\u0101m sast\u0101vda\u013c\u0101m. Satur A vitam\u012bnu. L\u016bgums pirms lieto\u0161anas p\u0101rdom\u0101t savu dienas devu.<\/p>\n<p>Uzglab\u0101t temperat\u016br\u0101 no +5 \u00b0C l\u012bdz +25\u00b0C, sarg\u0101jot no tie\u0161iem saules stariem. Uzglab\u0101t vismaz 0,5 m att\u0101lum\u0101 no apkures ier\u012bc\u0113m.<\/p>\n<p>Der\u012bguma termi\u0146\u0161: 30 m\u0113ne\u0161i no izgatavo\u0161anas datuma.<\/p>\n","protected":false},"excerpt":{"rendered":"<p>\u0160amp\u016bns ir izstr\u0101d\u0101ts, lai att\u012br\u012btu matus un pie\u0161\u0137irtu tiem koptu izskatu. Recept\u016bra ir bag\u0101tin\u0101ta ar n\u0101tres un medus ekstraktiem, k\u0101 ar\u012b kukur\u016bzas prote\u012bniem. Piem\u0113rots ikdienas lieto\u0161anai. Lieto\u0161ana: uzkl\u0101jiet uz mitriem matiem, saputojiet un noskalojiet ar \u016bdeni. Piesardz\u012bbas pas\u0101kumi: tikai \u0101r\u012bgai lieto\u0161anai. Ja produkts nok\u013c\u016bst ac\u012bs, r\u016bp\u012bgi izskalot t\u0101s ar \u016bdeni, un, ja nepiecie\u0161ams, konsult\u0113ties ar [&#8230;]\n","protected":false},"featured_media":96505,"template":"","meta":[],"product_cat":[1251],"product_tag":[],"class_list":{"0":"post-67624","1":"product","2":"type-product","3":"status-publish","4":"has-post-thumbnail","6":"product_brand-aljans-krasoti_ua","7":"product_cat-sampunai","9":"first","10":"outofstock","11":"taxable","12":"shipping-taxable","13":"product-type-simple"},"_links":{"self":[{"href":"https:\/\/e.kosmolat.eu\/lv\/wp-json\/wp\/v2\/product\/67624","targetHints":{"allow":["GET"]}}],"collection":[{"href":"https:\/\/e.kosmolat.eu\/lv\/wp-json\/wp\/v2\/product"}],"about":[{"href":"https:\/\/e.kosmolat.eu\/lv\/wp-json\/wp\/v2\/types\/product"}],"wp:featuredmedia":[{"embeddable":true,"href":"https:\/\/e.kosmolat.eu\/lv\/wp-json\/wp\/v2\/media\/96505"}],"wp:attachment":[{"href":"https:\/\/e.kosmolat.eu\/lv\/wp-json\/wp\/v2\/media?parent=67624"}],"wp:term":[{"taxonomy":"product_cat","embeddable":true,"href":"https:\/\/e.kosmolat.eu\/lv\/wp-json\/wp\/v2\/product_cat?post=67624"},{"taxonomy":"product_tag","embeddable":true,"href":"https:\/\/e.kosmolat.eu\/lv\/wp-json\/wp\/v2\/product_tag?post=67624"}],"curies":[{"name":"wp","href":"https:\/\/api.w.org\/{rel}","templated":true}]}}