{"id":67616,"date":"2025-04-28T05:48:09","date_gmt":"2025-04-28T05:48:09","guid":{"rendered":"https:\/\/e.kosmolat.eu\/product\/lk-sampuns-pret-matu-izkr-ar-olivellu-un-dizdadza-ellu-visiem-m-tip-500-ml\/"},"modified":"2026-04-02T06:44:46","modified_gmt":"2026-04-02T06:44:46","slug":"lk-sampuns-pret-matu-izkr-ar-olivellu-un-dizdadza-ellu-visiem-m-tip-500-ml","status":"publish","type":"product","link":"https:\/\/e.kosmolat.eu\/lv\/product\/lk-sampuns-pret-matu-izkr-ar-olivellu-un-dizdadza-ellu-visiem-m-tip-500-ml\/","title":{"rendered":"LK \u0160amp\u016bns pret matu izkr. ar ol\u012bve\u013clu un di\u017edad\u017ea e\u013clu visiem m. tip., 500 ml"},"content":{"rendered":"<p>\u0160amp\u016bns ir izstr\u0101d\u0101ts, lai maigi att\u012br\u012btu pl\u0101nus, nov\u0101jin\u0101tus matus ar tendenci uz izkri\u0161anu. Tas kopj matus, pie\u0161\u0137irot tiem dabisku apjomu un kuplumu. Piem\u0113rots ikdienas lieto\u0161anai.<\/p>\n<p>Lieto\u0161ana: uzkl\u0101jiet uz mitriem matiem, saputojiet un noskalojiet ar \u016bdeni.<\/p>\n<p>Piesardz\u012bbas pas\u0101kumi: tikai \u0101r\u012bgai lieto\u0161anai. Ja produkts iek\u013c\u016bst ac\u012bs, r\u016bp\u012bgi izskalojiet t\u0101s ar \u016bdeni, ja nepiecie\u0161ams, konsult\u0113jieties ar \u0101rstu.<\/p>\n<p>Br\u012bdin\u0101jums: iesp\u0113jama paaugstin\u0101ta individu\u0101la jut\u012bba pret atsevi\u0161\u0137\u0101m sast\u0101vda\u013c\u0101m.<\/p>\n<p>Uzglab\u0101t temperat\u016br\u0101 no +5 \u00b0C l\u012bdz +25\u00b0C, sarg\u0101jot no tie\u0161iem saules stariem. Uzglab\u0101t vismaz 0,5 m att\u0101lum\u0101 no apkures ier\u012bc\u0113m.<\/p>\n<p>Der\u012bguma termi\u0146\u0161: 30 m\u0113ne\u0161i no izgatavo\u0161anas datuma.<\/p>\n","protected":false},"excerpt":{"rendered":"<p>\u0160amp\u016bns ir izstr\u0101d\u0101ts, lai maigi att\u012br\u012btu pl\u0101nus, nov\u0101jin\u0101tus matus ar tendenci uz izkri\u0161anu. Tas kopj matus, pie\u0161\u0137irot tiem dabisku apjomu un kuplumu. Piem\u0113rots ikdienas lieto\u0161anai. Lieto\u0161ana: uzkl\u0101jiet uz mitriem matiem, saputojiet un noskalojiet ar \u016bdeni. Piesardz\u012bbas pas\u0101kumi: tikai \u0101r\u012bgai lieto\u0161anai. Ja produkts iek\u013c\u016bst ac\u012bs, r\u016bp\u012bgi izskalojiet t\u0101s ar \u016bdeni, ja nepiecie\u0161ams, konsult\u0113jieties ar \u0101rstu. Br\u012bdin\u0101jums: [&#8230;]\n","protected":false},"featured_media":96858,"template":"","meta":[],"product_cat":[1248],"product_tag":[],"class_list":{"0":"post-67616","1":"product","2":"type-product","3":"status-publish","4":"has-post-thumbnail","6":"product_brand-aljans-krasoti_ua","7":"product_cat-sampuni","9":"first","10":"instock","11":"taxable","12":"shipping-taxable","13":"product-type-simple"},"_links":{"self":[{"href":"https:\/\/e.kosmolat.eu\/lv\/wp-json\/wp\/v2\/product\/67616","targetHints":{"allow":["GET"]}}],"collection":[{"href":"https:\/\/e.kosmolat.eu\/lv\/wp-json\/wp\/v2\/product"}],"about":[{"href":"https:\/\/e.kosmolat.eu\/lv\/wp-json\/wp\/v2\/types\/product"}],"wp:featuredmedia":[{"embeddable":true,"href":"https:\/\/e.kosmolat.eu\/lv\/wp-json\/wp\/v2\/media\/96858"}],"wp:attachment":[{"href":"https:\/\/e.kosmolat.eu\/lv\/wp-json\/wp\/v2\/media?parent=67616"}],"wp:term":[{"taxonomy":"product_cat","embeddable":true,"href":"https:\/\/e.kosmolat.eu\/lv\/wp-json\/wp\/v2\/product_cat?post=67616"},{"taxonomy":"product_tag","embeddable":true,"href":"https:\/\/e.kosmolat.eu\/lv\/wp-json\/wp\/v2\/product_tag?post=67616"}],"curies":[{"name":"wp","href":"https:\/\/api.w.org\/{rel}","templated":true}]}}