{"id":67608,"date":"2025-04-28T05:47:51","date_gmt":"2025-04-28T05:47:51","guid":{"rendered":"https:\/\/e.kosmolat.eu\/product\/lk-atjaun-un-speks-sampuns-ar-kumeliti-un-smiltserksku-ellu-visiem-m-tip-500-ml\/"},"modified":"2026-04-02T06:44:34","modified_gmt":"2026-04-02T06:44:34","slug":"lk-atjaun-un-speks-sampuns-ar-kumeliti-un-smiltserksku-ellu-visiem-m-tip-500-ml","status":"publish","type":"product","link":"https:\/\/e.kosmolat.eu\/lv\/product\/lk-atjaun-un-speks-sampuns-ar-kumeliti-un-smiltserksku-ellu-visiem-m-tip-500-ml\/","title":{"rendered":"LK Atjaun. un sp\u0113ks \u0160amp\u016bns ar kumel\u012bti un smilts\u0113rk\u0161\u0137u e\u013clu visiem m. tip., 500 ml"},"content":{"rendered":"<p>\u0160amp\u016bns, bag\u0101tin\u0101ts ar smilts\u0113rk\u0161\u0137u e\u013c\u013cu un kumel\u012b\u0161u ekstraktu, nodro\u0161ina saudz\u012bgu att\u012br\u012b\u0161anu vis\u0101 matu garum\u0101. Piem\u0113rots visiem matu tipiem. Ar katru lieto\u0161anas reizi mati izskat\u0101s kopt\u0101ki un vesel\u012bg\u0101ki! <\/p>\n<p>Lieto\u0161ana: uzkl\u0101jiet uz mitriem matiem, saputojiet un noskalojiet ar \u016bdeni.<br \/>\nPiesardz\u012bbas pas\u0101kumi: tikai \u0101r\u012bgai lieto\u0161anai. Ja produkts iek\u013c\u016bst ac\u012bs, r\u016bp\u012bgi izskalojiet t\u0101s ar \u016bdeni, ja nepiecie\u0161ams, konsult\u0113jieties ar \u0101rstu.<\/p>\n<p>Br\u012bdin\u0101jums: iesp\u0113jama paaugstin\u0101ta individu\u0101la jut\u012bba pret atsevi\u0161\u0137\u0101m sast\u0101vda\u013c\u0101m.<\/p>\n<p>Uzglab\u0101t temperat\u016br\u0101 no +5 \u00b0C l\u012bdz +25\u00b0C, sarg\u0101jot no tie\u0161iem saules stariem. Uzglab\u0101t vismaz 0,5 m att\u0101lum\u0101 no apkures ier\u012bc\u0113m.<\/p>\n<p>Der\u012bguma termi\u0146\u0161: 30 m\u0113ne\u0161i no izgatavo\u0161anas datuma.<\/p>\n","protected":false},"excerpt":{"rendered":"<p>\u0160amp\u016bns, bag\u0101tin\u0101ts ar smilts\u0113rk\u0161\u0137u e\u013c\u013cu un kumel\u012b\u0161u ekstraktu, nodro\u0161ina saudz\u012bgu att\u012br\u012b\u0161anu vis\u0101 matu garum\u0101. Piem\u0113rots visiem matu tipiem. Ar katru lieto\u0161anas reizi mati izskat\u0101s kopt\u0101ki un vesel\u012bg\u0101ki! Lieto\u0161ana: uzkl\u0101jiet uz mitriem matiem, saputojiet un noskalojiet ar \u016bdeni. Piesardz\u012bbas pas\u0101kumi: tikai \u0101r\u012bgai lieto\u0161anai. Ja produkts iek\u013c\u016bst ac\u012bs, r\u016bp\u012bgi izskalojiet t\u0101s ar \u016bdeni, ja nepiecie\u0161ams, konsult\u0113jieties ar [&#8230;]\n","protected":false},"featured_media":96854,"template":"","meta":[],"product_cat":[1248],"product_tag":[],"class_list":{"0":"post-67608","1":"product","2":"type-product","3":"status-publish","4":"has-post-thumbnail","6":"product_brand-aljans-krasoti_ua","7":"product_cat-sampuni","9":"first","10":"instock","11":"taxable","12":"shipping-taxable","13":"product-type-simple"},"_links":{"self":[{"href":"https:\/\/e.kosmolat.eu\/lv\/wp-json\/wp\/v2\/product\/67608","targetHints":{"allow":["GET"]}}],"collection":[{"href":"https:\/\/e.kosmolat.eu\/lv\/wp-json\/wp\/v2\/product"}],"about":[{"href":"https:\/\/e.kosmolat.eu\/lv\/wp-json\/wp\/v2\/types\/product"}],"wp:featuredmedia":[{"embeddable":true,"href":"https:\/\/e.kosmolat.eu\/lv\/wp-json\/wp\/v2\/media\/96854"}],"wp:attachment":[{"href":"https:\/\/e.kosmolat.eu\/lv\/wp-json\/wp\/v2\/media?parent=67608"}],"wp:term":[{"taxonomy":"product_cat","embeddable":true,"href":"https:\/\/e.kosmolat.eu\/lv\/wp-json\/wp\/v2\/product_cat?post=67608"},{"taxonomy":"product_tag","embeddable":true,"href":"https:\/\/e.kosmolat.eu\/lv\/wp-json\/wp\/v2\/product_tag?post=67608"}],"curies":[{"name":"wp","href":"https:\/\/api.w.org\/{rel}","templated":true}]}}