{"id":67592,"date":"2025-04-28T05:46:57","date_gmt":"2025-04-28T05:46:57","guid":{"rendered":"https:\/\/e.kosmolat.eu\/product\/family-doctor-fito-formula-sampuns-pret-matu-izkrisanu-500-ml\/"},"modified":"2026-03-30T16:46:13","modified_gmt":"2026-03-30T16:46:13","slug":"family-doctor-fito-formula-sampuns-pret-matu-izkrisanu-500-ml","status":"publish","type":"product","link":"https:\/\/e.kosmolat.eu\/lv\/product\/family-doctor-fito-formula-sampuns-pret-matu-izkrisanu-500-ml\/","title":{"rendered":"Family Doctor Fito-formula \u0160amp\u016bns pret matu izkri\u0161anu, 500 ml"},"content":{"rendered":"<p>\u0160amp\u016bns ir paredz\u0113ts maigai matu att\u012br\u012b\u0161anai. Fitoformula ir bag\u0101tin\u0101ta ar ozolkoka mizas, n\u0101tres, ce\u013cmallapu, soforas, salvijas, kumel\u012b\u0161u un pundurpalmas ekstraktiem.<\/p>\n<p>Lieto\u0161ana: uzkl\u0101t uz mitriem matiem, saputot, un p\u0113c 2\u20133 min\u016bt\u0113m noskalot ar \u016bdeni.<\/p>\n<p>Piesardz\u012bbas pas\u0101kumi: Iesp\u0113jama individu\u0101la jut\u012bba pret atsevi\u0161\u0137\u0101m sast\u0101vda\u013c\u0101m.<\/p>\n<p>Uzglab\u0101\u0161ana: Uzglab\u0101t temperat\u016br\u0101 no +5 l\u012bdz +25 \u00b0C. Sarg\u0101t no tie\u0161iem saules stariem. Glab\u0101t vismaz 0,5 m att\u0101lum\u0101 no iesl\u0113gt\u0101m apkures ier\u012bc\u0113m.<\/p>\n<p>Der\u012bguma termi\u0146\u0161: 30 m\u0113ne\u0161i no izgatavo\u0161anas datuma.<\/p>\n","protected":false},"excerpt":{"rendered":"<p>\u0160amp\u016bns ir paredz\u0113ts maigai matu att\u012br\u012b\u0161anai. Fitoformula ir bag\u0101tin\u0101ta ar ozolkoka mizas, n\u0101tres, ce\u013cmallapu, soforas, salvijas, kumel\u012b\u0161u un pundurpalmas ekstraktiem. Lieto\u0161ana: uzkl\u0101t uz mitriem matiem, saputot, un p\u0113c 2\u20133 min\u016bt\u0113m noskalot ar \u016bdeni. Piesardz\u012bbas pas\u0101kumi: Iesp\u0113jama individu\u0101la jut\u012bba pret atsevi\u0161\u0137\u0101m sast\u0101vda\u013c\u0101m. Uzglab\u0101\u0161ana: Uzglab\u0101t temperat\u016br\u0101 no +5 l\u012bdz +25 \u00b0C. Sarg\u0101t no tie\u0161iem saules stariem. Glab\u0101t [&#8230;]\n","protected":false},"featured_media":96838,"template":"","meta":[],"product_cat":[1248],"product_tag":[],"class_list":{"0":"post-67592","1":"product","2":"type-product","3":"status-publish","4":"has-post-thumbnail","6":"product_brand-aljans-krasoti_ua","7":"product_cat-sampuni","9":"first","10":"instock","11":"taxable","12":"shipping-taxable","13":"product-type-simple"},"_links":{"self":[{"href":"https:\/\/e.kosmolat.eu\/lv\/wp-json\/wp\/v2\/product\/67592","targetHints":{"allow":["GET"]}}],"collection":[{"href":"https:\/\/e.kosmolat.eu\/lv\/wp-json\/wp\/v2\/product"}],"about":[{"href":"https:\/\/e.kosmolat.eu\/lv\/wp-json\/wp\/v2\/types\/product"}],"wp:featuredmedia":[{"embeddable":true,"href":"https:\/\/e.kosmolat.eu\/lv\/wp-json\/wp\/v2\/media\/96838"}],"wp:attachment":[{"href":"https:\/\/e.kosmolat.eu\/lv\/wp-json\/wp\/v2\/media?parent=67592"}],"wp:term":[{"taxonomy":"product_cat","embeddable":true,"href":"https:\/\/e.kosmolat.eu\/lv\/wp-json\/wp\/v2\/product_cat?post=67592"},{"taxonomy":"product_tag","embeddable":true,"href":"https:\/\/e.kosmolat.eu\/lv\/wp-json\/wp\/v2\/product_tag?post=67592"}],"curies":[{"name":"wp","href":"https:\/\/api.w.org\/{rel}","templated":true}]}}