{"id":67568,"date":"2025-04-28T05:26:22","date_gmt":"2025-04-28T05:26:22","guid":{"rendered":"https:\/\/e.kosmolat.eu\/product\/eclp-deo-krems-kajam-100-ml\/"},"modified":"2026-02-13T11:39:51","modified_gmt":"2026-02-13T11:39:51","slug":"eclp-deo-krems-kajam-100-ml","status":"publish","type":"product","link":"https:\/\/e.kosmolat.eu\/lv\/product\/eclp-deo-krems-kajam-100-ml\/","title":{"rendered":"ECLP Deo-kr\u0113ms k\u0101j\u0101m, 100 ml"},"content":{"rendered":"<p>Deo-kr\u0113ms k\u0101j\u0101m ECOLATIER\u00ae POWER atsvaidzina un aizsarg\u0101 \u0101du no nepat\u012bkam\u0101m smak\u0101m, k\u0101 ar\u012b pal\u012bdz mazin\u0101t k\u0101ju diskomfortu. Tas \u0101tri ies\u016bcas, efekt\u012bvi mitrina un m\u012bkstina \u0101du, nodro\u0161inot t\u012br\u012bbas un svaiguma saj\u016btu visas dienas garum\u0101.<\/p>\n<p>Akt\u012bv\u0101s sast\u0101vda\u013cas: \u0161\u012b sviests dzi\u013ci mitrina un baro \u0101du, padarot to maigu. Rozmar\u012bna e\u013c\u013ca atjauno \u0101du. Piparm\u0113tras ekstraktam piem\u012bt nomierino\u0161a un atv\u0113sino\u0161a iedarb\u012bba, sniedzot \u0101dai svaiguma un komforta saj\u016btu.<\/p>\n<p>Lieto\u0161ana: uzkl\u0101t uz t\u012bras, sausas p\u0113du \u0101das, l\u012bdz l\u012bdzeklis piln\u012bb\u0101 ies\u016bcas. Tikai \u0101r\u012bgai lieto\u0161anai.<\/p>\n","protected":false},"excerpt":{"rendered":"<p>Deo-kr\u0113ms k\u0101j\u0101m ECOLATIER\u00ae POWER atsvaidzina un aizsarg\u0101 \u0101du no nepat\u012bkam\u0101m smak\u0101m, k\u0101 ar\u012b pal\u012bdz mazin\u0101t k\u0101ju diskomfortu. Tas \u0101tri ies\u016bcas, efekt\u012bvi mitrina un m\u012bkstina \u0101du, nodro\u0161inot t\u012br\u012bbas un svaiguma saj\u016btu visas dienas garum\u0101. Akt\u012bv\u0101s sast\u0101vda\u013cas: \u0161\u012b sviests dzi\u013ci mitrina un baro \u0101du, padarot to maigu. Rozmar\u012bna e\u013c\u013ca atjauno \u0101du. Piparm\u0113tras ekstraktam piem\u012bt nomierino\u0161a un atv\u0113sino\u0161a [&#8230;]\n","protected":false},"featured_media":98353,"template":"","meta":[],"product_cat":[1761],"product_tag":[],"class_list":{"0":"post-67568","1":"product","2":"type-product","3":"status-publish","4":"has-post-thumbnail","6":"product_brand-ecolab_cs","7":"product_cat-kaju-kopsanas-kosmetika","9":"first","10":"instock","11":"taxable","12":"shipping-taxable","13":"product-type-simple"},"_links":{"self":[{"href":"https:\/\/e.kosmolat.eu\/lv\/wp-json\/wp\/v2\/product\/67568","targetHints":{"allow":["GET"]}}],"collection":[{"href":"https:\/\/e.kosmolat.eu\/lv\/wp-json\/wp\/v2\/product"}],"about":[{"href":"https:\/\/e.kosmolat.eu\/lv\/wp-json\/wp\/v2\/types\/product"}],"wp:featuredmedia":[{"embeddable":true,"href":"https:\/\/e.kosmolat.eu\/lv\/wp-json\/wp\/v2\/media\/98353"}],"wp:attachment":[{"href":"https:\/\/e.kosmolat.eu\/lv\/wp-json\/wp\/v2\/media?parent=67568"}],"wp:term":[{"taxonomy":"product_cat","embeddable":true,"href":"https:\/\/e.kosmolat.eu\/lv\/wp-json\/wp\/v2\/product_cat?post=67568"},{"taxonomy":"product_tag","embeddable":true,"href":"https:\/\/e.kosmolat.eu\/lv\/wp-json\/wp\/v2\/product_tag?post=67568"}],"curies":[{"name":"wp","href":"https:\/\/api.w.org\/{rel}","templated":true}]}}