{"id":67560,"date":"2025-04-28T05:26:04","date_gmt":"2025-04-28T05:26:04","guid":{"rendered":"https:\/\/e.kosmolat.eu\/product\/ecl-organic-argana-eksfol-sejas-toniks-atjaunos-un-baros-150-ml\/"},"modified":"2026-04-15T09:59:52","modified_gmt":"2026-04-15T09:59:52","slug":"ecl-organic-argana-eksfol-sejas-toniks-atjaunos-un-baros-150-ml","status":"publish","type":"product","link":"https:\/\/e.kosmolat.eu\/lv\/product\/ecl-organic-argana-eksfol-sejas-toniks-atjaunos-un-baros-150-ml\/","title":{"rendered":"ECL Organic Argana Eksfol. sejas toniks Atjauno\u0161. un baro\u0161., 150 ml"},"content":{"rendered":"<p>Sejas toniks ar maigu p\u012blinga efektu satur dab\u012bgas un organiskas sast\u0101vda\u013cas. Tas saudz\u012bgi att\u012bra un atdz\u012bvina \u0101du, uzlabo mikrocirkul\u0101ciju, un veicina \u0161\u016bnu atjauno\u0161anos.<\/p>\n<p>Organisk\u0101 arg\u0101na e\u013c\u013ca ir bag\u0101ta ar A un E vitam\u012bniem, k\u0101 ar\u012b antioksidantiem, omega-6 tauksk\u0101b\u0113m un linolsk\u0101bi. Kosm\u0113tikas lieto\u0161ana ar arg\u0101na e\u013c\u013cu pal\u012bdz uzlabot \u0101das st\u0101vokli, palielin\u0101t t\u0101s elast\u012bbu, samazin\u0101t smalk\u0101s grumbas un uztur\u0113t optim\u0101lu mitruma l\u012bmeni.<\/p>\n<p>Pantenols nodro\u0161ina izteiktu atjaunojo\u0161u, mitrino\u0161u un m\u012bkstino\u0161u efektu<\/p>\n<p>Lieto\u0161ana: Uzkl\u0101jiet nelielu daudzumu tonika uz vates diska un viegli not\u012briet \u0101du. Nav nepiecie\u0161ams noskalot. Tikai \u0101r\u012bgai lieto\u0161anai.<\/p>\n","protected":false},"excerpt":{"rendered":"<p>Sejas toniks ar maigu p\u012blinga efektu satur dab\u012bgas un organiskas sast\u0101vda\u013cas. Tas saudz\u012bgi att\u012bra un atdz\u012bvina \u0101du, uzlabo mikrocirkul\u0101ciju, un veicina \u0161\u016bnu atjauno\u0161anos. Organisk\u0101 arg\u0101na e\u013c\u013ca ir bag\u0101ta ar A un E vitam\u012bniem, k\u0101 ar\u012b antioksidantiem, omega-6 tauksk\u0101b\u0113m un linolsk\u0101bi. Kosm\u0113tikas lieto\u0161ana ar arg\u0101na e\u013c\u013cu pal\u012bdz uzlabot \u0101das st\u0101vokli, palielin\u0101t t\u0101s elast\u012bbu, samazin\u0101t smalk\u0101s grumbas [&#8230;]\n","protected":false},"featured_media":93358,"template":"","meta":[],"product_cat":[1999],"product_tag":[],"class_list":{"0":"post-67560","1":"product","2":"type-product","3":"status-publish","4":"has-post-thumbnail","6":"product_brand-ecolab_cs","7":"product_cat-bez-kategorijas","9":"first","10":"instock","11":"taxable","12":"shipping-taxable","13":"product-type-simple"},"_links":{"self":[{"href":"https:\/\/e.kosmolat.eu\/lv\/wp-json\/wp\/v2\/product\/67560","targetHints":{"allow":["GET"]}}],"collection":[{"href":"https:\/\/e.kosmolat.eu\/lv\/wp-json\/wp\/v2\/product"}],"about":[{"href":"https:\/\/e.kosmolat.eu\/lv\/wp-json\/wp\/v2\/types\/product"}],"wp:featuredmedia":[{"embeddable":true,"href":"https:\/\/e.kosmolat.eu\/lv\/wp-json\/wp\/v2\/media\/93358"}],"wp:attachment":[{"href":"https:\/\/e.kosmolat.eu\/lv\/wp-json\/wp\/v2\/media?parent=67560"}],"wp:term":[{"taxonomy":"product_cat","embeddable":true,"href":"https:\/\/e.kosmolat.eu\/lv\/wp-json\/wp\/v2\/product_cat?post=67560"},{"taxonomy":"product_tag","embeddable":true,"href":"https:\/\/e.kosmolat.eu\/lv\/wp-json\/wp\/v2\/product_tag?post=67560"}],"curies":[{"name":"wp","href":"https:\/\/api.w.org\/{rel}","templated":true}]}}