{"id":67552,"date":"2025-04-28T05:25:44","date_gmt":"2025-04-28T05:25:44","guid":{"rendered":"https:\/\/e.kosmolat.eu\/product\/ecl-organic-argana-serums-sejai-un-dekolte-zonai-atjaun-un-baroj-50-ml\/"},"modified":"2026-04-22T09:37:25","modified_gmt":"2026-04-22T09:37:25","slug":"ecl-organic-argana-serums-sejai-un-dekolte-zonai-atjaun-un-baroj-50-ml","status":"publish","type":"product","link":"https:\/\/e.kosmolat.eu\/lv\/product\/ecl-organic-argana-serums-sejai-un-dekolte-zonai-atjaun-un-baroj-50-ml\/","title":{"rendered":"ECL Organic Argana Serums sejai un dekolt\u0113 zonai Atjaun. un baroj., 50 ml"},"content":{"rendered":"<p>E\u013c\u013cas serums sejai un dekolt\u0113 zonai ar arg\u0101na e\u013c\u013cu satur dab\u012bgas un organiskas sast\u0101vda\u013cas. Tam ir viegla tekst\u016bra un bag\u0101t\u012bga formula, kas atjauno \u0101das mitruma l\u012bdzsvaru, baro \u0101du un padara to maigu un elast\u012bgu.<\/p>\n<p>Organisk\u0101 arg\u0101na e\u013c\u013ca, ieg\u016bta ar aukst\u0101s pres\u0113\u0161anas metodi, ir bag\u0101ta ar omega tauksk\u0101b\u0113m un vitam\u012bniem. T\u0101s viegl\u0101, netaukain\u0101 formula \u0101tri uzs\u016bcas \u0101d\u0101, neaizsprosto poras, pies\u0101tina \u0161\u016bnas ar noder\u012bg\u0101m viel\u0101m, atbalsta vesel\u012bgu \u0101das barjeru un uzlabo \u0101das tvirtumu.<\/p>\n<p>Vitam\u012bnu un miner\u0101lvielu komplekss stiprina un atjauno \u0101du un lip\u012bdu sl\u0101ni, tam piem\u012bt augsta antioksidanta iedarb\u012bba, un tas uzlabo \u0101das aizsargfunkcijas.<\/p>\n<p>Lieto\u0161ana: pirms lieto\u0161anas k\u0101rt\u012bgi sakratiet, lai sajauktu abas f\u0101zes. Uzkl\u0101jiet da\u017eus pilienus uz \u0101das un maigi iemas\u0113jiet. Tikai \u0101r\u012bgai lieto\u0161anai.<\/p>\n","protected":false},"excerpt":{"rendered":"<p>E\u013c\u013cas serums sejai un dekolt\u0113 zonai ar arg\u0101na e\u013c\u013cu satur dab\u012bgas un organiskas sast\u0101vda\u013cas. Tam ir viegla tekst\u016bra un bag\u0101t\u012bga formula, kas atjauno \u0101das mitruma l\u012bdzsvaru, baro \u0101du un padara to maigu un elast\u012bgu. Organisk\u0101 arg\u0101na e\u013c\u013ca, ieg\u016bta ar aukst\u0101s pres\u0113\u0161anas metodi, ir bag\u0101ta ar omega tauksk\u0101b\u0113m un vitam\u012bniem. T\u0101s viegl\u0101, netaukain\u0101 formula \u0101tri uzs\u016bcas [&#8230;]\n","protected":false},"featured_media":93354,"template":"","meta":[],"product_cat":[1999],"product_tag":[],"class_list":{"0":"post-67552","1":"product","2":"type-product","3":"status-publish","4":"has-post-thumbnail","6":"product_brand-ecolab_cs","7":"product_cat-bez-kategorijas","9":"first","10":"instock","11":"taxable","12":"shipping-taxable","13":"product-type-simple"},"_links":{"self":[{"href":"https:\/\/e.kosmolat.eu\/lv\/wp-json\/wp\/v2\/product\/67552","targetHints":{"allow":["GET"]}}],"collection":[{"href":"https:\/\/e.kosmolat.eu\/lv\/wp-json\/wp\/v2\/product"}],"about":[{"href":"https:\/\/e.kosmolat.eu\/lv\/wp-json\/wp\/v2\/types\/product"}],"wp:featuredmedia":[{"embeddable":true,"href":"https:\/\/e.kosmolat.eu\/lv\/wp-json\/wp\/v2\/media\/93354"}],"wp:attachment":[{"href":"https:\/\/e.kosmolat.eu\/lv\/wp-json\/wp\/v2\/media?parent=67552"}],"wp:term":[{"taxonomy":"product_cat","embeddable":true,"href":"https:\/\/e.kosmolat.eu\/lv\/wp-json\/wp\/v2\/product_cat?post=67552"},{"taxonomy":"product_tag","embeddable":true,"href":"https:\/\/e.kosmolat.eu\/lv\/wp-json\/wp\/v2\/product_tag?post=67552"}],"curies":[{"name":"wp","href":"https:\/\/api.w.org\/{rel}","templated":true}]}}