{"id":67544,"date":"2025-04-28T05:25:28","date_gmt":"2025-04-28T05:25:28","guid":{"rendered":"https:\/\/e.kosmolat.eu\/product\/ecl-organic-aloe-vera-serums-sejai-un-dekolte-zonai-jut-adai-intens-mitr-50-ml\/"},"modified":"2026-04-20T05:55:19","modified_gmt":"2026-04-20T05:55:19","slug":"ecl-organic-aloe-vera-serums-sejai-un-dekolte-zonai-jut-adai-intens-mitr-50-ml","status":"publish","type":"product","link":"https:\/\/e.kosmolat.eu\/lv\/product\/ecl-organic-aloe-vera-serums-sejai-un-dekolte-zonai-jut-adai-intens-mitr-50-ml\/","title":{"rendered":"ECL Organic Aloe Vera Serums sejai un dekolt\u0113 zonai jut. \u0101dai Intens. mitr., 50 ml"},"content":{"rendered":"<p>Serums sejai un dekolt\u0113 zonai uz dab\u012bgo un organisko sast\u0101vda\u013cu pamata intens\u012bvi mitrina \u0101du un nov\u0113r\u0161 sausumu. Akt\u012bv\u0101s sast\u0101vda\u013cas iek\u013c\u016bst \u0101d\u0101, toniz\u0113 to un kav\u0113 noveco\u0161an\u0101s procesus.<\/p>\n<p>Organisk\u0101 alvejas sula, ieg\u016bta tie\u0161i no auga, ir bag\u0101ta ar vitam\u012bniem, aminosk\u0101b\u0113m, miner\u0101lviel\u0101m, polisahar\u012bdiem un fitonc\u012bdiem, kas stimul\u0113 \u0161\u016bnu atjauno\u0161anos epiderm\u0101. Efekt\u012bvi mitrina un m\u012bkstina \u0101du.<\/p>\n<p>Hialuronsk\u0101be intens\u012bvi mitrina \u0101du, toniz\u0113 un izl\u012bdzina to. Aminosk\u0101bes veicina \u0161\u016bnu atjauno\u0161anos, mitrina \u0101du un sniedz antioksidantu aizsardz\u012bbu.<\/p>\n<p>Lieto\u0161ana: uzkl\u0101t uz att\u012br\u012btas sejas, kakla un dekolt\u0113 zonas \u0101das (izvair\u012bties no acu zonas). Tikai \u0101r\u012bgai lieto\u0161anai.<\/p>\n","protected":false},"excerpt":{"rendered":"<p>Serums sejai un dekolt\u0113 zonai uz dab\u012bgo un organisko sast\u0101vda\u013cu pamata intens\u012bvi mitrina \u0101du un nov\u0113r\u0161 sausumu. Akt\u012bv\u0101s sast\u0101vda\u013cas iek\u013c\u016bst \u0101d\u0101, toniz\u0113 to un kav\u0113 noveco\u0161an\u0101s procesus. Organisk\u0101 alvejas sula, ieg\u016bta tie\u0161i no auga, ir bag\u0101ta ar vitam\u012bniem, aminosk\u0101b\u0113m, miner\u0101lviel\u0101m, polisahar\u012bdiem un fitonc\u012bdiem, kas stimul\u0113 \u0161\u016bnu atjauno\u0161anos epiderm\u0101. Efekt\u012bvi mitrina un m\u012bkstina \u0101du. Hialuronsk\u0101be intens\u012bvi [&#8230;]\n","protected":false},"featured_media":93350,"template":"","meta":[],"product_cat":[1325],"product_tag":[],"class_list":{"0":"post-67544","1":"product","2":"type-product","3":"status-publish","4":"has-post-thumbnail","6":"product_brand-ecolab_cs","7":"product_cat-serumi","9":"first","10":"instock","11":"taxable","12":"shipping-taxable","13":"product-type-simple"},"_links":{"self":[{"href":"https:\/\/e.kosmolat.eu\/lv\/wp-json\/wp\/v2\/product\/67544","targetHints":{"allow":["GET"]}}],"collection":[{"href":"https:\/\/e.kosmolat.eu\/lv\/wp-json\/wp\/v2\/product"}],"about":[{"href":"https:\/\/e.kosmolat.eu\/lv\/wp-json\/wp\/v2\/types\/product"}],"wp:featuredmedia":[{"embeddable":true,"href":"https:\/\/e.kosmolat.eu\/lv\/wp-json\/wp\/v2\/media\/93350"}],"wp:attachment":[{"href":"https:\/\/e.kosmolat.eu\/lv\/wp-json\/wp\/v2\/media?parent=67544"}],"wp:term":[{"taxonomy":"product_cat","embeddable":true,"href":"https:\/\/e.kosmolat.eu\/lv\/wp-json\/wp\/v2\/product_cat?post=67544"},{"taxonomy":"product_tag","embeddable":true,"href":"https:\/\/e.kosmolat.eu\/lv\/wp-json\/wp\/v2\/product_tag?post=67544"}],"curies":[{"name":"wp","href":"https:\/\/api.w.org\/{rel}","templated":true}]}}