{"id":67536,"date":"2025-04-28T05:25:01","date_gmt":"2025-04-28T05:25:01","guid":{"rendered":"https:\/\/e.kosmolat.eu\/product\/ecl-organic-aloe-vera-dienas-sejas-krems-jut-adai-intens-mitrin-50-ml\/"},"modified":"2026-05-08T20:57:15","modified_gmt":"2026-05-08T20:57:15","slug":"ecl-organic-aloe-vera-dienas-sejas-krems-jut-adai-intens-mitrin-50-ml","status":"publish","type":"product","link":"https:\/\/e.kosmolat.eu\/lv\/product\/ecl-organic-aloe-vera-dienas-sejas-krems-jut-adai-intens-mitrin-50-ml\/","title":{"rendered":"ECL Organic Aloe Vera Dienas sejas kr\u0113ms jut. \u0101dai Intens. mitrin., 50 ml"},"content":{"rendered":"<p>Sejas kr\u0113ms uz dab\u012bgo un organisko sast\u0101vda\u013cu b\u0101zes sniedz sausai \u0101dai intens\u012bvu mitrin\u0101\u0161anu, atjauno hidrolip\u012bdu l\u012bdzsvaru un saglab\u0101 svaiguma saj\u016btu visas dienas garum\u0101.<\/p>\n<p>Organisk\u0101 alvejas sula, ieg\u016bta tie\u0161i no auga, ir bag\u0101ta ar vitam\u012bniem, aminosk\u0101b\u0113m, miner\u0101lviel\u0101m, polisahar\u012bdiem un fitonc\u012bdiem, kas stimul\u0113 \u0161\u016bnu atjauno\u0161anos epidermas l\u012bmen\u012b. Efekt\u012bvi mitrina un m\u012bkstina \u0101du.<\/p>\n<p>\u0160\u012b sviests lieliski baro \u0101du un stimul\u0113 kolag\u0113na veido\u0161anos, atjauno \u0101du, nodro\u0161ina ide\u0101lu kop\u0161anu un aizsardz\u012bbu. E vitam\u012bns stiprina \u0101das \u0161\u016bnas, mitrina un veicina \u0101das dabisk\u0101s elast\u012bbas saglab\u0101\u0161anu, kalpojot k\u0101 efekt\u012bvs pretnoveco\u0161an\u0101s komponents.<\/p>\n<p>Lieto\u0161ana: uzkl\u0101t uz t\u012bras \u0101das, izvairoties no zonas ap ac\u012bm. Tikai \u0101r\u012bgai lieto\u0161anai.<\/p>\n","protected":false},"excerpt":{"rendered":"<p>Sejas kr\u0113ms uz dab\u012bgo un organisko sast\u0101vda\u013cu b\u0101zes sniedz sausai \u0101dai intens\u012bvu mitrin\u0101\u0161anu, atjauno hidrolip\u012bdu l\u012bdzsvaru un saglab\u0101 svaiguma saj\u016btu visas dienas garum\u0101. Organisk\u0101 alvejas sula, ieg\u016bta tie\u0161i no auga, ir bag\u0101ta ar vitam\u012bniem, aminosk\u0101b\u0113m, miner\u0101lviel\u0101m, polisahar\u012bdiem un fitonc\u012bdiem, kas stimul\u0113 \u0161\u016bnu atjauno\u0161anos epidermas l\u012bmen\u012b. Efekt\u012bvi mitrina un m\u012bkstina \u0101du. \u0160\u012b sviests lieliski baro \u0101du [&#8230;]\n","protected":false},"featured_media":93346,"template":"","meta":[],"product_cat":[1323],"product_tag":[],"class_list":{"0":"post-67536","1":"product","2":"type-product","3":"status-publish","4":"has-post-thumbnail","6":"product_brand-ecolab_cs","7":"product_cat-1323","9":"first","10":"instock","11":"taxable","12":"shipping-taxable","13":"product-type-simple"},"_links":{"self":[{"href":"https:\/\/e.kosmolat.eu\/lv\/wp-json\/wp\/v2\/product\/67536","targetHints":{"allow":["GET"]}}],"collection":[{"href":"https:\/\/e.kosmolat.eu\/lv\/wp-json\/wp\/v2\/product"}],"about":[{"href":"https:\/\/e.kosmolat.eu\/lv\/wp-json\/wp\/v2\/types\/product"}],"wp:featuredmedia":[{"embeddable":true,"href":"https:\/\/e.kosmolat.eu\/lv\/wp-json\/wp\/v2\/media\/93346"}],"wp:attachment":[{"href":"https:\/\/e.kosmolat.eu\/lv\/wp-json\/wp\/v2\/media?parent=67536"}],"wp:term":[{"taxonomy":"product_cat","embeddable":true,"href":"https:\/\/e.kosmolat.eu\/lv\/wp-json\/wp\/v2\/product_cat?post=67536"},{"taxonomy":"product_tag","embeddable":true,"href":"https:\/\/e.kosmolat.eu\/lv\/wp-json\/wp\/v2\/product_tag?post=67536"}],"curies":[{"name":"wp","href":"https:\/\/api.w.org\/{rel}","templated":true}]}}