{"id":67528,"date":"2025-04-28T05:24:42","date_gmt":"2025-04-28T05:24:42","guid":{"rendered":"https:\/\/e.kosmolat.eu\/product\/eclp-sejas-krems-5-in-1-50-ml\/"},"modified":"2026-05-08T20:57:29","modified_gmt":"2026-05-08T20:57:29","slug":"eclp-sejas-krems-5-in-1-50-ml","status":"publish","type":"product","link":"https:\/\/e.kosmolat.eu\/lv\/product\/eclp-sejas-krems-5-in-1-50-ml\/","title":{"rendered":"ECLP  Sejas kr\u0113ms 5-in-1, 50 ml"},"content":{"rendered":"<p>5-in-1 sejas kr\u0113ms ECOLATIER\u00ae POWER ar maigu tekst\u016bru \u0101tri uzs\u016bcas un nodro\u0161ina visaptvero\u0161u \u0101das kop\u0161anu: mitrina, baro, m\u012bkstina, aizsarg\u0101 un atjauno.<\/p>\n<p>Akt\u012bv\u0101s sast\u0101vda\u013cas: alvejas un kumel\u012b\u0161u ekstrakti sniedz \u0101dai intens\u012bvu mitrin\u0101\u0161anu un nomierino\u0161u iedarb\u012bbu. \u0160\u012b sviests atjauno, baro un m\u012bkstina \u0101du, k\u0101 ar\u012b, pateicoties bag\u0101t\u012bgajam bio\u0137\u012bmiskajam sast\u0101vam, veicina \u0101das atjauno\u0161anos un stiprina t\u0101s aizsargsp\u0113jas. Mande\u013cu e\u013c\u013ca mitrina, m\u012bkstina, izl\u012bdzina \u0101du un uzlabo t\u0101s elast\u012bbu.<\/p>\n<p>Lieto\u0161ana: uzkl\u0101jiet kr\u0113mu uz t\u012bras, sausas \u0101das un viegli iemas\u0113jiet, l\u012bdz tas piln\u012bb\u0101 uzs\u016bcas. Tikai \u0101r\u012bgai lieto\u0161anai.<\/p>\n","protected":false},"excerpt":{"rendered":"<p>5-in-1 sejas kr\u0113ms ECOLATIER\u00ae POWER ar maigu tekst\u016bru \u0101tri uzs\u016bcas un nodro\u0161ina visaptvero\u0161u \u0101das kop\u0161anu: mitrina, baro, m\u012bkstina, aizsarg\u0101 un atjauno. Akt\u012bv\u0101s sast\u0101vda\u013cas: alvejas un kumel\u012b\u0161u ekstrakti sniedz \u0101dai intens\u012bvu mitrin\u0101\u0161anu un nomierino\u0161u iedarb\u012bbu. \u0160\u012b sviests atjauno, baro un m\u012bkstina \u0101du, k\u0101 ar\u012b, pateicoties bag\u0101t\u012bgajam bio\u0137\u012bmiskajam sast\u0101vam, veicina \u0101das atjauno\u0161anos un stiprina t\u0101s aizsargsp\u0113jas. Mande\u013cu [&#8230;]\n","protected":false},"featured_media":93342,"template":"","meta":[],"product_cat":[1323],"product_tag":[],"class_list":{"0":"post-67528","1":"product","2":"type-product","3":"status-publish","4":"has-post-thumbnail","6":"product_brand-ecolab_cs","7":"product_cat-1323","9":"first","10":"instock","11":"taxable","12":"shipping-taxable","13":"product-type-simple"},"_links":{"self":[{"href":"https:\/\/e.kosmolat.eu\/lv\/wp-json\/wp\/v2\/product\/67528","targetHints":{"allow":["GET"]}}],"collection":[{"href":"https:\/\/e.kosmolat.eu\/lv\/wp-json\/wp\/v2\/product"}],"about":[{"href":"https:\/\/e.kosmolat.eu\/lv\/wp-json\/wp\/v2\/types\/product"}],"wp:featuredmedia":[{"embeddable":true,"href":"https:\/\/e.kosmolat.eu\/lv\/wp-json\/wp\/v2\/media\/93342"}],"wp:attachment":[{"href":"https:\/\/e.kosmolat.eu\/lv\/wp-json\/wp\/v2\/media?parent=67528"}],"wp:term":[{"taxonomy":"product_cat","embeddable":true,"href":"https:\/\/e.kosmolat.eu\/lv\/wp-json\/wp\/v2\/product_cat?post=67528"},{"taxonomy":"product_tag","embeddable":true,"href":"https:\/\/e.kosmolat.eu\/lv\/wp-json\/wp\/v2\/product_tag?post=67528"}],"curies":[{"name":"wp","href":"https:\/\/api.w.org\/{rel}","templated":true}]}}