{"id":67520,"date":"2025-04-28T05:24:25","date_gmt":"2025-04-28T05:24:25","guid":{"rendered":"https:\/\/e.kosmolat.eu\/product\/ecl-organic-argana-dienas-sejas-kr-atjaunojoss-un-barojoss-50-ml\/"},"modified":"2026-05-08T20:57:00","modified_gmt":"2026-05-08T20:57:00","slug":"ecl-organic-argana-dienas-sejas-kr-atjaunojoss-un-barojoss-50-ml","status":"publish","type":"product","link":"https:\/\/e.kosmolat.eu\/lv\/product\/ecl-organic-argana-dienas-sejas-kr-atjaunojoss-un-barojoss-50-ml\/","title":{"rendered":"ECL Organic Argana Dienas sejas kr. Atjaunojo\u0161s un barojo\u0161s, 50 ml"},"content":{"rendered":"<p>Atjaunojo\u0161s un barojo\u0161s sejas kr\u0113ms, kas izgatavots no dab\u012bg\u0101m un organisk\u0101m sast\u0101vda\u013c\u0101m, nodro\u0161ina izl\u012bdzino\u0161u un atjaunojo\u0161u efektu, vienlaikus barojot \u0101du.<\/p>\n<p>Organisk\u0101 arg\u0101na e\u013c\u013ca, kas bag\u0101ta ar A un E vitam\u012bniem, antioksidantiem, omega-6 tauksk\u0101b\u0113m un linolsk\u0101bi, efekt\u012bvi mitrina \u0101du. Kosm\u0113tikas l\u012bdzek\u013cu, kas satur arg\u0101na e\u013c\u013cu, lieto\u0161ana veicina \u0101das vesel\u012bbu un uzlabo t\u0101s elast\u012bbu, samazinot smalk\u0101s l\u012bnijas un grumbas, k\u0101 ar\u012b pal\u012bdzot uztur\u0113t \u0101du mitrin\u0101tu. <\/p>\n<p>Pept\u012bdi pal\u012bdz saglab\u0101t mitrumu \u0101das \u0161\u016bn\u0101s, nodro\u0161ina izl\u012bdzino\u0161u efektu un atjauno elast\u012bbu. Hialuronsk\u0101be intens\u012bvi mitrina un toniz\u0113 \u0101du, nodro\u0161inot akt\u012bvu mitrino\u0161u un izl\u012bdzino\u0161u iedarb\u012bbu.<\/p>\n<p>Lieto\u0161ana: uzkl\u0101jiet uz t\u012bras \u0101das, izvairoties no zonas ap ac\u012bm. Tikai \u0101r\u012bgai lieto\u0161anai.<\/p>\n","protected":false},"excerpt":{"rendered":"<p>Atjaunojo\u0161s un barojo\u0161s sejas kr\u0113ms, kas izgatavots no dab\u012bg\u0101m un organisk\u0101m sast\u0101vda\u013c\u0101m, nodro\u0161ina izl\u012bdzino\u0161u un atjaunojo\u0161u efektu, vienlaikus barojot \u0101du. Organisk\u0101 arg\u0101na e\u013c\u013ca, kas bag\u0101ta ar A un E vitam\u012bniem, antioksidantiem, omega-6 tauksk\u0101b\u0113m un linolsk\u0101bi, efekt\u012bvi mitrina \u0101du. Kosm\u0113tikas l\u012bdzek\u013cu, kas satur arg\u0101na e\u013c\u013cu, lieto\u0161ana veicina \u0101das vesel\u012bbu un uzlabo t\u0101s elast\u012bbu, samazinot smalk\u0101s l\u012bnijas [&#8230;]\n","protected":false},"featured_media":93338,"template":"","meta":[],"product_cat":[1322],"product_tag":[],"class_list":{"0":"post-67520","1":"product","2":"type-product","3":"status-publish","4":"has-post-thumbnail","6":"product_brand-ecolab_cs","7":"product_cat-veido-kremai","9":"first","10":"instock","11":"taxable","12":"shipping-taxable","13":"product-type-simple"},"_links":{"self":[{"href":"https:\/\/e.kosmolat.eu\/lv\/wp-json\/wp\/v2\/product\/67520","targetHints":{"allow":["GET"]}}],"collection":[{"href":"https:\/\/e.kosmolat.eu\/lv\/wp-json\/wp\/v2\/product"}],"about":[{"href":"https:\/\/e.kosmolat.eu\/lv\/wp-json\/wp\/v2\/types\/product"}],"wp:featuredmedia":[{"embeddable":true,"href":"https:\/\/e.kosmolat.eu\/lv\/wp-json\/wp\/v2\/media\/93338"}],"wp:attachment":[{"href":"https:\/\/e.kosmolat.eu\/lv\/wp-json\/wp\/v2\/media?parent=67520"}],"wp:term":[{"taxonomy":"product_cat","embeddable":true,"href":"https:\/\/e.kosmolat.eu\/lv\/wp-json\/wp\/v2\/product_cat?post=67520"},{"taxonomy":"product_tag","embeddable":true,"href":"https:\/\/e.kosmolat.eu\/lv\/wp-json\/wp\/v2\/product_tag?post=67520"}],"curies":[{"name":"wp","href":"https:\/\/api.w.org\/{rel}","templated":true}]}}