{"id":67512,"date":"2025-04-28T05:24:07","date_gmt":"2025-04-28T05:24:07","guid":{"rendered":"https:\/\/e.kosmolat.eu\/product\/ecl-organic-argana-nakts-sejas-kr-atjaunojoss-un-barojoss-50-ml\/"},"modified":"2026-05-08T20:56:46","modified_gmt":"2026-05-08T20:56:46","slug":"ecl-organic-argana-nakts-sejas-kr-atjaunojoss-un-barojoss-50-ml","status":"publish","type":"product","link":"https:\/\/e.kosmolat.eu\/lv\/product\/ecl-organic-argana-nakts-sejas-kr-atjaunojoss-un-barojoss-50-ml\/","title":{"rendered":"ECL Organic Argana Nakts sejas kr. Atjaunojo\u0161s un barojo\u0161s, 50 ml"},"content":{"rendered":"<p>Nakts sejas kr\u0113m\u0101 dab\u012bg\u0101s un organisk\u0101s sast\u0101vda\u013cas nodro\u0161ina dzi\u013cu baro\u0161anu un atbalsta \u0101das atjauno\u0161an\u0101s procesus miega laik\u0101. T\u0101 bag\u0101t\u012bg\u0101 formula stimul\u0113 dabiskos atjauno\u0161an\u0101s procesus, samazina smalk\u0101s l\u012bnijas un toniz\u0113 \u0101du.<\/p>\n<p>Organisk\u0101 arg\u0101na e\u013c\u013ca, kas bag\u0101ta ar A un E vitam\u012bniem, antioksidantiem, omega-6 tauksk\u0101b\u0113m un linolsk\u0101bi, efekt\u012bvi mitrina \u0101du. Kosm\u0113tikas l\u012bdzek\u013cu, kas satur arg\u0101na e\u013c\u013cu, lieto\u0161ana veicina \u0101das vesel\u012bbu un uzlabo t\u0101s elast\u012bbu, samazinot smalk\u0101s l\u012bnijas un grumbas, k\u0101 ar\u012b pal\u012bdzot uztur\u0113t \u0101du mitrin\u0101tu.<\/p>\n<p>C vitam\u012bns nodro\u0161ina antioksidanta iedarb\u012bbu, atbalsta \u0101das \u0161\u016bnu atjauno\u0161anos un pal\u0113nina priek\u0161laic\u012bgu \u0101das noveco\u0161anos, pie\u0161\u0137irot \u0101dai starojo\u0161u un vesel\u012bgu izskatu. Bisabolols pal\u012bdz m\u012bkstin\u0101t un nomierin\u0101t \u0101du.<\/p>\n<p>Lieto\u0161ana: uzkl\u0101jiet uz t\u012bras \u0101das vakar\u0101, izvairoties no acu zonas. Neno\u0146emiet lieko produktu. Tikai \u0101r\u012bgai lieto\u0161anai.<\/p>\n","protected":false},"excerpt":{"rendered":"<p>Nakts sejas kr\u0113m\u0101 dab\u012bg\u0101s un organisk\u0101s sast\u0101vda\u013cas nodro\u0161ina dzi\u013cu baro\u0161anu un atbalsta \u0101das atjauno\u0161an\u0101s procesus miega laik\u0101. T\u0101 bag\u0101t\u012bg\u0101 formula stimul\u0113 dabiskos atjauno\u0161an\u0101s procesus, samazina smalk\u0101s l\u012bnijas un toniz\u0113 \u0101du. Organisk\u0101 arg\u0101na e\u013c\u013ca, kas bag\u0101ta ar A un E vitam\u012bniem, antioksidantiem, omega-6 tauksk\u0101b\u0113m un linolsk\u0101bi, efekt\u012bvi mitrina \u0101du. Kosm\u0113tikas l\u012bdzek\u013cu, kas satur arg\u0101na e\u013c\u013cu, lieto\u0161ana [&#8230;]\n","protected":false},"featured_media":93334,"template":"","meta":[],"product_cat":[1322],"product_tag":[],"class_list":{"0":"post-67512","1":"product","2":"type-product","3":"status-publish","4":"has-post-thumbnail","6":"product_brand-ecolab_cs","7":"product_cat-veido-kremai","9":"first","10":"outofstock","11":"taxable","12":"shipping-taxable","13":"product-type-simple"},"_links":{"self":[{"href":"https:\/\/e.kosmolat.eu\/lv\/wp-json\/wp\/v2\/product\/67512","targetHints":{"allow":["GET"]}}],"collection":[{"href":"https:\/\/e.kosmolat.eu\/lv\/wp-json\/wp\/v2\/product"}],"about":[{"href":"https:\/\/e.kosmolat.eu\/lv\/wp-json\/wp\/v2\/types\/product"}],"wp:featuredmedia":[{"embeddable":true,"href":"https:\/\/e.kosmolat.eu\/lv\/wp-json\/wp\/v2\/media\/93334"}],"wp:attachment":[{"href":"https:\/\/e.kosmolat.eu\/lv\/wp-json\/wp\/v2\/media?parent=67512"}],"wp:term":[{"taxonomy":"product_cat","embeddable":true,"href":"https:\/\/e.kosmolat.eu\/lv\/wp-json\/wp\/v2\/product_cat?post=67512"},{"taxonomy":"product_tag","embeddable":true,"href":"https:\/\/e.kosmolat.eu\/lv\/wp-json\/wp\/v2\/product_tag?post=67512"}],"curies":[{"name":"wp","href":"https:\/\/api.w.org\/{rel}","templated":true}]}}