{"id":67504,"date":"2025-04-28T05:23:51","date_gmt":"2025-04-28T05:23:51","guid":{"rendered":"https:\/\/e.kosmolat.eu\/product\/ecl-organic-aloe-vera-micelar-udens-jut-adai-attir-un-mitr-250-ml\/"},"modified":"2026-04-10T10:40:02","modified_gmt":"2026-04-10T10:40:02","slug":"ecl-organic-aloe-vera-micelar-udens-jut-adai-attir-un-mitr-250-ml","status":"publish","type":"product","link":"https:\/\/e.kosmolat.eu\/lv\/product\/ecl-organic-aloe-vera-micelar-udens-jut-adai-attir-un-mitr-250-ml\/","title":{"rendered":"ECL Organic Aloe Vera Micel\u0101r. \u016bdens jut. \u0101dai Att\u012br. un mitr., 250 ml"},"content":{"rendered":"<p>Micel\u0101rais \u016bdens uz dab\u012bgo un organisko sast\u0101vda\u013cu pamata ir piem\u0113rots \u0101das att\u012br\u012b\u0161anai, dekorat\u012bv\u0101s kosm\u0113tikas no\u0146em\u0161anai, mitrin\u0101\u0161anai, baro\u0161anai un sejas sagatavo\u0161anai turpm\u0101kai kop\u0161anai.<\/p>\n<p>Organisk\u0101 alvejas sula, ieg\u016bta tie\u0161i no auga, ir bag\u0101ta ar vitam\u012bniem, aminosk\u0101b\u0113m, miner\u0101lviel\u0101m, polisahar\u012bdiem un fitonc\u012bdiem, kas stimul\u0113 \u0161\u016bnu atjauno\u0161anos epiderm\u0101. Efekt\u012bvi mitrina un m\u012bkstina \u0101du.<\/p>\n<p>Beta\u012bns pal\u012bdz saglab\u0101t mitrumu \u0101d\u0101, uztur t\u0101s vesel\u012bbu un mitrumu. Malvas ekstrakts maigi kopj jut\u012bgu un maigu sejas \u0101du, nomierina un m\u012bkstina to.<\/p>\n<p>Lieto\u0161ana: uzkl\u0101t micel\u0101ro \u016bdeni uz vates diska un viegli not\u012br\u012bt sejas un acu \u0101du vair\u0101kas sekundes, lai no\u0146emtu kosm\u0113tiku. Ja nepiecie\u0161ams, atk\u0101rtot. P\u0113c v\u0113l\u0113\u0161an\u0101s noskalot ar \u016bdeni. Tikai \u0101r\u012bgai lieto\u0161anai.<\/p>\n","protected":false},"excerpt":{"rendered":"<p>Micel\u0101rais \u016bdens uz dab\u012bgo un organisko sast\u0101vda\u013cu pamata ir piem\u0113rots \u0101das att\u012br\u012b\u0161anai, dekorat\u012bv\u0101s kosm\u0113tikas no\u0146em\u0161anai, mitrin\u0101\u0161anai, baro\u0161anai un sejas sagatavo\u0161anai turpm\u0101kai kop\u0161anai. Organisk\u0101 alvejas sula, ieg\u016bta tie\u0161i no auga, ir bag\u0101ta ar vitam\u012bniem, aminosk\u0101b\u0113m, miner\u0101lviel\u0101m, polisahar\u012bdiem un fitonc\u012bdiem, kas stimul\u0113 \u0161\u016bnu atjauno\u0161anos epiderm\u0101. Efekt\u012bvi mitrina un m\u012bkstina \u0101du. Beta\u012bns pal\u012bdz saglab\u0101t mitrumu \u0101d\u0101, uztur t\u0101s [&#8230;]\n","protected":false},"featured_media":93330,"template":"","meta":[],"product_cat":[1568],"product_tag":[],"class_list":{"0":"post-67504","1":"product","2":"type-product","3":"status-publish","4":"has-post-thumbnail","6":"product_brand-ecolab_cs","7":"product_cat-micelarais-udens","9":"first","10":"instock","11":"taxable","12":"shipping-taxable","13":"product-type-simple"},"_links":{"self":[{"href":"https:\/\/e.kosmolat.eu\/lv\/wp-json\/wp\/v2\/product\/67504","targetHints":{"allow":["GET"]}}],"collection":[{"href":"https:\/\/e.kosmolat.eu\/lv\/wp-json\/wp\/v2\/product"}],"about":[{"href":"https:\/\/e.kosmolat.eu\/lv\/wp-json\/wp\/v2\/types\/product"}],"wp:featuredmedia":[{"embeddable":true,"href":"https:\/\/e.kosmolat.eu\/lv\/wp-json\/wp\/v2\/media\/93330"}],"wp:attachment":[{"href":"https:\/\/e.kosmolat.eu\/lv\/wp-json\/wp\/v2\/media?parent=67504"}],"wp:term":[{"taxonomy":"product_cat","embeddable":true,"href":"https:\/\/e.kosmolat.eu\/lv\/wp-json\/wp\/v2\/product_cat?post=67504"},{"taxonomy":"product_tag","embeddable":true,"href":"https:\/\/e.kosmolat.eu\/lv\/wp-json\/wp\/v2\/product_tag?post=67504"}],"curies":[{"name":"wp","href":"https:\/\/api.w.org\/{rel}","templated":true}]}}