{"id":67496,"date":"2025-04-28T05:23:36","date_gmt":"2025-04-28T05:23:36","guid":{"rendered":"https:\/\/e.kosmolat.eu\/product\/eclu-nomier-micel-ud-kosm-nonems-jut-adai-zidkoks-un-alveja-400-ml\/"},"modified":"2026-04-15T07:32:11","modified_gmt":"2026-04-15T07:32:11","slug":"eclu-nomier-micel-ud-kosm-nonems-jut-adai-zidkoks-un-alveja-400-ml","status":"publish","type":"product","link":"https:\/\/e.kosmolat.eu\/lv\/product\/eclu-nomier-micel-ud-kosm-nonems-jut-adai-zidkoks-un-alveja-400-ml\/","title":{"rendered":"ECLU Nomier. micel. \u016bd. kosm. no\u0146em\u0161. jut. \u0101dai Z\u012bdkoks un alveja, 400 ml"},"content":{"rendered":"<p>\u0160is produkts ir paredz\u0113ts maigai un efekt\u012bvai kosm\u0113tikas un net\u012brumu no\u0146em\u0161anai no sejas un kakla \u0101das. Dab\u012bg\u0101s sast\u0101vda\u013cas mitrina un baro \u0101du, sagatavojot to turpm\u0101kai kop\u0161anai, radot t\u012br\u012bbas saj\u016btu un \u013caujot \u0101dai \u201celpot\u201d.<\/p>\n<p>Akt\u012bv\u0101s sast\u0101vda\u013cas: Alvejas sula maigi att\u012bra un mitrina \u0101du, tai piem\u012bt nomierino\u0161a iedarb\u012bba. Z\u012bdkoka ekstrakts lieliski baro un mitrina \u0101du, normaliz\u0113 vielmai\u0146as procesus dzi\u013c\u0101kajos epidermas sl\u0101\u0146os. Padara \u0101du neticami gludu un maigu. Croton Lechleri sve\u0137u ekstrakts (p\u016b\u0137a asinis), moringas ekstrakts, B5, B6, C, E vitam\u012bni stimul\u0113 \u0161\u016bnu detoksik\u0101ciju, atjauno \u0101du, tiem piem\u012bt augsta antioksidanta aktivit\u0101te un tie uzlabo \u0101das aizsargfunkcijas.<\/p>\n<p>Lieto\u0161ana: uzkl\u0101jiet micel\u0101ro \u016bdeni uz vates diska un maigi not\u012briet seju un acis da\u017eas sekundes, no\u0146emot kosm\u0113tiku. Ieteikums \u2014 maigi piespiediet vates disku pie skropst\u0101m uz da\u017e\u0101m sekund\u0113m, lai iz\u0161\u0137\u012bdin\u0101tu skropstu tu\u0161u un atvieglotu t\u0101s no\u0146em\u0161anu. Ja nepiecie\u0161ams, atk\u0101rtojiet. P\u0113c v\u0113l\u0113\u0161an\u0101s noskalojiet ar \u016bdeni. Tikai \u0101r\u012bgai lieto\u0161anai.<\/p>\n","protected":false},"excerpt":{"rendered":"<p>\u0160is produkts ir paredz\u0113ts maigai un efekt\u012bvai kosm\u0113tikas un net\u012brumu no\u0146em\u0161anai no sejas un kakla \u0101das. Dab\u012bg\u0101s sast\u0101vda\u013cas mitrina un baro \u0101du, sagatavojot to turpm\u0101kai kop\u0161anai, radot t\u012br\u012bbas saj\u016btu un \u013caujot \u0101dai \u201celpot\u201d. Akt\u012bv\u0101s sast\u0101vda\u013cas: Alvejas sula maigi att\u012bra un mitrina \u0101du, tai piem\u012bt nomierino\u0161a iedarb\u012bba. Z\u012bdkoka ekstrakts lieliski baro un mitrina \u0101du, normaliz\u0113 vielmai\u0146as [&#8230;]\n","protected":false},"featured_media":93326,"template":"","meta":[],"product_cat":[1568],"product_tag":[],"class_list":{"0":"post-67496","1":"product","2":"type-product","3":"status-publish","4":"has-post-thumbnail","6":"product_brand-ecolab_cs","7":"product_cat-micelarais-udens","9":"first","10":"outofstock","11":"taxable","12":"shipping-taxable","13":"product-type-simple"},"_links":{"self":[{"href":"https:\/\/e.kosmolat.eu\/lv\/wp-json\/wp\/v2\/product\/67496","targetHints":{"allow":["GET"]}}],"collection":[{"href":"https:\/\/e.kosmolat.eu\/lv\/wp-json\/wp\/v2\/product"}],"about":[{"href":"https:\/\/e.kosmolat.eu\/lv\/wp-json\/wp\/v2\/types\/product"}],"wp:featuredmedia":[{"embeddable":true,"href":"https:\/\/e.kosmolat.eu\/lv\/wp-json\/wp\/v2\/media\/93326"}],"wp:attachment":[{"href":"https:\/\/e.kosmolat.eu\/lv\/wp-json\/wp\/v2\/media?parent=67496"}],"wp:term":[{"taxonomy":"product_cat","embeddable":true,"href":"https:\/\/e.kosmolat.eu\/lv\/wp-json\/wp\/v2\/product_cat?post=67496"},{"taxonomy":"product_tag","embeddable":true,"href":"https:\/\/e.kosmolat.eu\/lv\/wp-json\/wp\/v2\/product_tag?post=67496"}],"curies":[{"name":"wp","href":"https:\/\/api.w.org\/{rel}","templated":true}]}}