{"id":67488,"date":"2025-04-28T05:23:20","date_gmt":"2025-04-28T05:23:20","guid":{"rendered":"https:\/\/e.kosmolat.eu\/product\/eclp-mitrinosa-sejas-zeleja-50-ml\/"},"modified":"2026-01-13T16:38:45","modified_gmt":"2026-01-13T16:38:45","slug":"eclp-mitrinosa-sejas-zeleja-50-ml","status":"publish","type":"product","link":"https:\/\/e.kosmolat.eu\/lv\/product\/eclp-mitrinosa-sejas-zeleja-50-ml\/","title":{"rendered":"ECLP Mitrino\u0161a sejas \u017eeleja, 50 ml"},"content":{"rendered":"<p>Mitrino\u0161a sejas \u017eeleja ECOLATIER\u00ae POWER ir ide\u0101li piem\u0113rota intens\u012bvai \u0101das mitrin\u0101\u0161anai un m\u012bkstin\u0101\u0161anai. Toniz\u0113 un atsvaidzina, nov\u0113r\u0161 sausumu un lob\u012b\u0161anos, atjauno dabisko aizsargbarjeru, padara \u0101du elast\u012bg\u0101ku un glud\u0101ku. Pateicoties vieglai tekst\u016brai, \u017eeleja \u0101tri uzs\u016bcas un neatst\u0101j lip\u012bgu saj\u016btu uz \u0101das.<\/p>\n<p>Akt\u012bv\u0101s sast\u0101vda\u013cas: alvejas sula dzi\u013ci mirina \u0101du, atst\u0101jot ilgsto\u0161u svaiguma un komforta saj\u016btu. R\u012bsu olbaltumvielas mitrina un aizsarg\u0101 \u0101du no p\u0101rm\u0113r\u012bga sausuma. Auzu ekstraktam ir nomierino\u0161a un m\u012bkstino\u0161a iedarb\u012bba.<\/p>\n<p>Lieto\u0161ana: uzkl\u0101jiet \u017eeleju uz t\u012bras, sausas \u0101das un iemas\u0113jiet, l\u012bdz tas piln\u012bb\u0101 uzs\u016bcas. Tikai \u0101r\u012bgai lieto\u0161anai.<\/p>\n","protected":false},"excerpt":{"rendered":"<p>Mitrino\u0161a sejas \u017eeleja ECOLATIER\u00ae POWER ir ide\u0101li piem\u0113rota intens\u012bvai \u0101das mitrin\u0101\u0161anai un m\u012bkstin\u0101\u0161anai. Toniz\u0113 un atsvaidzina, nov\u0113r\u0161 sausumu un lob\u012b\u0161anos, atjauno dabisko aizsargbarjeru, padara \u0101du elast\u012bg\u0101ku un glud\u0101ku. Pateicoties vieglai tekst\u016brai, \u017eeleja \u0101tri uzs\u016bcas un neatst\u0101j lip\u012bgu saj\u016btu uz \u0101das. Akt\u012bv\u0101s sast\u0101vda\u013cas: alvejas sula dzi\u013ci mirina \u0101du, atst\u0101jot ilgsto\u0161u svaiguma un komforta saj\u016btu. R\u012bsu olbaltumvielas [&#8230;]\n","protected":false},"featured_media":98349,"template":"","meta":[],"product_cat":[1999],"product_tag":[],"class_list":{"0":"post-67488","1":"product","2":"type-product","3":"status-publish","4":"has-post-thumbnail","6":"product_brand-ecolab_cs","7":"product_cat-bez-kategorijas","9":"first","10":"instock","11":"taxable","12":"shipping-taxable","13":"product-type-simple"},"_links":{"self":[{"href":"https:\/\/e.kosmolat.eu\/lv\/wp-json\/wp\/v2\/product\/67488","targetHints":{"allow":["GET"]}}],"collection":[{"href":"https:\/\/e.kosmolat.eu\/lv\/wp-json\/wp\/v2\/product"}],"about":[{"href":"https:\/\/e.kosmolat.eu\/lv\/wp-json\/wp\/v2\/types\/product"}],"wp:featuredmedia":[{"embeddable":true,"href":"https:\/\/e.kosmolat.eu\/lv\/wp-json\/wp\/v2\/media\/98349"}],"wp:attachment":[{"href":"https:\/\/e.kosmolat.eu\/lv\/wp-json\/wp\/v2\/media?parent=67488"}],"wp:term":[{"taxonomy":"product_cat","embeddable":true,"href":"https:\/\/e.kosmolat.eu\/lv\/wp-json\/wp\/v2\/product_cat?post=67488"},{"taxonomy":"product_tag","embeddable":true,"href":"https:\/\/e.kosmolat.eu\/lv\/wp-json\/wp\/v2\/product_tag?post=67488"}],"curies":[{"name":"wp","href":"https:\/\/api.w.org\/{rel}","templated":true}]}}