{"id":67480,"date":"2025-04-28T05:23:03","date_gmt":"2025-04-28T05:23:03","guid":{"rendered":"https:\/\/e.kosmolat.eu\/product\/ecl-organic-aloe-vera-zeleja-jutigai-adai-ap-acim-30-ml\/"},"modified":"2026-04-22T05:54:54","modified_gmt":"2026-04-22T05:54:54","slug":"ecl-organic-aloe-vera-zeleja-jutigai-adai-ap-acim-30-ml","status":"publish","type":"product","link":"https:\/\/e.kosmolat.eu\/lv\/product\/ecl-organic-aloe-vera-zeleja-jutigai-adai-ap-acim-30-ml\/","title":{"rendered":"ECL Organic Aloe Vera \u017eeleja jut\u012bgai \u0101dai ap ac\u012bm, 30 ml"},"content":{"rendered":"<p>\u017deleja \u0101dai ap ac\u012bm uz dab\u012bgo un organisko sast\u0101vda\u013cu pamata. Viegl\u0101 tekst\u016bra nodro\u0161ina acu pat\u010du efektu \u2014 pal\u012bdz samazin\u0101t grumbi\u0146as ap ac\u012bm, izl\u012bdzina maigo \u0101du, mitrina un atjauno hidrolip\u012bdu l\u012bdzsvaru.<\/p>\n<p>Organisk\u0101 alvejas sula, ieg\u016bta tie\u0161i no auga, ir bag\u0101ta ar vitam\u012bniem, aminosk\u0101b\u0113m, miner\u0101lviel\u0101m, polisahar\u012bdiem un fitonc\u012bdiem, kas stimul\u0113 \u0161\u016bnu atjauno\u0161anos epiderm\u0101. Efekt\u012bvi mitrina un m\u012bkstina \u0101du.<\/p>\n<p>Kolag\u0113ns uzlabo \u0101das \u016bdens l\u012bdzsvaru, pie\u0161\u0137ir tai elast\u012bbu, uzturot \u0101das tonusu. Niacinam\u012bds (B3 vitam\u012bns) pal\u012bdz nov\u0113rst mitruma zudumu, atjauno vesel\u012bgu \u0101das toni un uzlabo t\u0101s tekst\u016bru, stimul\u0113jot mikrocirkul\u0101ciju un uzlabojot \u0101das elast\u012bbu.<\/p>\n<p>Lieto\u0161ana: uzkl\u0101t pl\u0101n\u0101 k\u0101rt\u0101 uz sausas, t\u012bras \u0101das ap ac\u012bm. Nav nepiecie\u0161ams noskalot. Tikai \u0101r\u012bgai lieto\u0161anai.<\/p>\n","protected":false},"excerpt":{"rendered":"<p>\u017deleja \u0101dai ap ac\u012bm uz dab\u012bgo un organisko sast\u0101vda\u013cu pamata. Viegl\u0101 tekst\u016bra nodro\u0161ina acu pat\u010du efektu \u2014 pal\u012bdz samazin\u0101t grumbi\u0146as ap ac\u012bm, izl\u012bdzina maigo \u0101du, mitrina un atjauno hidrolip\u012bdu l\u012bdzsvaru. Organisk\u0101 alvejas sula, ieg\u016bta tie\u0161i no auga, ir bag\u0101ta ar vitam\u012bniem, aminosk\u0101b\u0113m, miner\u0101lviel\u0101m, polisahar\u012bdiem un fitonc\u012bdiem, kas stimul\u0113 \u0161\u016bnu atjauno\u0161anos epiderm\u0101. Efekt\u012bvi mitrina un m\u012bkstina [&#8230;]\n","protected":false},"featured_media":93322,"template":"","meta":[],"product_cat":[1588],"product_tag":[],"class_list":{"0":"post-67480","1":"product","2":"type-product","3":"status-publish","4":"has-post-thumbnail","6":"product_brand-ecolab_cs","7":"product_cat-acu-kremi","9":"first","10":"instock","11":"taxable","12":"shipping-taxable","13":"product-type-simple"},"_links":{"self":[{"href":"https:\/\/e.kosmolat.eu\/lv\/wp-json\/wp\/v2\/product\/67480","targetHints":{"allow":["GET"]}}],"collection":[{"href":"https:\/\/e.kosmolat.eu\/lv\/wp-json\/wp\/v2\/product"}],"about":[{"href":"https:\/\/e.kosmolat.eu\/lv\/wp-json\/wp\/v2\/types\/product"}],"wp:featuredmedia":[{"embeddable":true,"href":"https:\/\/e.kosmolat.eu\/lv\/wp-json\/wp\/v2\/media\/93322"}],"wp:attachment":[{"href":"https:\/\/e.kosmolat.eu\/lv\/wp-json\/wp\/v2\/media?parent=67480"}],"wp:term":[{"taxonomy":"product_cat","embeddable":true,"href":"https:\/\/e.kosmolat.eu\/lv\/wp-json\/wp\/v2\/product_cat?post=67480"},{"taxonomy":"product_tag","embeddable":true,"href":"https:\/\/e.kosmolat.eu\/lv\/wp-json\/wp\/v2\/product_tag?post=67480"}],"curies":[{"name":"wp","href":"https:\/\/api.w.org\/{rel}","templated":true}]}}