{"id":67472,"date":"2025-04-28T05:22:46","date_gmt":"2025-04-28T05:22:46","guid":{"rendered":"https:\/\/e.kosmolat.eu\/product\/ecl-organic-argana-sejas-toniks-atjaun-un-baroj-250-ml\/"},"modified":"2026-04-22T05:54:39","modified_gmt":"2026-04-22T05:54:39","slug":"ecl-organic-argana-sejas-toniks-atjaun-un-baroj-250-ml","status":"publish","type":"product","link":"https:\/\/e.kosmolat.eu\/lv\/product\/ecl-organic-argana-sejas-toniks-atjaun-un-baroj-250-ml\/","title":{"rendered":"ECL Organic Argana Sejas toniks Atjaun. un baroj., 250 ml"},"content":{"rendered":"<p>Sejas toniks satur dab\u012bgas un organiskas sast\u0101vda\u013cas. Tas pal\u012bdz atdz\u012bvin\u0101t \u0101du, sniedz tai baro\u0161anu, gludumu un jaunekl\u012bgu izskatu.<\/p>\n<p>Organisk\u0101 arg\u0101na e\u013c\u013ca ir bag\u0101ta ar A un E vitam\u012bniem, k\u0101 ar\u012b satur antioksidantus, omega-6 tauksk\u0101bes un linolsk\u0101bi. Kosm\u0113tikas lieto\u0161ana ar arg\u0101na e\u013c\u013cu pal\u012bdz uzlabot \u0101das st\u0101vokli, palielin\u0101t t\u0101s elast\u012bbu, samazin\u0101t smalk\u0101s grumbas un uztur\u0113t optim\u0101lu mitruma l\u012bmeni.<\/p>\n<p>Makas saknes ekstrakts padara \u0101du tvirt\u0101ku, stimul\u0113jot kolag\u0113na sint\u0113zi un uzlabojot epidermas strukt\u016bru. Kolag\u0113ns pal\u012bdz uztur\u0113t \u0101das mitruma l\u012bdzsvaru, padarot to elast\u012bgu un toniz\u0113tu.<\/p>\n<p>Lieto\u0161ana: uzkl\u0101jiet nelielu daudzumu tonika uz vates diska un viegli not\u012briet \u0101du. Nav nepiecie\u0161ams noskalot. Tikai \u0101r\u012bgai lieto\u0161anai.<\/p>\n","protected":false},"excerpt":{"rendered":"<p>Sejas toniks satur dab\u012bgas un organiskas sast\u0101vda\u013cas. Tas pal\u012bdz atdz\u012bvin\u0101t \u0101du, sniedz tai baro\u0161anu, gludumu un jaunekl\u012bgu izskatu. Organisk\u0101 arg\u0101na e\u013c\u013ca ir bag\u0101ta ar A un E vitam\u012bniem, k\u0101 ar\u012b satur antioksidantus, omega-6 tauksk\u0101bes un linolsk\u0101bi. Kosm\u0113tikas lieto\u0161ana ar arg\u0101na e\u013c\u013cu pal\u012bdz uzlabot \u0101das st\u0101vokli, palielin\u0101t t\u0101s elast\u012bbu, samazin\u0101t smalk\u0101s grumbas un uztur\u0113t optim\u0101lu mitruma [&#8230;]\n","protected":false},"featured_media":93318,"template":"","meta":[],"product_cat":[1578],"product_tag":[],"class_list":{"0":"post-67472","1":"product","2":"type-product","3":"status-publish","4":"has-post-thumbnail","6":"product_brand-ecolab_cs","7":"product_cat-losjoni-un-toniki","9":"first","10":"instock","11":"taxable","12":"shipping-taxable","13":"product-type-simple"},"_links":{"self":[{"href":"https:\/\/e.kosmolat.eu\/lv\/wp-json\/wp\/v2\/product\/67472","targetHints":{"allow":["GET"]}}],"collection":[{"href":"https:\/\/e.kosmolat.eu\/lv\/wp-json\/wp\/v2\/product"}],"about":[{"href":"https:\/\/e.kosmolat.eu\/lv\/wp-json\/wp\/v2\/types\/product"}],"wp:featuredmedia":[{"embeddable":true,"href":"https:\/\/e.kosmolat.eu\/lv\/wp-json\/wp\/v2\/media\/93318"}],"wp:attachment":[{"href":"https:\/\/e.kosmolat.eu\/lv\/wp-json\/wp\/v2\/media?parent=67472"}],"wp:term":[{"taxonomy":"product_cat","embeddable":true,"href":"https:\/\/e.kosmolat.eu\/lv\/wp-json\/wp\/v2\/product_cat?post=67472"},{"taxonomy":"product_tag","embeddable":true,"href":"https:\/\/e.kosmolat.eu\/lv\/wp-json\/wp\/v2\/product_tag?post=67472"}],"curies":[{"name":"wp","href":"https:\/\/api.w.org\/{rel}","templated":true}]}}