{"id":67464,"date":"2025-04-28T05:22:31","date_gmt":"2025-04-28T05:22:31","guid":{"rendered":"https:\/\/e.kosmolat.eu\/product\/ecl-organic-aloe-vera-sejas-toniks-jut-adai-intens-mitrin-250-ml\/"},"modified":"2026-04-14T06:12:02","modified_gmt":"2026-04-14T06:12:02","slug":"ecl-organic-aloe-vera-sejas-toniks-jut-adai-intens-mitrin-250-ml","status":"publish","type":"product","link":"https:\/\/e.kosmolat.eu\/lv\/product\/ecl-organic-aloe-vera-sejas-toniks-jut-adai-intens-mitrin-250-ml\/","title":{"rendered":"ECL Organic Aloe Vera Sejas toniks jut. \u0101dai Intens. mitrin., 250 ml"},"content":{"rendered":"<p>Sejas toniks satur dab\u012bgas un organiskas sast\u0101vda\u013cas, pal\u012bdz atjaunot dehidr\u0113tu \u0101du, mazina sausumu un pie\u0161\u0137ir \u0101dai dab\u012bgu mirdzumu.<\/p>\n<p>Organisk\u0101 alvejas sula ir bag\u0101ta ar vitam\u012bniem, aminosk\u0101b\u0113m, miner\u0101lviel\u0101m, polisahar\u012bdiem un fitonc\u012bdiem, kas stimul\u0113 \u0161\u016bnu atjauno\u0161anos epit\u0113lija l\u012bmen\u012b. Efekt\u012bvi mitrina un m\u012bkstina \u0101du.<\/p>\n<p>Hialuronsk\u0101be intens\u012bvi mitrina, toniz\u0113 un izl\u012bdzina \u0101du.<\/p>\n<p>Lieto\u0161ana: uzkl\u0101jiet nelielu daudzumu tonika uz vates diska un viegli not\u012briet \u0101du. Nav nepiecie\u0161ams noskalot. Tikai \u0101r\u012bgai lieto\u0161anai.<\/p>\n","protected":false},"excerpt":{"rendered":"<p>Sejas toniks satur dab\u012bgas un organiskas sast\u0101vda\u013cas, pal\u012bdz atjaunot dehidr\u0113tu \u0101du, mazina sausumu un pie\u0161\u0137ir \u0101dai dab\u012bgu mirdzumu. Organisk\u0101 alvejas sula ir bag\u0101ta ar vitam\u012bniem, aminosk\u0101b\u0113m, miner\u0101lviel\u0101m, polisahar\u012bdiem un fitonc\u012bdiem, kas stimul\u0113 \u0161\u016bnu atjauno\u0161anos epit\u0113lija l\u012bmen\u012b. Efekt\u012bvi mitrina un m\u012bkstina \u0101du. Hialuronsk\u0101be intens\u012bvi mitrina, toniz\u0113 un izl\u012bdzina \u0101du. Lieto\u0161ana: uzkl\u0101jiet nelielu daudzumu tonika uz vates [&#8230;]\n","protected":false},"featured_media":93314,"template":"","meta":[],"product_cat":[1578],"product_tag":[],"class_list":{"0":"post-67464","1":"product","2":"type-product","3":"status-publish","4":"has-post-thumbnail","6":"product_brand-ecolab_cs","7":"product_cat-losjoni-un-toniki","9":"first","10":"instock","11":"taxable","12":"shipping-taxable","13":"product-type-simple"},"_links":{"self":[{"href":"https:\/\/e.kosmolat.eu\/lv\/wp-json\/wp\/v2\/product\/67464","targetHints":{"allow":["GET"]}}],"collection":[{"href":"https:\/\/e.kosmolat.eu\/lv\/wp-json\/wp\/v2\/product"}],"about":[{"href":"https:\/\/e.kosmolat.eu\/lv\/wp-json\/wp\/v2\/types\/product"}],"wp:featuredmedia":[{"embeddable":true,"href":"https:\/\/e.kosmolat.eu\/lv\/wp-json\/wp\/v2\/media\/93314"}],"wp:attachment":[{"href":"https:\/\/e.kosmolat.eu\/lv\/wp-json\/wp\/v2\/media?parent=67464"}],"wp:term":[{"taxonomy":"product_cat","embeddable":true,"href":"https:\/\/e.kosmolat.eu\/lv\/wp-json\/wp\/v2\/product_cat?post=67464"},{"taxonomy":"product_tag","embeddable":true,"href":"https:\/\/e.kosmolat.eu\/lv\/wp-json\/wp\/v2\/product_tag?post=67464"}],"curies":[{"name":"wp","href":"https:\/\/api.w.org\/{rel}","templated":true}]}}