{"id":67448,"date":"2025-04-28T05:21:57","date_gmt":"2025-04-28T05:21:57","guid":{"rendered":"https:\/\/e.kosmolat.eu\/product\/eclu-toniz-micel-ud-kosm-nonems-visiem-adas-t-magnolija-un-hibisks-400-ml\/"},"modified":"2026-04-22T08:52:44","modified_gmt":"2026-04-22T08:52:44","slug":"eclu-toniz-micel-ud-kosm-nonems-visiem-adas-t-magnolija-un-hibisks-400-ml","status":"publish","type":"product","link":"https:\/\/e.kosmolat.eu\/lv\/product\/eclu-toniz-micel-ud-kosm-nonems-visiem-adas-t-magnolija-un-hibisks-400-ml\/","title":{"rendered":"ECLU Toniz. micel. \u016bd. kosm. no\u0146em\u0161. visiem \u0101das t. Magnolija un hibisks, 400 ml"},"content":{"rendered":"<p>\u0160is produkts ir paredz\u0113ts maigai un efekt\u012bvai kosm\u0113tikas un net\u012brumu no\u0146em\u0161anai no sejas un kakla \u0101das. Dab\u012bg\u0101s sast\u0101vda\u013cas mitrina un baro \u0101du, sagatavojot to turpm\u0101kai kop\u0161anai, radot t\u012br\u012bbas saj\u016btu un \u013caujot \u0101dai \u201celpot\u201d.<\/p>\n<p>Akt\u012bv\u0101s sast\u0101vda\u013cas: hibiska ekstrakts lieliski m\u012bkstina un mitrina \u0101du, pal\u012bdz saglab\u0101t un notur\u0113t mitrumu. Tas stimul\u0113 \u0161\u016bnu atjauno\u0161anos, atjauno \u0101das tvirtumu un elast\u012bbu, atsvaidzina un pies\u0101tina to ar nepiecie\u0161amaj\u0101m bar\u012bbas viel\u0101m. Magnolijas ekstrakts normaliz\u0113 \u0101das mitruma l\u012bdzsvaru, veicina epidermas atjauno\u0161anos un aizsarg\u0101 \u0161\u016bnas no apk\u0101rt\u0113j\u0101s vides ietekmes un br\u012bvo radik\u0101\u013cu iedarb\u012bbas. Uzlabo \u0101das turgoru. Croton Lechleri sve\u0137u ekstrakts (p\u016b\u0137a asinis), moringas ekstrakts, B5, B6, C, E vitam\u012bni stimul\u0113 \u0161\u016bnu detoksik\u0101ciju, atjauno \u0101du, tiem piem\u012bt augsta antioksidanta aktivit\u0101te un tie uzlabo \u0101das aizsargfunkcijas.<\/p>\n<p>Lieto\u0161ana: uzkl\u0101jiet micel\u0101ro \u016bdeni uz vates diska un maigi not\u012briet seju un acis da\u017eas sekundes, no\u0146emot kosm\u0113tiku. Ieteikums \u2014 maigi piespiediet vates disku pie skropst\u0101m uz da\u017e\u0101m sekund\u0113m, lai iz\u0161\u0137\u012bdin\u0101tu skropstu tu\u0161u un atvieglotu t\u0101s no\u0146em\u0161anu. Ja nepiecie\u0161ams, atk\u0101rtojiet. P\u0113c v\u0113l\u0113\u0161an\u0101s noskalojiet ar \u016bdeni. Tikai \u0101r\u012bgai lieto\u0161anai.<\/p>\n","protected":false},"excerpt":{"rendered":"<p>\u0160is produkts ir paredz\u0113ts maigai un efekt\u012bvai kosm\u0113tikas un net\u012brumu no\u0146em\u0161anai no sejas un kakla \u0101das. Dab\u012bg\u0101s sast\u0101vda\u013cas mitrina un baro \u0101du, sagatavojot to turpm\u0101kai kop\u0161anai, radot t\u012br\u012bbas saj\u016btu un \u013caujot \u0101dai \u201celpot\u201d. Akt\u012bv\u0101s sast\u0101vda\u013cas: hibiska ekstrakts lieliski m\u012bkstina un mitrina \u0101du, pal\u012bdz saglab\u0101t un notur\u0113t mitrumu. Tas stimul\u0113 \u0161\u016bnu atjauno\u0161anos, atjauno \u0101das tvirtumu un [&#8230;]\n","protected":false},"featured_media":93306,"template":"","meta":[],"product_cat":[1999],"product_tag":[],"class_list":{"0":"post-67448","1":"product","2":"type-product","3":"status-publish","4":"has-post-thumbnail","6":"product_brand-ecolab_cs","7":"product_cat-bez-kategorijas","9":"first","10":"instock","11":"taxable","12":"shipping-taxable","13":"product-type-simple"},"_links":{"self":[{"href":"https:\/\/e.kosmolat.eu\/lv\/wp-json\/wp\/v2\/product\/67448","targetHints":{"allow":["GET"]}}],"collection":[{"href":"https:\/\/e.kosmolat.eu\/lv\/wp-json\/wp\/v2\/product"}],"about":[{"href":"https:\/\/e.kosmolat.eu\/lv\/wp-json\/wp\/v2\/types\/product"}],"wp:featuredmedia":[{"embeddable":true,"href":"https:\/\/e.kosmolat.eu\/lv\/wp-json\/wp\/v2\/media\/93306"}],"wp:attachment":[{"href":"https:\/\/e.kosmolat.eu\/lv\/wp-json\/wp\/v2\/media?parent=67448"}],"wp:term":[{"taxonomy":"product_cat","embeddable":true,"href":"https:\/\/e.kosmolat.eu\/lv\/wp-json\/wp\/v2\/product_cat?post=67448"},{"taxonomy":"product_tag","embeddable":true,"href":"https:\/\/e.kosmolat.eu\/lv\/wp-json\/wp\/v2\/product_tag?post=67448"}],"curies":[{"name":"wp","href":"https:\/\/api.w.org\/{rel}","templated":true}]}}