{"id":67440,"date":"2025-04-28T05:21:41","date_gmt":"2025-04-28T05:21:41","guid":{"rendered":"https:\/\/e.kosmolat.eu\/product\/ecl-organic-argana-sejas-mazgas-putas-atjaun-un-baroj-150-ml\/"},"modified":"2026-04-20T11:16:49","modified_gmt":"2026-04-20T11:16:49","slug":"ecl-organic-argana-sejas-mazgas-putas-atjaun-un-baroj-150-ml","status":"publish","type":"product","link":"https:\/\/e.kosmolat.eu\/lv\/product\/ecl-organic-argana-sejas-mazgas-putas-atjaun-un-baroj-150-ml\/","title":{"rendered":"ECL Organic Argana Sejas mazg\u0101\u0161. putas Atjaun. un baroj., 150 ml"},"content":{"rendered":"<p>Att\u012bro\u0161\u0101s putas ir bag\u0101tin\u0101tas ar dab\u012bg\u0101m un organisk\u0101m sast\u0101vda\u013c\u0101m. T\u0101s maigi att\u012bra \u0101du un no\u0146em kosm\u0113tiku, vienlaikus padarot \u0101du maigu, mitrin\u0101tu un koptu. Maig\u0101 formula ir piem\u0113rota ikdienas lieto\u0161anai, visiem \u0101das tipiem.<\/p>\n<p>Arg\u0101na e\u013c\u013ca ir bag\u0101ta ar A un E vitam\u012bniem, antioksidantiem, tauksk\u0101b\u0113m un linolsk\u0101bi. \u0160\u012bs sast\u0101vda\u013cas pie\u0161\u0137ir \u0101dai vesel\u012bgu izskatu, veicina \u0161\u016bnu atjauno\u0161anos, palielina elast\u012bbu, pal\u012bdz nov\u0113rst jaunu grumbu veido\u0161anos un uztur optim\u0101lu mitruma l\u012bmeni \u0101d\u0101. Putu sast\u0101v\u0101 ir ar\u012b pantenols, kas atjauno un izl\u012bdzina \u0101du.<\/p>\n<p>Lieto\u0161ana: uzkl\u0101jiet uz mitras \u0101das, saputojiet un noskalojiet ar siltu \u016bdeni. Tikai \u0101r\u012bgai lieto\u0161anai.<\/p>\n","protected":false},"excerpt":{"rendered":"<p>Att\u012bro\u0161\u0101s putas ir bag\u0101tin\u0101tas ar dab\u012bg\u0101m un organisk\u0101m sast\u0101vda\u013c\u0101m. T\u0101s maigi att\u012bra \u0101du un no\u0146em kosm\u0113tiku, vienlaikus padarot \u0101du maigu, mitrin\u0101tu un koptu. Maig\u0101 formula ir piem\u0113rota ikdienas lieto\u0161anai, visiem \u0101das tipiem. Arg\u0101na e\u013c\u013ca ir bag\u0101ta ar A un E vitam\u012bniem, antioksidantiem, tauksk\u0101b\u0113m un linolsk\u0101bi. \u0160\u012bs sast\u0101vda\u013cas pie\u0161\u0137ir \u0101dai vesel\u012bgu izskatu, veicina \u0161\u016bnu atjauno\u0161anos, palielina [&#8230;]\n","protected":false},"featured_media":93302,"template":"","meta":[],"product_cat":[1833],"product_tag":[],"class_list":{"0":"post-67440","1":"product","2":"type-product","3":"status-publish","4":"has-post-thumbnail","6":"product_brand-ecolab_cs","7":"product_cat-putas-sejas-mazgasanai","9":"first","10":"outofstock","11":"taxable","12":"shipping-taxable","13":"product-type-simple"},"_links":{"self":[{"href":"https:\/\/e.kosmolat.eu\/lv\/wp-json\/wp\/v2\/product\/67440","targetHints":{"allow":["GET"]}}],"collection":[{"href":"https:\/\/e.kosmolat.eu\/lv\/wp-json\/wp\/v2\/product"}],"about":[{"href":"https:\/\/e.kosmolat.eu\/lv\/wp-json\/wp\/v2\/types\/product"}],"wp:featuredmedia":[{"embeddable":true,"href":"https:\/\/e.kosmolat.eu\/lv\/wp-json\/wp\/v2\/media\/93302"}],"wp:attachment":[{"href":"https:\/\/e.kosmolat.eu\/lv\/wp-json\/wp\/v2\/media?parent=67440"}],"wp:term":[{"taxonomy":"product_cat","embeddable":true,"href":"https:\/\/e.kosmolat.eu\/lv\/wp-json\/wp\/v2\/product_cat?post=67440"},{"taxonomy":"product_tag","embeddable":true,"href":"https:\/\/e.kosmolat.eu\/lv\/wp-json\/wp\/v2\/product_tag?post=67440"}],"curies":[{"name":"wp","href":"https:\/\/api.w.org\/{rel}","templated":true}]}}