{"id":67432,"date":"2025-04-28T05:21:27","date_gmt":"2025-04-28T05:21:27","guid":{"rendered":"https:\/\/e.kosmolat.eu\/product\/ecl-organic-aloe-vera-sejas-mazg-putas-jut-adai-intens-mitrin-150-ml\/"},"modified":"2026-04-10T10:10:59","modified_gmt":"2026-04-10T10:10:59","slug":"ecl-organic-aloe-vera-sejas-mazg-putas-jut-adai-intens-mitrin-150-ml","status":"publish","type":"product","link":"https:\/\/e.kosmolat.eu\/lv\/product\/ecl-organic-aloe-vera-sejas-mazg-putas-jut-adai-intens-mitrin-150-ml\/","title":{"rendered":"ECL Organic Aloe Vera Sejas mazg. putas jut. \u0101dai Intens. mitrin., 150 ml"},"content":{"rendered":"<p>Att\u012bro\u0161\u0101s putas ar dab\u012bg\u0101m un organisk\u0101m sast\u0101vda\u013c\u0101m ir piem\u0113rotas jut\u012bgas \u0101das att\u012br\u012b\u0161anai un dekorat\u012bv\u0101s kosm\u0113tikas no\u0146em\u0161anai. T\u0101s atst\u0101j \u0101du t\u012bru, maigu un mitrin\u0101tu.<\/p>\n<p>Organisk\u0101 alvejas sula ir bag\u0101ta ar vitam\u012bniem, aminosk\u0101b\u0113m, miner\u0101lviel\u0101m, polisahar\u012bdiem un fitonc\u012bdiem, kas stimul\u0113 \u0161\u016bnu atjauno\u0161anos epit\u0113lija l\u012bmen\u012b. Efekt\u012bvi mitrina un m\u012bkstina \u0101du.<\/p>\n<p>\u012apa\u0161ais mitrino\u0161ais komplekss atjauno \u0101das mitruma l\u012bmeni un uzlabo t\u0101s elast\u012bbu.<\/p>\n<p>Lieto\u0161ana: uzkl\u0101jiet uz mitras \u0101das, saputojiet un noskalojiet ar siltu \u016bdeni. Tikai \u0101r\u012bgai lieto\u0161anai.<\/p>\n","protected":false},"excerpt":{"rendered":"<p>Att\u012bro\u0161\u0101s putas ar dab\u012bg\u0101m un organisk\u0101m sast\u0101vda\u013c\u0101m ir piem\u0113rotas jut\u012bgas \u0101das att\u012br\u012b\u0161anai un dekorat\u012bv\u0101s kosm\u0113tikas no\u0146em\u0161anai. T\u0101s atst\u0101j \u0101du t\u012bru, maigu un mitrin\u0101tu. Organisk\u0101 alvejas sula ir bag\u0101ta ar vitam\u012bniem, aminosk\u0101b\u0113m, miner\u0101lviel\u0101m, polisahar\u012bdiem un fitonc\u012bdiem, kas stimul\u0113 \u0161\u016bnu atjauno\u0161anos epit\u0113lija l\u012bmen\u012b. Efekt\u012bvi mitrina un m\u012bkstina \u0101du. \u012apa\u0161ais mitrino\u0161ais komplekss atjauno \u0101das mitruma l\u012bmeni un uzlabo [&#8230;]\n","protected":false},"featured_media":93298,"template":"","meta":[],"product_cat":[1834],"product_tag":[],"class_list":{"0":"post-67432","1":"product","2":"type-product","3":"status-publish","4":"has-post-thumbnail","6":"product_brand-ecolab_cs","7":"product_cat-1834","9":"first","10":"outofstock","11":"taxable","12":"shipping-taxable","13":"product-type-simple"},"_links":{"self":[{"href":"https:\/\/e.kosmolat.eu\/lv\/wp-json\/wp\/v2\/product\/67432","targetHints":{"allow":["GET"]}}],"collection":[{"href":"https:\/\/e.kosmolat.eu\/lv\/wp-json\/wp\/v2\/product"}],"about":[{"href":"https:\/\/e.kosmolat.eu\/lv\/wp-json\/wp\/v2\/types\/product"}],"wp:featuredmedia":[{"embeddable":true,"href":"https:\/\/e.kosmolat.eu\/lv\/wp-json\/wp\/v2\/media\/93298"}],"wp:attachment":[{"href":"https:\/\/e.kosmolat.eu\/lv\/wp-json\/wp\/v2\/media?parent=67432"}],"wp:term":[{"taxonomy":"product_cat","embeddable":true,"href":"https:\/\/e.kosmolat.eu\/lv\/wp-json\/wp\/v2\/product_cat?post=67432"},{"taxonomy":"product_tag","embeddable":true,"href":"https:\/\/e.kosmolat.eu\/lv\/wp-json\/wp\/v2\/product_tag?post=67432"}],"curies":[{"name":"wp","href":"https:\/\/api.w.org\/{rel}","templated":true}]}}