{"id":67424,"date":"2025-04-28T05:21:09","date_gmt":"2025-04-28T05:21:09","guid":{"rendered":"https:\/\/e.kosmolat.eu\/product\/ecl-organic-aloe-vera-sejas-pilinga-zeleja-intens-mitrin-100-ml\/"},"modified":"2026-04-16T10:30:25","modified_gmt":"2026-04-16T10:30:25","slug":"ecl-organic-aloe-vera-sejas-pilinga-zeleja-intens-mitrin-100-ml","status":"publish","type":"product","link":"https:\/\/e.kosmolat.eu\/lv\/product\/ecl-organic-aloe-vera-sejas-pilinga-zeleja-intens-mitrin-100-ml\/","title":{"rendered":"ECL Organic Aloe Vera Sejas p\u012blinga \u017eeleja Intens. mitrin., 100 ml"},"content":{"rendered":"<p>Att\u012bro\u0161\u0101 p\u012blinga \u017eeleja uz dab\u012bgo un organisko sast\u0101vda\u013cu b\u0101zes nodro\u0161ina delik\u0101tu att\u012br\u012b\u0161anu un maigu eksfoli\u0113\u0161anu, izl\u012bdzina \u0101das toni, padarot to glud\u0101ku un mirdzo\u0161\u0101ku.<\/p>\n<p>Organisk\u0101 alvejas sula, ieg\u016bta tie\u0161i no auga, ir bag\u0101ta ar vitam\u012bniem, aminosk\u0101b\u0113m, miner\u0101lviel\u0101m, polisahar\u012bdiem un fitonc\u012bdiem, kas stimul\u0113 \u0161\u016bnu atjauno\u0161anos epidermas l\u012bmen\u012b. Efekt\u012bvi mitrina un m\u012bkstina \u0101du.<\/p>\n<p>Piensk\u0101be no\u0146em atmiru\u0161\u0101s \u0101das \u0161\u016bnas, stimul\u0113jot atjauno\u0161anos un pal\u012bdzot saglab\u0101t optim\u0101lu mitruma l\u012bmeni, mazinot sausuma saj\u016btu. Pantenols uzlabo \u0101das elast\u012bbu, mitrina un pie\u0161\u0137ir tai gludumu.<\/p>\n<p>Lieto\u0161ana: uzkl\u0101jiet uz mitras \u0101das, saputojiet, noskalojiet ar siltu \u016bdeni. Tikai \u0101r\u012bgai lieto\u0161anai.<\/p>\n","protected":false},"excerpt":{"rendered":"<p>Att\u012bro\u0161\u0101 p\u012blinga \u017eeleja uz dab\u012bgo un organisko sast\u0101vda\u013cu b\u0101zes nodro\u0161ina delik\u0101tu att\u012br\u012b\u0161anu un maigu eksfoli\u0113\u0161anu, izl\u012bdzina \u0101das toni, padarot to glud\u0101ku un mirdzo\u0161\u0101ku. Organisk\u0101 alvejas sula, ieg\u016bta tie\u0161i no auga, ir bag\u0101ta ar vitam\u012bniem, aminosk\u0101b\u0113m, miner\u0101lviel\u0101m, polisahar\u012bdiem un fitonc\u012bdiem, kas stimul\u0113 \u0161\u016bnu atjauno\u0161anos epidermas l\u012bmen\u012b. Efekt\u012bvi mitrina un m\u012bkstina \u0101du. Piensk\u0101be no\u0146em atmiru\u0161\u0101s \u0101das \u0161\u016bnas, [&#8230;]\n","protected":false},"featured_media":93294,"template":"","meta":[],"product_cat":[1575],"product_tag":[],"class_list":{"0":"post-67424","1":"product","2":"type-product","3":"status-publish","4":"has-post-thumbnail","6":"product_brand-ecolab_cs","7":"product_cat-zelejas","9":"first","10":"instock","11":"taxable","12":"shipping-taxable","13":"product-type-simple"},"_links":{"self":[{"href":"https:\/\/e.kosmolat.eu\/lv\/wp-json\/wp\/v2\/product\/67424","targetHints":{"allow":["GET"]}}],"collection":[{"href":"https:\/\/e.kosmolat.eu\/lv\/wp-json\/wp\/v2\/product"}],"about":[{"href":"https:\/\/e.kosmolat.eu\/lv\/wp-json\/wp\/v2\/types\/product"}],"wp:featuredmedia":[{"embeddable":true,"href":"https:\/\/e.kosmolat.eu\/lv\/wp-json\/wp\/v2\/media\/93294"}],"wp:attachment":[{"href":"https:\/\/e.kosmolat.eu\/lv\/wp-json\/wp\/v2\/media?parent=67424"}],"wp:term":[{"taxonomy":"product_cat","embeddable":true,"href":"https:\/\/e.kosmolat.eu\/lv\/wp-json\/wp\/v2\/product_cat?post=67424"},{"taxonomy":"product_tag","embeddable":true,"href":"https:\/\/e.kosmolat.eu\/lv\/wp-json\/wp\/v2\/product_tag?post=67424"}],"curies":[{"name":"wp","href":"https:\/\/api.w.org\/{rel}","templated":true}]}}