{"id":67416,"date":"2025-04-28T05:20:53","date_gmt":"2025-04-28T05:20:53","guid":{"rendered":"https:\/\/e.kosmolat.eu\/product\/ecl-organic-argana-attir-sejas-pienins-atjaunosana-un-barosana-250-ml\/"},"modified":"2026-04-20T11:16:32","modified_gmt":"2026-04-20T11:16:32","slug":"ecl-organic-argana-attir-sejas-pienins-atjaunosana-un-barosana-250-ml","status":"publish","type":"product","link":"https:\/\/e.kosmolat.eu\/lv\/product\/ecl-organic-argana-attir-sejas-pienins-atjaunosana-un-barosana-250-ml\/","title":{"rendered":"ECL Organic Argana Att\u012br. sejas pieni\u0146s Atjauno\u0161ana un baro\u0161ana, 250 ml"},"content":{"rendered":"<p>Papildus att\u012br\u012b\u0161anai pieni\u0146\u0161 mitrina, baro un m\u012bkstina sejas \u0101du, nov\u0113r\u0161 lob\u012b\u0161anos un sausumu.<\/p>\n<p>Sejas pieni\u0146\u0161 satur arg\u0101na e\u013c\u013cu, kas ir bag\u0101ta ar A un E vitam\u012bniem, antioksidantiem, tauksk\u0101b\u0113m un linolsk\u0101bi.<\/p>\n<p>Pateicoties \u0161\u012bm sast\u0101vda\u013c\u0101m, uzlabojas \u0101das vesel\u012bba, t\u0101 k\u013c\u016bst elast\u012bg\u0101ka, un smalk\u0101s l\u012bnijas k\u013c\u016bst maz\u0101k paman\u0101mas.<br \/>\nAminosk\u0101bes veicina \u0161\u016bnu atjauno\u0161anos, mitrina \u0101du un nodro\u0161ina antioksidantu aizsardz\u012bbu.<\/p>\n<p>Lieto\u0161ana: Uzkl\u0101jiet uz mitras \u0101das, saputojiet un noskalojiet ar siltu \u016bdeni. Tikai \u0101r\u012bgai lieto\u0161anai.<\/p>\n","protected":false},"excerpt":{"rendered":"<p>Papildus att\u012br\u012b\u0161anai pieni\u0146\u0161 mitrina, baro un m\u012bkstina sejas \u0101du, nov\u0113r\u0161 lob\u012b\u0161anos un sausumu. Sejas pieni\u0146\u0161 satur arg\u0101na e\u013c\u013cu, kas ir bag\u0101ta ar A un E vitam\u012bniem, antioksidantiem, tauksk\u0101b\u0113m un linolsk\u0101bi. Pateicoties \u0161\u012bm sast\u0101vda\u013c\u0101m, uzlabojas \u0101das vesel\u012bba, t\u0101 k\u013c\u016bst elast\u012bg\u0101ka, un smalk\u0101s l\u012bnijas k\u013c\u016bst maz\u0101k paman\u0101mas. Aminosk\u0101bes veicina \u0161\u016bnu atjauno\u0161anos, mitrina \u0101du un nodro\u0161ina antioksidantu aizsardz\u012bbu. [&#8230;]\n","protected":false},"featured_media":93290,"template":"","meta":[],"product_cat":[1572],"product_tag":[],"class_list":{"0":"post-67416","1":"product","2":"type-product","3":"status-publish","4":"has-post-thumbnail","6":"product_brand-ecolab_cs","7":"product_cat-pienini-un-ellas","9":"first","10":"outofstock","11":"taxable","12":"shipping-taxable","13":"product-type-simple"},"_links":{"self":[{"href":"https:\/\/e.kosmolat.eu\/lv\/wp-json\/wp\/v2\/product\/67416","targetHints":{"allow":["GET"]}}],"collection":[{"href":"https:\/\/e.kosmolat.eu\/lv\/wp-json\/wp\/v2\/product"}],"about":[{"href":"https:\/\/e.kosmolat.eu\/lv\/wp-json\/wp\/v2\/types\/product"}],"wp:featuredmedia":[{"embeddable":true,"href":"https:\/\/e.kosmolat.eu\/lv\/wp-json\/wp\/v2\/media\/93290"}],"wp:attachment":[{"href":"https:\/\/e.kosmolat.eu\/lv\/wp-json\/wp\/v2\/media?parent=67416"}],"wp:term":[{"taxonomy":"product_cat","embeddable":true,"href":"https:\/\/e.kosmolat.eu\/lv\/wp-json\/wp\/v2\/product_cat?post=67416"},{"taxonomy":"product_tag","embeddable":true,"href":"https:\/\/e.kosmolat.eu\/lv\/wp-json\/wp\/v2\/product_tag?post=67416"}],"curies":[{"name":"wp","href":"https:\/\/api.w.org\/{rel}","templated":true}]}}