{"id":67408,"date":"2025-04-28T05:20:37","date_gmt":"2025-04-28T05:20:37","guid":{"rendered":"https:\/\/e.kosmolat.eu\/product\/eclp-attirosa-sejas-zeleja-visiem-adas-tip-150-ml\/"},"modified":"2026-04-08T06:32:42","modified_gmt":"2026-04-08T06:32:42","slug":"eclp-attirosa-sejas-zeleja-visiem-adas-tip-150-ml","status":"publish","type":"product","link":"https:\/\/e.kosmolat.eu\/lv\/product\/eclp-attirosa-sejas-zeleja-visiem-adas-tip-150-ml\/","title":{"rendered":"ECLP Att\u012bro\u0161\u0101 sejas \u017eeleja visiem \u0101das tip., 150 ml"},"content":{"rendered":"<p>Att\u012bro\u0161\u0101 \u017eeleja ECOLATIER\u00ae POWER nodro\u0161ina r\u016bp\u012bgu un saudz\u012bgu sejas \u0101das att\u012br\u012b\u0161anu. T\u0101 mitrina, m\u012bkstina, nomierina un toniz\u0113 \u0101du, pie\u0161\u0137irot tai maigumu un komforta saj\u016btu. Lieliski piem\u0113rota ikdienas lieto\u0161anai.<\/p>\n<p>Akt\u012bv\u0101s sast\u0101vda\u013cas: bazilika ekstraktam piem\u012bt pretiekaisuma, m\u012bkstino\u0161a un toniz\u0113jo\u0161a iedarb\u012bba. Ol\u012bve\u013c\u013cas un provitam\u012bna B5 kombin\u0101cijai ir nomierino\u0161a un mitrino\u0161a iedarb\u012bba. Dab\u012bgais prebioti\u0137is (inul\u012bns) uzlabo \u0101das aizsargfunkcijas un pal\u012bdz atjaunot t\u0101s dabisko pH l\u012bmeni.<\/p>\n<p>Lieto\u0161ana: uzkl\u0101jiet uz mitras \u0101das, saputojiet un noskalojiet ar siltu \u016bdeni. Tikai \u0101r\u012bgai lieto\u0161anai.<\/p>\n","protected":false},"excerpt":{"rendered":"<p>Att\u012bro\u0161\u0101 \u017eeleja ECOLATIER\u00ae POWER nodro\u0161ina r\u016bp\u012bgu un saudz\u012bgu sejas \u0101das att\u012br\u012b\u0161anu. T\u0101 mitrina, m\u012bkstina, nomierina un toniz\u0113 \u0101du, pie\u0161\u0137irot tai maigumu un komforta saj\u016btu. Lieliski piem\u0113rota ikdienas lieto\u0161anai. Akt\u012bv\u0101s sast\u0101vda\u013cas: bazilika ekstraktam piem\u012bt pretiekaisuma, m\u012bkstino\u0161a un toniz\u0113jo\u0161a iedarb\u012bba. Ol\u012bve\u013c\u013cas un provitam\u012bna B5 kombin\u0101cijai ir nomierino\u0161a un mitrino\u0161a iedarb\u012bba. Dab\u012bgais prebioti\u0137is (inul\u012bns) uzlabo \u0101das aizsargfunkcijas un [&#8230;]\n","protected":false},"featured_media":93286,"template":"","meta":[],"product_cat":[1575],"product_tag":[],"class_list":{"0":"post-67408","1":"product","2":"type-product","3":"status-publish","4":"has-post-thumbnail","6":"product_brand-ecolab_cs","7":"product_cat-zelejas","9":"first","10":"instock","11":"taxable","12":"shipping-taxable","13":"product-type-simple"},"_links":{"self":[{"href":"https:\/\/e.kosmolat.eu\/lv\/wp-json\/wp\/v2\/product\/67408","targetHints":{"allow":["GET"]}}],"collection":[{"href":"https:\/\/e.kosmolat.eu\/lv\/wp-json\/wp\/v2\/product"}],"about":[{"href":"https:\/\/e.kosmolat.eu\/lv\/wp-json\/wp\/v2\/types\/product"}],"wp:featuredmedia":[{"embeddable":true,"href":"https:\/\/e.kosmolat.eu\/lv\/wp-json\/wp\/v2\/media\/93286"}],"wp:attachment":[{"href":"https:\/\/e.kosmolat.eu\/lv\/wp-json\/wp\/v2\/media?parent=67408"}],"wp:term":[{"taxonomy":"product_cat","embeddable":true,"href":"https:\/\/e.kosmolat.eu\/lv\/wp-json\/wp\/v2\/product_cat?post=67408"},{"taxonomy":"product_tag","embeddable":true,"href":"https:\/\/e.kosmolat.eu\/lv\/wp-json\/wp\/v2\/product_tag?post=67408"}],"curies":[{"name":"wp","href":"https:\/\/api.w.org\/{rel}","templated":true}]}}