{"id":67400,"date":"2025-04-28T05:19:32","date_gmt":"2025-04-28T05:19:32","guid":{"rendered":"https:\/\/e.kosmolat.eu\/product\/eclp-putojoss-skus-krems-gludai-adai-150-ml\/"},"modified":"2026-01-14T13:19:15","modified_gmt":"2026-01-14T13:19:15","slug":"eclp-putojoss-skus-krems-gludai-adai-150-ml","status":"publish","type":"product","link":"https:\/\/e.kosmolat.eu\/lv\/product\/eclp-putojoss-skus-krems-gludai-adai-150-ml\/","title":{"rendered":"ECLP Putojo\u0161s sk\u016b\u0161. kr\u0113ms gludai \u0101dai, 150 ml"},"content":{"rendered":"<p>ECOLATIER\u00ae POWER putojo\u0161s sk\u016b\u0161an\u0101s kr\u0113ms ir \u012bpa\u0161i izstr\u0101d\u0101ts gludai un \u0113rtai sk\u016b\u0161anai. Sast\u0101v\u0101 eso\u0161ie komponenti efekt\u012bvi mitrina, baro un pal\u012bdz nov\u0113rst kairin\u0101jumu, padarot \u0101du maigu, elast\u012bgu un gludu. Pateicoties kr\u0113mveida tekst\u016brai, putas viegli uzkl\u0101jas, aizsarg\u0101 \u0101du un nodro\u0161ina ide\u0101lu skuvek\u013ca sl\u012bd\u0113\u0161anu.<\/p>\n<p>Akt\u012bv\u0101s sast\u0101vda\u013cas: avokado e\u013c\u013cai piem\u012bt m\u012bkstino\u0161a un barojo\u0161a iedarb\u012bba, k\u0101 ar\u012b t\u0101 uzlabo \u0101das aizsargbarjeru. Burvjulazdas ekstrakts atjauno un nomierina \u0101du, padarot to elast\u012bg\u0101ku. F vitam\u012bns baro un aizsarg\u0101 \u0101du no negat\u012bv\u0101s apk\u0101rt\u0113j\u0101s vides ietekmes, pal\u012bdzot saglab\u0101t t\u0101s tvirtumu un elast\u012bbu.<\/p>\n<p>Lieto\u0161ana: uzkl\u0101jiet kr\u0113mu uz mitras \u0101das, noskujieties un noskalojiet ar siltu \u016bdeni. Tikai \u0101r\u012bgai lieto\u0161anai.<\/p>\n","protected":false},"excerpt":{"rendered":"<p>ECOLATIER\u00ae POWER putojo\u0161s sk\u016b\u0161an\u0101s kr\u0113ms ir \u012bpa\u0161i izstr\u0101d\u0101ts gludai un \u0113rtai sk\u016b\u0161anai. Sast\u0101v\u0101 eso\u0161ie komponenti efekt\u012bvi mitrina, baro un pal\u012bdz nov\u0113rst kairin\u0101jumu, padarot \u0101du maigu, elast\u012bgu un gludu. Pateicoties kr\u0113mveida tekst\u016brai, putas viegli uzkl\u0101jas, aizsarg\u0101 \u0101du un nodro\u0161ina ide\u0101lu skuvek\u013ca sl\u012bd\u0113\u0161anu. Akt\u012bv\u0101s sast\u0101vda\u013cas: avokado e\u013c\u013cai piem\u012bt m\u012bkstino\u0161a un barojo\u0161a iedarb\u012bba, k\u0101 ar\u012b t\u0101 uzlabo \u0101das [&#8230;]\n","protected":false},"featured_media":93282,"template":"","meta":[],"product_cat":[1680],"product_tag":[],"class_list":{"0":"post-67400","1":"product","2":"type-product","3":"status-publish","4":"has-post-thumbnail","6":"product_brand-ecolab_cs","7":"product_cat-skusanas-kosmetika","9":"first","10":"instock","11":"taxable","12":"shipping-taxable","13":"product-type-simple"},"_links":{"self":[{"href":"https:\/\/e.kosmolat.eu\/lv\/wp-json\/wp\/v2\/product\/67400","targetHints":{"allow":["GET"]}}],"collection":[{"href":"https:\/\/e.kosmolat.eu\/lv\/wp-json\/wp\/v2\/product"}],"about":[{"href":"https:\/\/e.kosmolat.eu\/lv\/wp-json\/wp\/v2\/types\/product"}],"wp:featuredmedia":[{"embeddable":true,"href":"https:\/\/e.kosmolat.eu\/lv\/wp-json\/wp\/v2\/media\/93282"}],"wp:attachment":[{"href":"https:\/\/e.kosmolat.eu\/lv\/wp-json\/wp\/v2\/media?parent=67400"}],"wp:term":[{"taxonomy":"product_cat","embeddable":true,"href":"https:\/\/e.kosmolat.eu\/lv\/wp-json\/wp\/v2\/product_cat?post=67400"},{"taxonomy":"product_tag","embeddable":true,"href":"https:\/\/e.kosmolat.eu\/lv\/wp-json\/wp\/v2\/product_tag?post=67400"}],"curies":[{"name":"wp","href":"https:\/\/api.w.org\/{rel}","templated":true}]}}