{"id":67392,"date":"2025-04-28T05:19:11","date_gmt":"2025-04-28T05:19:11","guid":{"rendered":"https:\/\/e.kosmolat.eu\/product\/eclp-skusanas-balz-perfect-glide-150-ml\/"},"modified":"2026-04-13T14:57:46","modified_gmt":"2026-04-13T14:57:46","slug":"eclp-skusanas-balz-perfect-glide-150-ml","status":"publish","type":"product","link":"https:\/\/e.kosmolat.eu\/lv\/product\/eclp-skusanas-balz-perfect-glide-150-ml\/","title":{"rendered":"ECLP Sk\u016b\u0161an\u0101s balz. Perfect Glide, 150 ml"},"content":{"rendered":"<p>Sk\u016b\u0161an\u0101s balzams Perfect Glide ECOLATIER\u00ae POWER \u013cauj skuveklim viegli sl\u012bd\u0113t pa \u0101du, padarot sk\u016b\u0161anos gludu un \u0113rtu. Maigi kopj \u0101du sk\u016b\u0161an\u0101s laik\u0101, nov\u0113r\u0161ot kairin\u0101jumu un aps\u0101rtumu. Balzama sast\u0101v\u0101 ir \u0161\u012b sviests un argana e\u013c\u013ca, kas atjauno, nomierina, m\u012bkstina un mitrina \u0101du, padarot to gludu un maigu.<\/p>\n<p>Akt\u012bv\u0101s sast\u0101vda\u013cas: \u0161\u012b sviests atjauno un m\u012bkstina \u0101du, uzlabojot t\u0101s aizsargfunkcijas. Arg\u0101na e\u013c\u013cai piem\u012bt mitrino\u0161a, aizsarg\u0101jo\u0161a un nomierino\u0161a iedarb\u012bba.<\/p>\n<p>Lieto\u0161ana: uzkl\u0101jiet balzamu uz mitras \u0101das. Noskujieties, p\u0113c tam noskalojiet ar siltu \u016bdeni. Tikai \u0101r\u012bgai lieto\u0161anai.<\/p>\n","protected":false},"excerpt":{"rendered":"<p>Sk\u016b\u0161an\u0101s balzams Perfect Glide ECOLATIER\u00ae POWER \u013cauj skuveklim viegli sl\u012bd\u0113t pa \u0101du, padarot sk\u016b\u0161anos gludu un \u0113rtu. Maigi kopj \u0101du sk\u016b\u0161an\u0101s laik\u0101, nov\u0113r\u0161ot kairin\u0101jumu un aps\u0101rtumu. Balzama sast\u0101v\u0101 ir \u0161\u012b sviests un argana e\u013c\u013ca, kas atjauno, nomierina, m\u012bkstina un mitrina \u0101du, padarot to gludu un maigu. Akt\u012bv\u0101s sast\u0101vda\u013cas: \u0161\u012b sviests atjauno un m\u012bkstina \u0101du, uzlabojot [&#8230;]\n","protected":false},"featured_media":93278,"template":"","meta":[],"product_cat":[1680],"product_tag":[],"class_list":{"0":"post-67392","1":"product","2":"type-product","3":"status-publish","4":"has-post-thumbnail","6":"product_brand-ecolab_cs","7":"product_cat-skusanas-kosmetika","9":"first","10":"instock","11":"taxable","12":"shipping-taxable","13":"product-type-simple"},"_links":{"self":[{"href":"https:\/\/e.kosmolat.eu\/lv\/wp-json\/wp\/v2\/product\/67392","targetHints":{"allow":["GET"]}}],"collection":[{"href":"https:\/\/e.kosmolat.eu\/lv\/wp-json\/wp\/v2\/product"}],"about":[{"href":"https:\/\/e.kosmolat.eu\/lv\/wp-json\/wp\/v2\/types\/product"}],"wp:featuredmedia":[{"embeddable":true,"href":"https:\/\/e.kosmolat.eu\/lv\/wp-json\/wp\/v2\/media\/93278"}],"wp:attachment":[{"href":"https:\/\/e.kosmolat.eu\/lv\/wp-json\/wp\/v2\/media?parent=67392"}],"wp:term":[{"taxonomy":"product_cat","embeddable":true,"href":"https:\/\/e.kosmolat.eu\/lv\/wp-json\/wp\/v2\/product_cat?post=67392"},{"taxonomy":"product_tag","embeddable":true,"href":"https:\/\/e.kosmolat.eu\/lv\/wp-json\/wp\/v2\/product_tag?post=67392"}],"curies":[{"name":"wp","href":"https:\/\/api.w.org\/{rel}","templated":true}]}}