{"id":67384,"date":"2025-04-28T05:18:54","date_gmt":"2025-04-28T05:18:54","guid":{"rendered":"https:\/\/e.kosmolat.eu\/product\/eclp-mitrinoss-balz-pec-skus-100-ml\/"},"modified":"2026-04-14T15:58:10","modified_gmt":"2026-04-14T15:58:10","slug":"eclp-mitrinoss-balz-pec-skus-100-ml","status":"publish","type":"product","link":"https:\/\/e.kosmolat.eu\/lv\/product\/eclp-mitrinoss-balz-pec-skus-100-ml\/","title":{"rendered":"ECLP Mitrino\u0161s balz. p\u0113c sk\u016b\u0161, 100 ml"},"content":{"rendered":"<p>Mitrino\u0161s balzams p\u0113c sk\u016b\u0161an\u0101s ECOLATIER\u00ae POWER acumirkl\u012b nomierina un atjauno \u0101du, nov\u0113r\u0161 sausuma un savilkuma saj\u016btu. Intens\u012bvi mitrina un m\u012bkstina \u0101du. Viegl\u0101 tekst\u016bra \u0101tri ies\u016bcas, atst\u0101jot pat\u012bkamu arom\u0101tu, svaiguma un komforta saj\u016btu.<\/p>\n<p>Akt\u012bv\u0101s sast\u0101vda\u013cas: Cipreses e\u013c\u013cai piem\u012bt nomierino\u0161a un atjaunojo\u0161a iedarb\u012bba. E vitam\u012bns mitrina, m\u012bkstina un baro \u0101du. Bergamotes ekstrakts toniz\u0113 un atsvaidzina \u0101du.<\/p>\n<p>Lieto\u0161ana: uzkl\u0101jiet balzamu uz t\u012bras, sausas \u0101das p\u0113c sk\u016b\u0161an\u0101s un maigi iemas\u0113jiet, l\u012bdz tas piln\u012bb\u0101 uzs\u016bcas. Tikai \u0101r\u012bgai lieto\u0161anai.<\/p>\n","protected":false},"excerpt":{"rendered":"<p>Mitrino\u0161s balzams p\u0113c sk\u016b\u0161an\u0101s ECOLATIER\u00ae POWER acumirkl\u012b nomierina un atjauno \u0101du, nov\u0113r\u0161 sausuma un savilkuma saj\u016btu. Intens\u012bvi mitrina un m\u012bkstina \u0101du. Viegl\u0101 tekst\u016bra \u0101tri ies\u016bcas, atst\u0101jot pat\u012bkamu arom\u0101tu, svaiguma un komforta saj\u016btu. Akt\u012bv\u0101s sast\u0101vda\u013cas: Cipreses e\u013c\u013cai piem\u012bt nomierino\u0161a un atjaunojo\u0161a iedarb\u012bba. E vitam\u012bns mitrina, m\u012bkstina un baro \u0101du. Bergamotes ekstrakts toniz\u0113 un atsvaidzina \u0101du. Lieto\u0161ana: [&#8230;]\n","protected":false},"featured_media":93274,"template":"","meta":[],"product_cat":[1680],"product_tag":[],"class_list":{"0":"post-67384","1":"product","2":"type-product","3":"status-publish","4":"has-post-thumbnail","6":"product_brand-ecolab_cs","7":"product_cat-skusanas-kosmetika","9":"first","10":"instock","11":"taxable","12":"shipping-taxable","13":"product-type-simple"},"_links":{"self":[{"href":"https:\/\/e.kosmolat.eu\/lv\/wp-json\/wp\/v2\/product\/67384","targetHints":{"allow":["GET"]}}],"collection":[{"href":"https:\/\/e.kosmolat.eu\/lv\/wp-json\/wp\/v2\/product"}],"about":[{"href":"https:\/\/e.kosmolat.eu\/lv\/wp-json\/wp\/v2\/types\/product"}],"wp:featuredmedia":[{"embeddable":true,"href":"https:\/\/e.kosmolat.eu\/lv\/wp-json\/wp\/v2\/media\/93274"}],"wp:attachment":[{"href":"https:\/\/e.kosmolat.eu\/lv\/wp-json\/wp\/v2\/media?parent=67384"}],"wp:term":[{"taxonomy":"product_cat","embeddable":true,"href":"https:\/\/e.kosmolat.eu\/lv\/wp-json\/wp\/v2\/product_cat?post=67384"},{"taxonomy":"product_tag","embeddable":true,"href":"https:\/\/e.kosmolat.eu\/lv\/wp-json\/wp\/v2\/product_tag?post=67384"}],"curies":[{"name":"wp","href":"https:\/\/api.w.org\/{rel}","templated":true}]}}